{"id":28839,"date":"2021-10-08T12:10:49","date_gmt":"2021-10-08T09:10:49","guid":{"rendered":"https:\/\/ddt.lv\/lv\/product\/f13w-129-t5-luminiscenta-spuldze-sylvania\/"},"modified":"2026-04-14T15:45:27","modified_gmt":"2026-04-14T12:45:27","slug":"f13w-129-t5-luminiscenta-spuldze-sylvania","status":"publish","type":"product","link":"https:\/\/ddt.lv\/lv\/product\/f13w-129-t5-luminiscenta-spuldze-sylvania\/","title":{"rendered":"F13W\/129 T5 luminiscent\u0101 spuldze Sylvania"},"content":{"rendered":"<p>Sylvania T5 F13W\/29-530 G5 Luxline Standard Warm White ir dienasgaismas spuldze ar diametru 16 mm. Mazas un \u012bpa\u0161i smalkas lampas ir lieliski piel\u0101gotas maziem apgaismes \u0137erme\u0146iem. Vi\u0146iem ir ar\u012b G5 ligzda. Sylvania T5 F13W\/29-530 G5 Luxline Standard Warm White izplata siltu gaismu ar 3000K kr\u0101su temperat\u016bru. Kr\u0101su atveido\u0161anas indekss ir sal\u012bdzino\u0161i zems, liel\u0101ks par 50Ra. Turkl\u0101t to energomar\u0137\u0113jumi ir klasific\u0113ti B klas\u0113, t\u0101p\u0113c tie ir energoefekt\u012bvi.<\/p>\n<p>Garums (mm) 520.<br \/>\nDiametrs (mm) 16.<br \/>\nForma T5.<\/p>","protected":false},"excerpt":{"rendered":"<p>Sylvania T5 F13W\/29-530 G5 Luxline Standard Warm White ir dienasgaismas spuldze ar diametru 16 mm. Mazas un \u012bpa\u0161i smalkas lampas ir lieliski piel\u0101gotas maziem apgaismes \u0137erme\u0146iem. Vi\u0146iem ir ar\u012b G5 ligzda. Sylvania T5 F13W\/29-530 G5 Luxline Standard Warm White izplata siltu gaismu ar 3000K kr\u0101su temperat\u016bru. Kr\u0101su atveido\u0161anas indekss ir sal\u012bdzino\u0161i zems, liel\u0101ks par 50Ra. [&hellip;]<\/p>\n","protected":false},"featured_media":28863,"comment_status":"closed","ping_status":"closed","template":"","meta":{"inline_featured_image":false},"product_cat":[860],"product_tag":[],"yst_prominent_words":[],"class_list":{"0":"post-28839","1":"product","2":"type-product","3":"status-publish","4":"has-post-thumbnail","6":"product_cat-t5-spuldzes-luminiscentas-spuldzes-spuldzes","8":"first","9":"outofstock","10":"taxable","11":"shipping-taxable","12":"purchasable","13":"product-type-simple"},"jetpack_sharing_enabled":true,"_links":{"self":[{"href":"https:\/\/ddt.lv\/lv\/wp-json\/wp\/v2\/product\/28839"}],"collection":[{"href":"https:\/\/ddt.lv\/lv\/wp-json\/wp\/v2\/product"}],"about":[{"href":"https:\/\/ddt.lv\/lv\/wp-json\/wp\/v2\/types\/product"}],"replies":[{"embeddable":true,"href":"https:\/\/ddt.lv\/lv\/wp-json\/wp\/v2\/comments?post=28839"}],"wp:featuredmedia":[{"embeddable":true,"href":"https:\/\/ddt.lv\/lv\/wp-json\/wp\/v2\/media\/28863"}],"wp:attachment":[{"href":"https:\/\/ddt.lv\/lv\/wp-json\/wp\/v2\/media?parent=28839"}],"wp:term":[{"taxonomy":"product_cat","embeddable":true,"href":"https:\/\/ddt.lv\/lv\/wp-json\/wp\/v2\/product_cat?post=28839"},{"taxonomy":"product_tag","embeddable":true,"href":"https:\/\/ddt.lv\/lv\/wp-json\/wp\/v2\/product_tag?post=28839"},{"taxonomy":"yst_prominent_words","embeddable":true,"href":"https:\/\/ddt.lv\/lv\/wp-json\/wp\/v2\/yst_prominent_words?post=28839"}],"curies":[{"name":"wp","href":"https:\/\/api.w.org\/{rel}","templated":true}]}}