{"id":28837,"date":"2021-10-08T12:10:48","date_gmt":"2021-10-08T09:10:48","guid":{"rendered":"https:\/\/ddt.lv\/lv\/product\/normal-100w-e27-sudrabs-spuldze-sylvania\/"},"modified":"2026-04-08T14:26:12","modified_gmt":"2026-04-08T11:26:12","slug":"normal-100w-e27-sudrabs-spuldze-sylvania","status":"publish","type":"product","link":"https:\/\/ddt.lv\/lv\/product\/normal-100w-e27-sudrabs-spuldze-sylvania\/","title":{"rendered":"Normal 100W E27 sudrabs spuldze Sylvania"},"content":{"rendered":"<p>Kr\u0101su temperat\u016bra (K), 2500. Gai\u0161a kr\u0101sa, Homelight. CRI (Ra), 100. Jauda (W), 100. Vid\u0113jais kalpo\u0161anas laiks (nomin\u0101lais) (h), 1000.<\/p>","protected":false},"excerpt":{"rendered":"<p>Kr\u0101su temperat\u016bra (K), 2500. Gai\u0161a kr\u0101sa, Homelight. CRI (Ra), 100. Jauda (W), 100. Vid\u0113jais kalpo\u0161anas laiks (nomin\u0101lais) (h), 1000.<\/p>\n","protected":false},"featured_media":28875,"comment_status":"closed","ping_status":"closed","template":"","meta":{"inline_featured_image":false},"product_cat":[772,876],"product_tag":[],"yst_prominent_words":[],"class_list":{"0":"post-28837","1":"product","2":"type-product","3":"status-publish","4":"has-post-thumbnail","6":"product_cat-atlaides","7":"product_cat-dekorativas-kvelspuldzes","9":"first","10":"outofstock","11":"sale","12":"taxable","13":"shipping-taxable","14":"purchasable","15":"product-type-simple"},"jetpack_sharing_enabled":true,"_links":{"self":[{"href":"https:\/\/ddt.lv\/lv\/wp-json\/wp\/v2\/product\/28837"}],"collection":[{"href":"https:\/\/ddt.lv\/lv\/wp-json\/wp\/v2\/product"}],"about":[{"href":"https:\/\/ddt.lv\/lv\/wp-json\/wp\/v2\/types\/product"}],"replies":[{"embeddable":true,"href":"https:\/\/ddt.lv\/lv\/wp-json\/wp\/v2\/comments?post=28837"}],"wp:featuredmedia":[{"embeddable":true,"href":"https:\/\/ddt.lv\/lv\/wp-json\/wp\/v2\/media\/28875"}],"wp:attachment":[{"href":"https:\/\/ddt.lv\/lv\/wp-json\/wp\/v2\/media?parent=28837"}],"wp:term":[{"taxonomy":"product_cat","embeddable":true,"href":"https:\/\/ddt.lv\/lv\/wp-json\/wp\/v2\/product_cat?post=28837"},{"taxonomy":"product_tag","embeddable":true,"href":"https:\/\/ddt.lv\/lv\/wp-json\/wp\/v2\/product_tag?post=28837"},{"taxonomy":"yst_prominent_words","embeddable":true,"href":"https:\/\/ddt.lv\/lv\/wp-json\/wp\/v2\/yst_prominent_words?post=28837"}],"curies":[{"name":"wp","href":"https:\/\/api.w.org\/{rel}","templated":true}]}}