{"id":28836,"date":"2021-10-08T12:10:48","date_gmt":"2021-10-08T09:10:48","guid":{"rendered":"https:\/\/ddt.lv\/lv\/product\/tropfen-40w-e14-backofen-300c-satin-spuldze-sylvania\/"},"modified":"2026-04-08T14:26:03","modified_gmt":"2026-04-08T11:26:03","slug":"tropfen-40w-e14-backofen-300c-satin-spuldze-sylvania","status":"publish","type":"product","link":"https:\/\/ddt.lv\/lv\/product\/tropfen-40w-e14-backofen-300c-clear-spuldze-sylvania\/","title":{"rendered":"Tropfen 40W E14 backofen 300C CLEAR spuldze Sylvania"},"content":{"rendered":"<p>Lampas forma: P45.<br \/>\nJauda: 40W.<br \/>\nB\u0101ze: E14.<br \/>\nSpriegums: 240 V.<br \/>\nGaismas pl\u016bsma: 330lm.<br \/>\nVersija: caursp\u012bd\u012bga.<br \/>\nVid\u0113jais m\u016b\u017es: 1000 h.<\/p>\n<p>Energoefektivit\u0101te: E.<\/p>\n<p>\u012apa\u0161u pas\u0101kumu d\u0113\u013c ir pie\u013caujama nep\u0101rtraukta darb\u012bba l\u012bdz 300\u00b0C b\u0101zes un spuldzes temperat\u016brai.<\/p>\n<p>Pielietojums: kr\u0101snis, pl\u012btis, grili, r\u016bpniecisk\u0101s kr\u0101snis, katlu sist\u0113mas.<\/p>","protected":false},"excerpt":{"rendered":"<p>Lampas forma: P45. Jauda: 40W. B\u0101ze: E14. Spriegums: 240 V. Gaismas pl\u016bsma: 330lm. Versija: caursp\u012bd\u012bga. Vid\u0113jais m\u016b\u017es: 1000 h. Energoefektivit\u0101te: E. \u012apa\u0161u pas\u0101kumu d\u0113\u013c ir pie\u013caujama nep\u0101rtraukta darb\u012bba l\u012bdz 300\u00b0C b\u0101zes un spuldzes temperat\u016brai. Pielietojums: kr\u0101snis, pl\u012btis, grili, r\u016bpniecisk\u0101s kr\u0101snis, katlu sist\u0113mas.<\/p>\n","protected":false},"featured_media":33515,"comment_status":"closed","ping_status":"closed","template":"","meta":{"inline_featured_image":false},"product_cat":[856],"product_tag":[],"yst_prominent_words":[],"class_list":{"0":"post-28836","1":"product","2":"type-product","3":"status-publish","4":"has-post-thumbnail","6":"product_cat-spec-pielietojuma-kvelspuldzes-spuldzes","8":"first","9":"outofstock","10":"taxable","11":"shipping-taxable","12":"purchasable","13":"product-type-simple"},"jetpack_sharing_enabled":true,"_links":{"self":[{"href":"https:\/\/ddt.lv\/lv\/wp-json\/wp\/v2\/product\/28836"}],"collection":[{"href":"https:\/\/ddt.lv\/lv\/wp-json\/wp\/v2\/product"}],"about":[{"href":"https:\/\/ddt.lv\/lv\/wp-json\/wp\/v2\/types\/product"}],"replies":[{"embeddable":true,"href":"https:\/\/ddt.lv\/lv\/wp-json\/wp\/v2\/comments?post=28836"}],"wp:featuredmedia":[{"embeddable":true,"href":"https:\/\/ddt.lv\/lv\/wp-json\/wp\/v2\/media\/33515"}],"wp:attachment":[{"href":"https:\/\/ddt.lv\/lv\/wp-json\/wp\/v2\/media?parent=28836"}],"wp:term":[{"taxonomy":"product_cat","embeddable":true,"href":"https:\/\/ddt.lv\/lv\/wp-json\/wp\/v2\/product_cat?post=28836"},{"taxonomy":"product_tag","embeddable":true,"href":"https:\/\/ddt.lv\/lv\/wp-json\/wp\/v2\/product_tag?post=28836"},{"taxonomy":"yst_prominent_words","embeddable":true,"href":"https:\/\/ddt.lv\/lv\/wp-json\/wp\/v2\/yst_prominent_words?post=28836"}],"curies":[{"name":"wp","href":"https:\/\/api.w.org\/{rel}","templated":true}]}}