{"id":28834,"date":"2021-10-08T12:00:17","date_gmt":"2021-10-08T09:00:17","guid":{"rendered":"https:\/\/ddt.lv\/lv\/product\/28834\/"},"modified":"2026-04-13T10:00:44","modified_gmt":"2026-04-13T07:00:44","slug":"28834","status":"publish","type":"product","link":"https:\/\/ddt.lv\/lv\/product\/start-bulkhead-led-ip65-oval-3k-1825lm-balts-333x223x78mm-gaismeklis-sylvania\/","title":{"rendered":"START BULKHEAD LED IP65 OVAL 3K 1825LM balts 333x223x78mm gaismeklis Sylvania"},"content":{"rendered":"<p>LED gaismeklis \u0101rtelp\u0101m, ov\u0101la, komplekt\u0101 ar 2 m kabeli, balts polikarbon\u0101ta korpuss, 1830LM, 23W, 80lm\/W, 3000K, baro\u0161anas str\u0101va 135mA, CRI80,, neregul\u0113jamsa, IP65, IK08, 25000h (L70), (GxPxD) 333x223x78mm.<\/p>\n<p><\/p>","protected":false},"excerpt":{"rendered":"<p>LED gaismeklis \u0101rtelp\u0101m, ov\u0101la, komplekt\u0101 ar 2 m kabeli, balts polikarbon\u0101ta korpuss, 1830LM, 23W, 80lm\/W, 3000K, baro\u0161anas str\u0101va 135mA, CRI80,, neregul\u0113jamsa, IP65, IK08, 25000h (L70), (GxPxD) 333x223x78mm.<\/p>\n","protected":false},"featured_media":28877,"comment_status":"closed","ping_status":"closed","template":"","meta":{"inline_featured_image":false},"product_cat":[904],"product_tag":[],"yst_prominent_words":[],"class_list":{"0":"post-28834","1":"product","2":"type-product","3":"status-publish","4":"has-post-thumbnail","6":"product_cat-led-batten-tipa-gaismekli","8":"first","9":"instock","10":"taxable","11":"shipping-taxable","12":"purchasable","13":"product-type-simple"},"jetpack_sharing_enabled":true,"_links":{"self":[{"href":"https:\/\/ddt.lv\/lv\/wp-json\/wp\/v2\/product\/28834"}],"collection":[{"href":"https:\/\/ddt.lv\/lv\/wp-json\/wp\/v2\/product"}],"about":[{"href":"https:\/\/ddt.lv\/lv\/wp-json\/wp\/v2\/types\/product"}],"replies":[{"embeddable":true,"href":"https:\/\/ddt.lv\/lv\/wp-json\/wp\/v2\/comments?post=28834"}],"wp:featuredmedia":[{"embeddable":true,"href":"https:\/\/ddt.lv\/lv\/wp-json\/wp\/v2\/media\/28877"}],"wp:attachment":[{"href":"https:\/\/ddt.lv\/lv\/wp-json\/wp\/v2\/media?parent=28834"}],"wp:term":[{"taxonomy":"product_cat","embeddable":true,"href":"https:\/\/ddt.lv\/lv\/wp-json\/wp\/v2\/product_cat?post=28834"},{"taxonomy":"product_tag","embeddable":true,"href":"https:\/\/ddt.lv\/lv\/wp-json\/wp\/v2\/product_tag?post=28834"},{"taxonomy":"yst_prominent_words","embeddable":true,"href":"https:\/\/ddt.lv\/lv\/wp-json\/wp\/v2\/yst_prominent_words?post=28834"}],"curies":[{"name":"wp","href":"https:\/\/api.w.org\/{rel}","templated":true}]}}