{"id":28807,"date":"2021-10-07T14:20:21","date_gmt":"2021-10-07T11:20:21","guid":{"rendered":"https:\/\/ddt.lv\/lv\/product\/kerzen-40w-e14-zila-spuldze-sylvania\/"},"modified":"2026-04-13T09:46:11","modified_gmt":"2026-04-13T06:46:11","slug":"kerzen-40w-e14-zila-spuldze-sylvania","status":"publish","type":"product","link":"https:\/\/ddt.lv\/lv\/product\/kerzen-40w-e14-zila-spuldze-sylvania\/","title":{"rendered":"Kerzen 40W E14 zila spuldze Sylvania"},"content":{"rendered":"<p>Tas ir dekorat\u012bvs gaismas avots.<br \/>\nNav piem\u0113rots visp\u0101r\u0113jam m\u0101jsaimniec\u012bbas apgaismojumam.<\/p>","protected":false},"excerpt":{"rendered":"<p>Tas ir dekorat\u012bvs gaismas avots. Nav piem\u0113rots visp\u0101r\u0113jam m\u0101jsaimniec\u012bbas apgaismojumam.<\/p>\n","protected":false},"featured_media":28820,"comment_status":"closed","ping_status":"closed","template":"","meta":{"inline_featured_image":false},"product_cat":[772,1128],"product_tag":[],"yst_prominent_words":[],"class_list":{"0":"post-28807","1":"product","2":"type-product","3":"status-publish","4":"has-post-thumbnail","6":"product_cat-atlaides","7":"product_cat-krasainas-spuldzes","9":"first","10":"outofstock","11":"sale","12":"taxable","13":"shipping-taxable","14":"purchasable","15":"product-type-simple"},"jetpack_sharing_enabled":true,"_links":{"self":[{"href":"https:\/\/ddt.lv\/lv\/wp-json\/wp\/v2\/product\/28807"}],"collection":[{"href":"https:\/\/ddt.lv\/lv\/wp-json\/wp\/v2\/product"}],"about":[{"href":"https:\/\/ddt.lv\/lv\/wp-json\/wp\/v2\/types\/product"}],"replies":[{"embeddable":true,"href":"https:\/\/ddt.lv\/lv\/wp-json\/wp\/v2\/comments?post=28807"}],"wp:featuredmedia":[{"embeddable":true,"href":"https:\/\/ddt.lv\/lv\/wp-json\/wp\/v2\/media\/28820"}],"wp:attachment":[{"href":"https:\/\/ddt.lv\/lv\/wp-json\/wp\/v2\/media?parent=28807"}],"wp:term":[{"taxonomy":"product_cat","embeddable":true,"href":"https:\/\/ddt.lv\/lv\/wp-json\/wp\/v2\/product_cat?post=28807"},{"taxonomy":"product_tag","embeddable":true,"href":"https:\/\/ddt.lv\/lv\/wp-json\/wp\/v2\/product_tag?post=28807"},{"taxonomy":"yst_prominent_words","embeddable":true,"href":"https:\/\/ddt.lv\/lv\/wp-json\/wp\/v2\/yst_prominent_words?post=28807"}],"curies":[{"name":"wp","href":"https:\/\/api.w.org\/{rel}","templated":true}]}}