{"id":28801,"date":"2021-10-07T14:20:19","date_gmt":"2021-10-07T11:20:19","guid":{"rendered":"https:\/\/ddt.lv\/lv\/product\/dlx-btt-150w-e27-satin-halogenspuldze-sylvania\/"},"modified":"2026-04-13T09:46:15","modified_gmt":"2026-04-13T06:46:15","slug":"dlx-btt-150w-e27-satin-halogenspuldze-sylvania","status":"publish","type":"product","link":"https:\/\/ddt.lv\/lv\/product\/dlx-btt-150w-e27-satin-halogenspuldze-sylvania\/","title":{"rendered":"DLX BTT 150W E27 SATIN halogenspuldze Sylvania"},"content":{"rendered":"<p>Nodro\u0161iniet vair\u0101k gaismas un ietaupiet l\u012bdz pat 20% ener\u0123ijas sal\u012bdzin\u0101jum\u0101 ar l\u012bdzv\u0113rt\u012bg\u0101m kv\u0113lspuldz\u0113m. Lieliska spilgta halog\u0113na gaisma vis\u0101 t\u0101s kalpo\u0161anas laik\u0101. Divreiz ilg\u0101ks parasto kv\u0113lspuld\u017eu kalpo\u0161anas laiks.<\/p>","protected":false},"excerpt":{"rendered":"<p>Nodro\u0161iniet vair\u0101k gaismas un ietaupiet l\u012bdz pat 20% ener\u0123ijas sal\u012bdzin\u0101jum\u0101 ar l\u012bdzv\u0113rt\u012bg\u0101m kv\u0113lspuldz\u0113m. Lieliska spilgta halog\u0113na gaisma vis\u0101 t\u0101s kalpo\u0161anas laik\u0101. Divreiz ilg\u0101ks parasto kv\u0113lspuld\u017eu kalpo\u0161anas laiks.<\/p>\n","protected":false},"featured_media":28825,"comment_status":"closed","ping_status":"closed","template":"","meta":{"inline_featured_image":false},"product_cat":[1365],"product_tag":[],"yst_prominent_words":[],"class_list":{"0":"post-28801","1":"product","2":"type-product","3":"status-publish","4":"has-post-thumbnail","6":"product_cat-eco-halogen-spuldzes","8":"first","9":"instock","10":"taxable","11":"shipping-taxable","12":"purchasable","13":"product-type-simple"},"jetpack_sharing_enabled":true,"_links":{"self":[{"href":"https:\/\/ddt.lv\/lv\/wp-json\/wp\/v2\/product\/28801"}],"collection":[{"href":"https:\/\/ddt.lv\/lv\/wp-json\/wp\/v2\/product"}],"about":[{"href":"https:\/\/ddt.lv\/lv\/wp-json\/wp\/v2\/types\/product"}],"replies":[{"embeddable":true,"href":"https:\/\/ddt.lv\/lv\/wp-json\/wp\/v2\/comments?post=28801"}],"wp:featuredmedia":[{"embeddable":true,"href":"https:\/\/ddt.lv\/lv\/wp-json\/wp\/v2\/media\/28825"}],"wp:attachment":[{"href":"https:\/\/ddt.lv\/lv\/wp-json\/wp\/v2\/media?parent=28801"}],"wp:term":[{"taxonomy":"product_cat","embeddable":true,"href":"https:\/\/ddt.lv\/lv\/wp-json\/wp\/v2\/product_cat?post=28801"},{"taxonomy":"product_tag","embeddable":true,"href":"https:\/\/ddt.lv\/lv\/wp-json\/wp\/v2\/product_tag?post=28801"},{"taxonomy":"yst_prominent_words","embeddable":true,"href":"https:\/\/ddt.lv\/lv\/wp-json\/wp\/v2\/yst_prominent_words?post=28801"}],"curies":[{"name":"wp","href":"https:\/\/api.w.org\/{rel}","templated":true}]}}