{"id":28795,"date":"2021-10-07T11:50:21","date_gmt":"2021-10-07T08:50:21","guid":{"rendered":"https:\/\/ddt.lv\/lv\/product\/f4w-33-640-t5-4000k-luminiscenta-spuldze-sylvania\/"},"modified":"2026-04-09T16:15:28","modified_gmt":"2026-04-09T13:15:28","slug":"f4w-33-640-t5-4000k-luminiscenta-spuldze-sylvania","status":"publish","type":"product","link":"https:\/\/ddt.lv\/lv\/product\/f4w-33-640-t5-4000k-luminiscenta-spuldze-sylvania\/","title":{"rendered":"F4W\/33-640 T5 4000K luminiscent\u0101 spuldze Sylvania"},"content":{"rendered":"<p>Jauda: 4 W.<br \/>\nB\u0101ze: G5.<br \/>\nGaismas kr\u0101sa: neitr\u0101li balta.<br \/>\nKr\u0101su temperat\u016bra: 4000K.<br \/>\nApdare: mat\u0113ta.<br \/>\nDizains: cauru\u013cveida.<br \/>\nGaismas pl\u016bsma l\u016bmenos: 140 lm.<br \/>\nKr\u0101su atveido\u0161anas indekss Ra: 60-69.<br \/>\nEner\u0123ijas pat\u0113ri\u0146\u0161: 4 kWh \/ 1000 h.<br \/>\nM\u016b\u017ea ilgums: 10 000 h.<br \/>\nEnergoefektivit\u0101tes klase: B.<\/p>\n<p>Izm\u0113ri:<br \/>\nDiametrs: 16 mm.<br \/>\nKop\u0113jais garums: 150 mm.<\/p>","protected":false},"excerpt":{"rendered":"<p>Jauda: 4 W. B\u0101ze: G5. Gaismas kr\u0101sa: neitr\u0101li balta. Kr\u0101su temperat\u016bra: 4000K. Apdare: mat\u0113ta. Dizains: cauru\u013cveida. Gaismas pl\u016bsma l\u016bmenos: 140 lm. Kr\u0101su atveido\u0161anas indekss Ra: 60-69. Ener\u0123ijas pat\u0113ri\u0146\u0161: 4 kWh \/ 1000 h. M\u016b\u017ea ilgums: 10 000 h. Energoefektivit\u0101tes klase: B. Izm\u0113ri: Diametrs: 16 mm. Kop\u0113jais garums: 150 mm.<\/p>\n","protected":false},"featured_media":28799,"comment_status":"closed","ping_status":"closed","template":"","meta":{"inline_featured_image":false},"product_cat":[772,860],"product_tag":[],"yst_prominent_words":[],"class_list":{"0":"post-28795","1":"product","2":"type-product","3":"status-publish","4":"has-post-thumbnail","6":"product_cat-atlaides","7":"product_cat-t5-spuldzes-luminiscentas-spuldzes-spuldzes","9":"first","10":"outofstock","11":"sale","12":"taxable","13":"shipping-taxable","14":"purchasable","15":"product-type-simple"},"jetpack_sharing_enabled":true,"_links":{"self":[{"href":"https:\/\/ddt.lv\/lv\/wp-json\/wp\/v2\/product\/28795"}],"collection":[{"href":"https:\/\/ddt.lv\/lv\/wp-json\/wp\/v2\/product"}],"about":[{"href":"https:\/\/ddt.lv\/lv\/wp-json\/wp\/v2\/types\/product"}],"replies":[{"embeddable":true,"href":"https:\/\/ddt.lv\/lv\/wp-json\/wp\/v2\/comments?post=28795"}],"wp:featuredmedia":[{"embeddable":true,"href":"https:\/\/ddt.lv\/lv\/wp-json\/wp\/v2\/media\/28799"}],"wp:attachment":[{"href":"https:\/\/ddt.lv\/lv\/wp-json\/wp\/v2\/media?parent=28795"}],"wp:term":[{"taxonomy":"product_cat","embeddable":true,"href":"https:\/\/ddt.lv\/lv\/wp-json\/wp\/v2\/product_cat?post=28795"},{"taxonomy":"product_tag","embeddable":true,"href":"https:\/\/ddt.lv\/lv\/wp-json\/wp\/v2\/product_tag?post=28795"},{"taxonomy":"yst_prominent_words","embeddable":true,"href":"https:\/\/ddt.lv\/lv\/wp-json\/wp\/v2\/yst_prominent_words?post=28795"}],"curies":[{"name":"wp","href":"https:\/\/api.w.org\/{rel}","templated":true}]}}