{"id":28794,"date":"2021-10-07T11:50:20","date_gmt":"2021-10-07T08:50:20","guid":{"rendered":"https:\/\/ddt.lv\/lv\/product\/sylremote-2-4ghz-10mw-3v-dc-30m-tavadibas-pults-sylvania\/"},"modified":"2026-04-01T00:26:10","modified_gmt":"2026-03-31T21:26:10","slug":"sylremote-2-4ghz-10mw-3v-dc-30m-tavadibas-pults-sylvania","status":"publish","type":"product","link":"https:\/\/ddt.lv\/lv\/product\/sylremote-2-4ghz-10mw-3v-dc-30m-tavadibas-pults-sylvania\/","title":{"rendered":"SylRemote 2.4GHz 10mW 3V DC 30m T\u0101vad\u012bbas pults Sylvania"},"content":{"rendered":"<p>Izmantojiet Bluetooth SylRemote, lai atblo\u0137\u0113tu visas Sylvania Smart Lamps funkcijas; kr\u0101su temperat\u016bras mai\u0146a, ieeja\/izie\u0161ana no RGB re\u017e\u012bma, spilgtuma palielin\u0101\u0161ana vai samazin\u0101\u0161ana, savieno\u0161ana p\u0101r\u012b\/atvieno\u0161ana un t\u0101lvad\u012bbas iesl\u0113g\u0161anas\/izsl\u0113g\u0161anas funkcija .Vienm\u0113r\u012bgi piel\u0101gojiet apgaismojuma l\u012bmeni no 100% l\u012bdz 10%. Kontrol\u0113jiet savas vied\u0101s lampas no att\u0101luma l\u012bdz 30 metriem. Viegli uzst\u0101d\u012bt un vienk\u0101r\u0161i lietojams. Izmanto Bluetooth SIG Mesh saskarni izcilai savienojuma uzticam\u012bbai. Ar vienu SylRemote var kontrol\u0113t l\u012bdz pat 15 da\u017e\u0101das Sylvania Smart lampas. Komplekt\u0101 ar 1 x CR2032 batreiju.<\/p>\n<p>Sylvania viedo LED spuld\u017eu 0028901, 0028902, 0028903,\u00a00028904 \u00a0kontrolei<\/p>","protected":false},"excerpt":{"rendered":"<p>Izmantojiet Bluetooth SylRemote, lai atblo\u0137\u0113tu visas Sylvania Smart Lamps funkcijas; kr\u0101su temperat\u016bras mai\u0146a, ieeja\/izie\u0161ana no RGB re\u017e\u012bma, spilgtuma palielin\u0101\u0161ana vai samazin\u0101\u0161ana, savieno\u0161ana p\u0101r\u012b\/atvieno\u0161ana un t\u0101lvad\u012bbas iesl\u0113g\u0161anas\/izsl\u0113g\u0161anas funkcija .Vienm\u0113r\u012bgi piel\u0101gojiet apgaismojuma l\u012bmeni no 100% l\u012bdz 10%. Kontrol\u0113jiet savas vied\u0101s lampas no att\u0101luma l\u012bdz 30 metriem. Viegli uzst\u0101d\u012bt un vienk\u0101r\u0161i lietojams. Izmanto Bluetooth SIG Mesh saskarni izcilai [&hellip;]<\/p>\n","protected":false},"featured_media":28797,"comment_status":"closed","ping_status":"closed","template":"","meta":{"inline_featured_image":false},"product_cat":[1299],"product_tag":[],"yst_prominent_words":[],"class_list":{"0":"post-28794","1":"product","2":"type-product","3":"status-publish","4":"has-post-thumbnail","6":"product_cat-viedas-spuldzes","8":"first","9":"instock","10":"taxable","11":"shipping-taxable","12":"purchasable","13":"product-type-simple"},"jetpack_sharing_enabled":true,"_links":{"self":[{"href":"https:\/\/ddt.lv\/lv\/wp-json\/wp\/v2\/product\/28794"}],"collection":[{"href":"https:\/\/ddt.lv\/lv\/wp-json\/wp\/v2\/product"}],"about":[{"href":"https:\/\/ddt.lv\/lv\/wp-json\/wp\/v2\/types\/product"}],"replies":[{"embeddable":true,"href":"https:\/\/ddt.lv\/lv\/wp-json\/wp\/v2\/comments?post=28794"}],"wp:featuredmedia":[{"embeddable":true,"href":"https:\/\/ddt.lv\/lv\/wp-json\/wp\/v2\/media\/28797"}],"wp:attachment":[{"href":"https:\/\/ddt.lv\/lv\/wp-json\/wp\/v2\/media?parent=28794"}],"wp:term":[{"taxonomy":"product_cat","embeddable":true,"href":"https:\/\/ddt.lv\/lv\/wp-json\/wp\/v2\/product_cat?post=28794"},{"taxonomy":"product_tag","embeddable":true,"href":"https:\/\/ddt.lv\/lv\/wp-json\/wp\/v2\/product_tag?post=28794"},{"taxonomy":"yst_prominent_words","embeddable":true,"href":"https:\/\/ddt.lv\/lv\/wp-json\/wp\/v2\/yst_prominent_words?post=28794"}],"curies":[{"name":"wp","href":"https:\/\/api.w.org\/{rel}","templated":true}]}}