{"id":28708,"date":"2021-10-05T17:20:18","date_gmt":"2021-10-05T14:20:18","guid":{"rendered":"https:\/\/ddt.lv\/lv\/product\/riekstinu-panna-zaubernuss-unold-48360\/"},"modified":"2026-04-08T14:31:28","modified_gmt":"2026-04-08T11:31:28","slug":"riekstinu-panna-zaubernuss-unold-48360","status":"publish","type":"product","link":"https:\/\/ddt.lv\/lv\/product\/riekstinu-panna-zaubernuss-unold-48360\/","title":{"rendered":"Rieksti\u0146u panna Zaubernuss UNOLD 48360"},"content":{"rendered":"<p>Ar jauno vafe\u013cu autom\u0101tu Zaubernuss j\u016bs tagad varat izcept \u0161o smalko \u012bpatn\u012bbu no Krievijas. Ir vieta 24 pus\u0113m vai 12 veseliem Zaubernuss riekstiem. Vafe\u013cu autom\u0101tu var uzglab\u0101t vertik\u0101li un t\u0101d\u0113j\u0101di ietaup\u012bt vietu. Pl\u0101ksnes ir p\u0101rkl\u0101tas ar keramiku. Vafe\u013cu ra\u017eot\u0101jam ir autom\u0101tiska temperat\u016bras kontrole un pretsl\u012bdes k\u0101jas. V\u0113sais rokturis ar blo\u0137\u0113\u0161anu ir siltumizol\u0113ts. Vafe\u013cu autom\u0101tu ir viegli t\u012br\u012bt, pateicoties nelip\u012bgajam p\u0101rkl\u0101jumam un m\u012bklas sav\u0101k\u0161anas kan\u0101lam.<br \/>\nJauda 1400 vati.<br \/>\nIeejas spriegums 230 volti (50 Hz).<br \/>\nDro\u0161\u012bbas indikators, dro\u0161\u012bbas sl\u0113dzene.<\/p>\n<p><\/p>","protected":false},"excerpt":{"rendered":"<p>Ar jauno vafe\u013cu autom\u0101tu Zaubernuss j\u016bs tagad varat izcept \u0161o smalko \u012bpatn\u012bbu no Krievijas. Ir vieta 24 pus\u0113m vai 12 veseliem Zaubernuss riekstiem. Vafe\u013cu autom\u0101tu var uzglab\u0101t vertik\u0101li un t\u0101d\u0113j\u0101di ietaup\u012bt vietu. Pl\u0101ksnes ir p\u0101rkl\u0101tas ar keramiku. Vafe\u013cu ra\u017eot\u0101jam ir autom\u0101tiska temperat\u016bras kontrole un pretsl\u012bdes k\u0101jas. V\u0113sais rokturis ar blo\u0137\u0113\u0161anu ir siltumizol\u0113ts. Vafe\u013cu autom\u0101tu ir [&hellip;]<\/p>\n","protected":false},"featured_media":12470,"comment_status":"closed","ping_status":"closed","template":"","meta":{"inline_featured_image":false},"product_cat":[772,532],"product_tag":[],"yst_prominent_words":[],"class_list":{"0":"post-28708","1":"product","2":"type-product","3":"status-publish","4":"has-post-thumbnail","6":"product_cat-atlaides","7":"product_cat-vafelu-pankuku-pannas","9":"first","10":"outofstock","11":"sale","12":"taxable","13":"shipping-taxable","14":"purchasable","15":"product-type-simple"},"jetpack_sharing_enabled":true,"_links":{"self":[{"href":"https:\/\/ddt.lv\/lv\/wp-json\/wp\/v2\/product\/28708"}],"collection":[{"href":"https:\/\/ddt.lv\/lv\/wp-json\/wp\/v2\/product"}],"about":[{"href":"https:\/\/ddt.lv\/lv\/wp-json\/wp\/v2\/types\/product"}],"replies":[{"embeddable":true,"href":"https:\/\/ddt.lv\/lv\/wp-json\/wp\/v2\/comments?post=28708"}],"wp:featuredmedia":[{"embeddable":true,"href":"https:\/\/ddt.lv\/lv\/wp-json\/wp\/v2\/media\/12470"}],"wp:attachment":[{"href":"https:\/\/ddt.lv\/lv\/wp-json\/wp\/v2\/media?parent=28708"}],"wp:term":[{"taxonomy":"product_cat","embeddable":true,"href":"https:\/\/ddt.lv\/lv\/wp-json\/wp\/v2\/product_cat?post=28708"},{"taxonomy":"product_tag","embeddable":true,"href":"https:\/\/ddt.lv\/lv\/wp-json\/wp\/v2\/product_tag?post=28708"},{"taxonomy":"yst_prominent_words","embeddable":true,"href":"https:\/\/ddt.lv\/lv\/wp-json\/wp\/v2\/yst_prominent_words?post=28708"}],"curies":[{"name":"wp","href":"https:\/\/api.w.org\/{rel}","templated":true}]}}