{"id":28696,"date":"2021-10-05T15:40:21","date_gmt":"2021-10-05T12:40:21","guid":{"rendered":"https:\/\/ddt.lv\/lv\/product\/wi-fi-rozete-ar-taimeri-ar-zemejumu-balta-emos\/"},"modified":"2026-04-09T08:46:04","modified_gmt":"2026-04-09T05:46:04","slug":"wi-fi-rozete-ar-taimeri-ar-zemejumu-balta-emos","status":"publish","type":"product","link":"https:\/\/ddt.lv\/lv\/product\/wi-fi-rozete-ar-taimeri-ar-zemejumu-balta-emos\/","title":{"rendered":"Wi-Fi Rozete ar taimeri ar zem\u0113jumu balta EMOS"},"content":{"rendered":"<p>Ar t\u0101lvad\u012bbu vad\u0101ma vied\u0101 kontaktligzda ier\u012b\u010du iesl\u0113g\u0161anai un izsl\u0113g\u0161anai att\u0101lin\u0101ti.<br \/>\nWi-Fi taimeris.<br \/>\nAndroid kontrol\u0113ta versija 4.0 un jaun\u0101ka.<br \/>\nISO kontrol\u0113ta versija 7.0 un jaun\u0101ka.<br \/>\nMaks. slodze 3 680 W.<br \/>\nSpriegums \/ str\u0101va 230 V ~ \/ 16 A maks.<br \/>\nMaksim\u0101lais ligzdu skaits WIFI t\u012bkl\u0101 15.<br \/>\nWIFI mar\u0161rut\u0113t\u0101js 802.11 b \/ g \/ n.<br \/>\nProgrammu skaits ir neierobe\u017eots.<br \/>\nP\u0101rsl\u0113dz f\u0101zes vadu.<br \/>\nSavienojumu skaits dien\u0101 ir neierobe\u017eots.<\/p>\n<p><a href=\"https:\/\/ddt.lv\/wp-content\/uploads\/2021\/10\/g-homa-instrukcija.pdf\">G-Homa instrukcija<\/a><a href=\"https:\/\/ddt.lv\/wp-content\/uploads\/2021\/10\/p5530-instrukcija.pdf\">P5530 instrukcija<\/a><\/p>","protected":false},"excerpt":{"rendered":"<p>Ar t\u0101lvad\u012bbu vad\u0101ma vied\u0101 kontaktligzda ier\u012b\u010du iesl\u0113g\u0161anai un izsl\u0113g\u0161anai att\u0101lin\u0101ti. Wi-Fi taimeris. Android kontrol\u0113ta versija 4.0 un jaun\u0101ka. ISO kontrol\u0113ta versija 7.0 un jaun\u0101ka. Maks. slodze 3 680 W. Spriegums \/ str\u0101va 230 V ~ \/ 16 A maks. Maksim\u0101lais ligzdu skaits WIFI t\u012bkl\u0101 15. WIFI mar\u0161rut\u0113t\u0101js 802.11 b \/ g \/ n. Programmu skaits [&hellip;]<\/p>\n","protected":false},"featured_media":28711,"comment_status":"closed","ping_status":"closed","template":"","meta":{"inline_featured_image":false},"product_cat":[1301],"product_tag":[],"yst_prominent_words":[],"class_list":{"0":"post-28696","1":"product","2":"type-product","3":"status-publish","4":"has-post-thumbnail","6":"product_cat-rozetes","8":"first","9":"outofstock","10":"taxable","11":"shipping-taxable","12":"purchasable","13":"product-type-simple"},"jetpack_sharing_enabled":true,"_links":{"self":[{"href":"https:\/\/ddt.lv\/lv\/wp-json\/wp\/v2\/product\/28696"}],"collection":[{"href":"https:\/\/ddt.lv\/lv\/wp-json\/wp\/v2\/product"}],"about":[{"href":"https:\/\/ddt.lv\/lv\/wp-json\/wp\/v2\/types\/product"}],"replies":[{"embeddable":true,"href":"https:\/\/ddt.lv\/lv\/wp-json\/wp\/v2\/comments?post=28696"}],"wp:featuredmedia":[{"embeddable":true,"href":"https:\/\/ddt.lv\/lv\/wp-json\/wp\/v2\/media\/28711"}],"wp:attachment":[{"href":"https:\/\/ddt.lv\/lv\/wp-json\/wp\/v2\/media?parent=28696"}],"wp:term":[{"taxonomy":"product_cat","embeddable":true,"href":"https:\/\/ddt.lv\/lv\/wp-json\/wp\/v2\/product_cat?post=28696"},{"taxonomy":"product_tag","embeddable":true,"href":"https:\/\/ddt.lv\/lv\/wp-json\/wp\/v2\/product_tag?post=28696"},{"taxonomy":"yst_prominent_words","embeddable":true,"href":"https:\/\/ddt.lv\/lv\/wp-json\/wp\/v2\/yst_prominent_words?post=28696"}],"curies":[{"name":"wp","href":"https:\/\/api.w.org\/{rel}","templated":true}]}}