{"id":28695,"date":"2021-10-05T15:40:21","date_gmt":"2021-10-05T12:40:21","guid":{"rendered":"https:\/\/ddt.lv\/lv\/product\/wi-fi-rozesu-komplekts-3gab-ar-pulti-schuko-emos\/"},"modified":"2026-04-08T14:46:31","modified_gmt":"2026-04-08T11:46:31","slug":"wi-fi-rozesu-komplekts-3gab-ar-pulti-schuko-emos","status":"publish","type":"product","link":"https:\/\/ddt.lv\/lv\/product\/wi-fi-rozesu-komplekts-3gab-ar-pulti-schuko-emos\/","title":{"rendered":"T\u0101lvad\u012bbas roze\u0161u komplekts, 3 rozetes + 1  pults, 433.92 MHz, schuko EMOS"},"content":{"rendered":"<p>SCHUKO t\u0101lvad\u012bbas ligzda. \u013bauj iek\u0101rtu iesl\u0113gt un izsl\u0113gt att\u0101lin\u0101ti, izmantojot t\u0101lvad\u012bbas pulti.<br \/>\n3 kontaktligzdas + 1 t\u0101lvad\u012bbas pults.<br \/>\nKontaktligzdu skaits 1 \u00d7 2P + Z.<br \/>\nSpriegums \/ str\u0101va 230 V ~ \/ 4,35 A maks.<br \/>\nAizsardz\u012bba IP20.<br \/>\nKr\u0101sa balta.<br \/>\nCiti parametri:<br \/>\nT\u0101lvad\u012bbas baro\u0161anas avots 1 \u00d7 3 V CR2032 (komplekt\u0101).<br \/>\nMateri\u0101ls ir plastmasa.<br \/>\nB\u0113rnu sl\u0113dzene.<br \/>\nVar kontrol\u0113t l\u012bdz 4 kontaktligzd\u0101m.<br \/>\nMaks. slodze 1000 W.<br \/>\nSign\u0101la diapazons atkl\u0101t\u0101s viet\u0101s l\u012bdz 25 m.<br \/>\nManu\u0101ls vienk\u0101r\u0161ai apm\u0101c\u012bbai ligzdu pie\u0161\u0137ir\u0161anai kontrolierim.<br \/>\nSign\u0101la p\u0101rraides frekvence 433,92 MHz.<\/p>","protected":false},"excerpt":{"rendered":"<p>SCHUKO t\u0101lvad\u012bbas ligzda. \u013bauj iek\u0101rtu iesl\u0113gt un izsl\u0113gt att\u0101lin\u0101ti, izmantojot t\u0101lvad\u012bbas pulti. 3 kontaktligzdas + 1 t\u0101lvad\u012bbas pults. Kontaktligzdu skaits 1 \u00d7 2P + Z. Spriegums \/ str\u0101va 230 V ~ \/ 4,35 A maks. Aizsardz\u012bba IP20. Kr\u0101sa balta. Citi parametri: T\u0101lvad\u012bbas baro\u0161anas avots 1 \u00d7 3 V CR2032 (komplekt\u0101). Materi\u0101ls ir plastmasa. B\u0113rnu sl\u0113dzene. [&hellip;]<\/p>\n","protected":false},"featured_media":28719,"comment_status":"closed","ping_status":"closed","template":"","meta":{"inline_featured_image":false},"product_cat":[1301],"product_tag":[],"yst_prominent_words":[],"class_list":{"0":"post-28695","1":"product","2":"type-product","3":"status-publish","4":"has-post-thumbnail","6":"product_cat-rozetes","8":"first","9":"instock","10":"taxable","11":"shipping-taxable","12":"purchasable","13":"product-type-simple"},"jetpack_sharing_enabled":true,"_links":{"self":[{"href":"https:\/\/ddt.lv\/lv\/wp-json\/wp\/v2\/product\/28695"}],"collection":[{"href":"https:\/\/ddt.lv\/lv\/wp-json\/wp\/v2\/product"}],"about":[{"href":"https:\/\/ddt.lv\/lv\/wp-json\/wp\/v2\/types\/product"}],"replies":[{"embeddable":true,"href":"https:\/\/ddt.lv\/lv\/wp-json\/wp\/v2\/comments?post=28695"}],"wp:featuredmedia":[{"embeddable":true,"href":"https:\/\/ddt.lv\/lv\/wp-json\/wp\/v2\/media\/28719"}],"wp:attachment":[{"href":"https:\/\/ddt.lv\/lv\/wp-json\/wp\/v2\/media?parent=28695"}],"wp:term":[{"taxonomy":"product_cat","embeddable":true,"href":"https:\/\/ddt.lv\/lv\/wp-json\/wp\/v2\/product_cat?post=28695"},{"taxonomy":"product_tag","embeddable":true,"href":"https:\/\/ddt.lv\/lv\/wp-json\/wp\/v2\/product_tag?post=28695"},{"taxonomy":"yst_prominent_words","embeddable":true,"href":"https:\/\/ddt.lv\/lv\/wp-json\/wp\/v2\/yst_prominent_words?post=28695"}],"curies":[{"name":"wp","href":"https:\/\/api.w.org\/{rel}","templated":true}]}}