{"id":28694,"date":"2021-10-05T15:40:20","date_gmt":"2021-10-05T12:40:20","guid":{"rendered":"https:\/\/ddt.lv\/lv\/product\/spiedpoga-1-0-ar-rami-zemapmetuma-balta-emos\/"},"modified":"2026-04-08T14:41:45","modified_gmt":"2026-04-08T11:41:45","slug":"spiedpoga-1-0-ar-rami-zemapmetuma-balta-emos","status":"publish","type":"product","link":"https:\/\/ddt.lv\/lv\/product\/spiedpoga-1-0-ar-rami-zemapmetuma-balta-emos\/","title":{"rendered":"Spiedpoga 1\/0 ar r\u0101mi zemapmetuma balta EMOS"},"content":{"rendered":"<p>Vienas \u0137\u0113des p\u0101rtrauc\u0113js (1\/0).<br \/>\nBalta (sp\u012bd\u012bga) kr\u0101sa.<br \/>\nMont\u0101\u017ea pie k\u0101rbas.<br \/>\nAizsardz\u012bbas pak\u0101pe IP20.<br \/>\nCiti parametri;<br \/>\n1. tipa poga.<br \/>\n 250 V ~ \/ 10 A.<\/p>","protected":false},"excerpt":{"rendered":"<p>Vienas \u0137\u0113des p\u0101rtrauc\u0113js (1\/0). Balta (sp\u012bd\u012bga) kr\u0101sa. Mont\u0101\u017ea pie k\u0101rbas. Aizsardz\u012bbas pak\u0101pe IP20. Citi parametri; 1. tipa poga. 250 V ~ \/ 10 A.<\/p>\n","protected":false},"featured_media":28724,"comment_status":"closed","ping_status":"closed","template":"","meta":{"inline_featured_image":false},"product_cat":[1302],"product_tag":[],"yst_prominent_words":[],"class_list":{"0":"post-28694","1":"product","2":"type-product","3":"status-publish","4":"has-post-thumbnail","6":"product_cat-sledzi","8":"first","9":"instock","10":"taxable","11":"shipping-taxable","12":"purchasable","13":"product-type-simple"},"jetpack_sharing_enabled":true,"_links":{"self":[{"href":"https:\/\/ddt.lv\/lv\/wp-json\/wp\/v2\/product\/28694"}],"collection":[{"href":"https:\/\/ddt.lv\/lv\/wp-json\/wp\/v2\/product"}],"about":[{"href":"https:\/\/ddt.lv\/lv\/wp-json\/wp\/v2\/types\/product"}],"replies":[{"embeddable":true,"href":"https:\/\/ddt.lv\/lv\/wp-json\/wp\/v2\/comments?post=28694"}],"wp:featuredmedia":[{"embeddable":true,"href":"https:\/\/ddt.lv\/lv\/wp-json\/wp\/v2\/media\/28724"}],"wp:attachment":[{"href":"https:\/\/ddt.lv\/lv\/wp-json\/wp\/v2\/media?parent=28694"}],"wp:term":[{"taxonomy":"product_cat","embeddable":true,"href":"https:\/\/ddt.lv\/lv\/wp-json\/wp\/v2\/product_cat?post=28694"},{"taxonomy":"product_tag","embeddable":true,"href":"https:\/\/ddt.lv\/lv\/wp-json\/wp\/v2\/product_tag?post=28694"},{"taxonomy":"yst_prominent_words","embeddable":true,"href":"https:\/\/ddt.lv\/lv\/wp-json\/wp\/v2\/yst_prominent_words?post=28694"}],"curies":[{"name":"wp","href":"https:\/\/api.w.org\/{rel}","templated":true}]}}