{"id":28691,"date":"2021-10-05T15:30:23","date_gmt":"2021-10-05T12:30:23","guid":{"rendered":"https:\/\/ddt.lv\/lv\/product\/ramis-2-vietigs-balts-emos\/"},"modified":"2026-04-16T09:10:26","modified_gmt":"2026-04-16T06:10:26","slug":"ramis-2-vietigs-balts-emos","status":"publish","type":"product","link":"https:\/\/ddt.lv\/lv\/product\/ramis-2-vietigs-balts-emos\/","title":{"rendered":"R\u0101mis 2-viet\u012bgs balts EMOS"},"content":{"rendered":"<p>2 vietas.<br \/>\nBalta (sp\u012bd\u012bga) kr\u0101sa.<br \/>\nMont\u0101\u017ea pie k\u0101rbas.<br \/>\nAizsardz\u012bbas l\u012bmenis nav piem\u0113rojams.<br \/>\nHorizont\u0101lai un vertik\u0101lai mont\u0101\u017eai.<\/p>","protected":false},"excerpt":{"rendered":"<p>2 vietas. Balta (sp\u012bd\u012bga) kr\u0101sa. Mont\u0101\u017ea pie k\u0101rbas. Aizsardz\u012bbas l\u012bmenis nav piem\u0113rojams. Horizont\u0101lai un vertik\u0101lai mont\u0101\u017eai.<\/p>\n","protected":false},"featured_media":28729,"comment_status":"closed","ping_status":"closed","template":"","meta":{"inline_featured_image":false},"product_cat":[1308],"product_tag":[],"yst_prominent_words":[],"class_list":{"0":"post-28691","1":"product","2":"type-product","3":"status-publish","4":"has-post-thumbnail","6":"product_cat-ramisi","8":"first","9":"instock","10":"taxable","11":"shipping-taxable","12":"purchasable","13":"product-type-simple"},"jetpack_sharing_enabled":true,"_links":{"self":[{"href":"https:\/\/ddt.lv\/lv\/wp-json\/wp\/v2\/product\/28691"}],"collection":[{"href":"https:\/\/ddt.lv\/lv\/wp-json\/wp\/v2\/product"}],"about":[{"href":"https:\/\/ddt.lv\/lv\/wp-json\/wp\/v2\/types\/product"}],"replies":[{"embeddable":true,"href":"https:\/\/ddt.lv\/lv\/wp-json\/wp\/v2\/comments?post=28691"}],"wp:featuredmedia":[{"embeddable":true,"href":"https:\/\/ddt.lv\/lv\/wp-json\/wp\/v2\/media\/28729"}],"wp:attachment":[{"href":"https:\/\/ddt.lv\/lv\/wp-json\/wp\/v2\/media?parent=28691"}],"wp:term":[{"taxonomy":"product_cat","embeddable":true,"href":"https:\/\/ddt.lv\/lv\/wp-json\/wp\/v2\/product_cat?post=28691"},{"taxonomy":"product_tag","embeddable":true,"href":"https:\/\/ddt.lv\/lv\/wp-json\/wp\/v2\/product_tag?post=28691"},{"taxonomy":"yst_prominent_words","embeddable":true,"href":"https:\/\/ddt.lv\/lv\/wp-json\/wp\/v2\/yst_prominent_words?post=28691"}],"curies":[{"name":"wp","href":"https:\/\/api.w.org\/{rel}","templated":true}]}}