{"id":28690,"date":"2021-10-05T15:30:22","date_gmt":"2021-10-05T12:30:22","guid":{"rendered":"https:\/\/ddt.lv\/lv\/product\/rozete-1-ligzda-ar-zemi-16a-balta-ar-rami-zemapmetuma-emos\/"},"modified":"2026-04-08T14:41:46","modified_gmt":"2026-04-08T11:41:46","slug":"rozete-1-ligzda-ar-zemi-16a-balta-ar-rami-zemapmetuma-emos","status":"publish","type":"product","link":"https:\/\/ddt.lv\/lv\/product\/rozete-1-ligzda-ar-zemi-16a-balta-ar-rami-zemapmetuma-emos\/","title":{"rendered":"Rozete 1 ligzda ar zemi 16A balta ar r\u0101mi zemapmetuma EMOS"},"content":{"rendered":"<p>Kontaktligzda ar aizsargtapu un b\u0113rnu sl\u0113dzeni.Balta (gai\u0161a).<br \/>\nSalik\u0161anas metode zemapmetuma k\u0101rb\u0101.<br \/>\nAizsardz\u012bba IP20.<br \/>\nDizains SCHUKO.<br \/>\nTips 250 V ~ \/ 16 A maks.<\/p>","protected":false},"excerpt":{"rendered":"<p>Kontaktligzda ar aizsargtapu un b\u0113rnu sl\u0113dzeni.Balta (gai\u0161a). Salik\u0161anas metode zemapmetuma k\u0101rb\u0101. Aizsardz\u012bba IP20. Dizains SCHUKO. Tips 250 V ~ \/ 16 A maks.<\/p>\n","protected":false},"featured_media":28777,"comment_status":"closed","ping_status":"closed","template":"","meta":{"inline_featured_image":false},"product_cat":[1301],"product_tag":[],"yst_prominent_words":[],"class_list":{"0":"post-28690","1":"product","2":"type-product","3":"status-publish","4":"has-post-thumbnail","6":"product_cat-rozetes","8":"first","9":"instock","10":"taxable","11":"shipping-taxable","12":"purchasable","13":"product-type-simple"},"jetpack_sharing_enabled":true,"_links":{"self":[{"href":"https:\/\/ddt.lv\/lv\/wp-json\/wp\/v2\/product\/28690"}],"collection":[{"href":"https:\/\/ddt.lv\/lv\/wp-json\/wp\/v2\/product"}],"about":[{"href":"https:\/\/ddt.lv\/lv\/wp-json\/wp\/v2\/types\/product"}],"replies":[{"embeddable":true,"href":"https:\/\/ddt.lv\/lv\/wp-json\/wp\/v2\/comments?post=28690"}],"wp:featuredmedia":[{"embeddable":true,"href":"https:\/\/ddt.lv\/lv\/wp-json\/wp\/v2\/media\/28777"}],"wp:attachment":[{"href":"https:\/\/ddt.lv\/lv\/wp-json\/wp\/v2\/media?parent=28690"}],"wp:term":[{"taxonomy":"product_cat","embeddable":true,"href":"https:\/\/ddt.lv\/lv\/wp-json\/wp\/v2\/product_cat?post=28690"},{"taxonomy":"product_tag","embeddable":true,"href":"https:\/\/ddt.lv\/lv\/wp-json\/wp\/v2\/product_tag?post=28690"},{"taxonomy":"yst_prominent_words","embeddable":true,"href":"https:\/\/ddt.lv\/lv\/wp-json\/wp\/v2\/yst_prominent_words?post=28690"}],"curies":[{"name":"wp","href":"https:\/\/api.w.org\/{rel}","templated":true}]}}