{"id":28689,"date":"2021-10-05T15:30:22","date_gmt":"2021-10-05T12:30:22","guid":{"rendered":"https:\/\/ddt.lv\/lv\/product\/rozete-1-ligzda-ar-zemi-16a-2xusb-2-1a-balta-ar-rami-zemapmetuma-emos\/"},"modified":"2026-04-08T14:41:46","modified_gmt":"2026-04-08T11:41:46","slug":"rozete-1-ligzda-ar-zemi-16a-2xusb-2-1a-balta-ar-rami-zemapmetuma-emos","status":"publish","type":"product","link":"https:\/\/ddt.lv\/lv\/product\/rozete-1-ligzda-ar-zemi-16a-2xusb-2-1a-balta-ar-rami-zemapmetuma-emos\/","title":{"rendered":"Rozete 1 ligzda ar zemi 16A + 2xUSB 2.1A balta ar r\u0101mi zemapmetuma EMOS"},"content":{"rendered":"<p>Viena kontaktligzda ar zem\u0113jumu un 2 USB izej\u0101m, maks. 2,1 A.<br \/>\nKr\u0101sa balta (gai\u0161a).<br \/>\nMont\u0101\u017eas metode k\u0101rb\u0101 (papildu dzi\u013cums vismaz 40 mm).<br \/>\nAizsardz\u012bba IP20.<br \/>\nDizains SCHUKO.<br \/>\nTips 250 V ~ \/ 16 A maks.<\/p>\n<p><\/p>","protected":false},"excerpt":{"rendered":"<p>Viena kontaktligzda ar zem\u0113jumu un 2 USB izej\u0101m, maks. 2,1 A. Kr\u0101sa balta (gai\u0161a). Mont\u0101\u017eas metode k\u0101rb\u0101 (papildu dzi\u013cums vismaz 40 mm). Aizsardz\u012bba IP20. Dizains SCHUKO. Tips 250 V ~ \/ 16 A maks.<\/p>\n","protected":false},"featured_media":28772,"comment_status":"closed","ping_status":"closed","template":"","meta":{"inline_featured_image":false},"product_cat":[1301],"product_tag":[],"yst_prominent_words":[],"class_list":{"0":"post-28689","1":"product","2":"type-product","3":"status-publish","4":"has-post-thumbnail","6":"product_cat-rozetes","8":"first","9":"instock","10":"taxable","11":"shipping-taxable","12":"purchasable","13":"product-type-simple"},"jetpack_sharing_enabled":true,"_links":{"self":[{"href":"https:\/\/ddt.lv\/lv\/wp-json\/wp\/v2\/product\/28689"}],"collection":[{"href":"https:\/\/ddt.lv\/lv\/wp-json\/wp\/v2\/product"}],"about":[{"href":"https:\/\/ddt.lv\/lv\/wp-json\/wp\/v2\/types\/product"}],"replies":[{"embeddable":true,"href":"https:\/\/ddt.lv\/lv\/wp-json\/wp\/v2\/comments?post=28689"}],"wp:featuredmedia":[{"embeddable":true,"href":"https:\/\/ddt.lv\/lv\/wp-json\/wp\/v2\/media\/28772"}],"wp:attachment":[{"href":"https:\/\/ddt.lv\/lv\/wp-json\/wp\/v2\/media?parent=28689"}],"wp:term":[{"taxonomy":"product_cat","embeddable":true,"href":"https:\/\/ddt.lv\/lv\/wp-json\/wp\/v2\/product_cat?post=28689"},{"taxonomy":"product_tag","embeddable":true,"href":"https:\/\/ddt.lv\/lv\/wp-json\/wp\/v2\/product_tag?post=28689"},{"taxonomy":"yst_prominent_words","embeddable":true,"href":"https:\/\/ddt.lv\/lv\/wp-json\/wp\/v2\/yst_prominent_words?post=28689"}],"curies":[{"name":"wp","href":"https:\/\/api.w.org\/{rel}","templated":true}]}}