{"id":28688,"date":"2021-10-05T15:30:21","date_gmt":"2021-10-05T12:30:21","guid":{"rendered":"https:\/\/ddt.lv\/lv\/product\/led-prozektors-ar-sensoru-smd-50w-ip54-4000lm-4k-peleks-ideo-emos\/"},"modified":"2026-04-08T14:31:50","modified_gmt":"2026-04-08T11:31:50","slug":"led-prozektors-ar-sensoru-smd-50w-ip54-4000lm-4k-peleks-ideo-emos","status":"publish","type":"product","link":"https:\/\/ddt.lv\/lv\/product\/led-prozektors-ar-sensoru-smd-50w-ip54-4000lm-4k-peleks-ideo-emos\/","title":{"rendered":"LED pro\u017eektors ar sensoru SMD 50W IP54 4000lm 4K pel\u0113ks IDEO EMOS"},"content":{"rendered":"<p>Gaismas pl\u016bsma 4000 lm.<br \/>\nIDEO s\u0113rija.<br \/>\nIzmantojiet virsmas stiprin\u0101jumu.<br \/>\nKr\u0101su temperat\u016bra 4 000 K.<br \/>\nKr\u0101su atveido\u0161anas indekss (CRI) Ra&gt; 80.<br \/>\nPIR sensora darb\u012bbas r\u0101diuss 10 m.<br \/>\nDarba temperat\u016bras diapazons -20 \u00b0 C l\u012bdz +40 \u00b0 C.<br \/>\nKalpo\u0161anas laiks 25 000 stundas.<br \/>\nPel\u0113ka kr\u0101sa.<br \/>\nSpriegums 220\u2013240 V ~.<br \/>\nIzklied\u0113t\u0101ja materi\u0101ls stikls.<br \/>\nKorpusa materi\u0101ls alum\u012bnijs.<br \/>\nStr\u0101va 220 mA.<br \/>\nAizsardz\u012bbas pak\u0101pe pret meh\u0101niskiem triecieniem IK08.<br \/>\nGaismas le\u0146\u0137is 120 \u00b0.<br \/>\nIzm\u0113rs 235 \u00d7 61 \u00d7 245 mm.<\/p>","protected":false},"excerpt":{"rendered":"<p>Gaismas pl\u016bsma 4000 lm. IDEO s\u0113rija. Izmantojiet virsmas stiprin\u0101jumu. Kr\u0101su temperat\u016bra 4 000 K. Kr\u0101su atveido\u0161anas indekss (CRI) Ra&gt; 80. PIR sensora darb\u012bbas r\u0101diuss 10 m. Darba temperat\u016bras diapazons -20 \u00b0 C l\u012bdz +40 \u00b0 C. Kalpo\u0161anas laiks 25 000 stundas. Pel\u0113ka kr\u0101sa. Spriegums 220\u2013240 V ~. Izklied\u0113t\u0101ja materi\u0101ls stikls. Korpusa materi\u0101ls alum\u012bnijs. Str\u0101va 220 [&hellip;]<\/p>\n","protected":false},"featured_media":28752,"comment_status":"closed","ping_status":"closed","template":"","meta":{"inline_featured_image":false},"product_cat":[908],"product_tag":[],"yst_prominent_words":[],"class_list":{"0":"post-28688","1":"product","2":"type-product","3":"status-publish","4":"has-post-thumbnail","6":"product_cat-led-prozektori","8":"first","9":"outofstock","10":"taxable","11":"shipping-taxable","12":"purchasable","13":"product-type-simple"},"jetpack_sharing_enabled":true,"_links":{"self":[{"href":"https:\/\/ddt.lv\/lv\/wp-json\/wp\/v2\/product\/28688"}],"collection":[{"href":"https:\/\/ddt.lv\/lv\/wp-json\/wp\/v2\/product"}],"about":[{"href":"https:\/\/ddt.lv\/lv\/wp-json\/wp\/v2\/types\/product"}],"replies":[{"embeddable":true,"href":"https:\/\/ddt.lv\/lv\/wp-json\/wp\/v2\/comments?post=28688"}],"wp:featuredmedia":[{"embeddable":true,"href":"https:\/\/ddt.lv\/lv\/wp-json\/wp\/v2\/media\/28752"}],"wp:attachment":[{"href":"https:\/\/ddt.lv\/lv\/wp-json\/wp\/v2\/media?parent=28688"}],"wp:term":[{"taxonomy":"product_cat","embeddable":true,"href":"https:\/\/ddt.lv\/lv\/wp-json\/wp\/v2\/product_cat?post=28688"},{"taxonomy":"product_tag","embeddable":true,"href":"https:\/\/ddt.lv\/lv\/wp-json\/wp\/v2\/product_tag?post=28688"},{"taxonomy":"yst_prominent_words","embeddable":true,"href":"https:\/\/ddt.lv\/lv\/wp-json\/wp\/v2\/yst_prominent_words?post=28688"}],"curies":[{"name":"wp","href":"https:\/\/api.w.org\/{rel}","templated":true}]}}