{"id":28687,"date":"2021-10-05T15:30:21","date_gmt":"2021-10-05T12:30:21","guid":{"rendered":"https:\/\/ddt.lv\/lv\/product\/led-prozektors-parnesajams-accu-smd-dim-20w-ip54-1600lm-6500k-emos\/"},"modified":"2026-04-01T00:16:13","modified_gmt":"2026-03-31T21:16:13","slug":"led-prozektors-parnesajams-accu-smd-dim-20w-ip54-1600lm-6500k-emos","status":"publish","type":"product","link":"https:\/\/ddt.lv\/lv\/product\/led-prozektors-parnesajams-accu-smd-dim-20w-ip54-1600lm-6500k-emos\/","title":{"rendered":"LED pro\u017eektors p\u0101rn\u0113s\u0101jams ACCU SMD DIM 20W IP54 1600lm 6500K EMOS"},"content":{"rendered":"<p>Ener\u0123ijas pat\u0113ri\u0146\u0161 20 W<br \/>\nIP54 aizsardz\u012bba.<br \/>\nAkumulatora baro\u0161anas avots.<br \/>\nGaismas pl\u016bsma 1600 lm.<br \/>\nPROFI s\u0113rija.<br \/>\nKr\u0101su temperat\u016bra 6 500 K.<br \/>\nKr\u0101sa auksti balta.<br \/>\nKr\u0101su atveido\u0161anas indekss (CRI) Ra&gt; 80.<br \/>\nDarba temperat\u016bras diapazons -20 \u00b0 C l\u012bdz +40 \u00b0 C.<br \/>\nKalpo\u0161anas laiks 40 000 stundas.<br \/>\nDzeltena kr\u0101sa.<br \/>\nSpriegums 14,5 V DC 100\u2013240 V AC.<br \/>\nAkumulators Li-Ion 4400 mAh.<br \/>\nIzklied\u0113t\u0101ja materi\u0101ls stikls.<br \/>\nKorpusa materi\u0101ls alum\u012bnijs.<br \/>\nApgaismojuma laiks ar akumulatoru 2,5 &#8211; 10 stundas.<br \/>\nAizsardz\u012bbas pak\u0101pe pret meh\u0101niskiem triecieniem IK08.<br \/>\nGaismas le\u0146\u0137is 120 \u00b0.<\/p>","protected":false},"excerpt":{"rendered":"<p>Ener\u0123ijas pat\u0113ri\u0146\u0161 20 W IP54 aizsardz\u012bba. Akumulatora baro\u0161anas avots. Gaismas pl\u016bsma 1600 lm. PROFI s\u0113rija. Kr\u0101su temperat\u016bra 6 500 K. Kr\u0101sa auksti balta. Kr\u0101su atveido\u0161anas indekss (CRI) Ra&gt; 80. Darba temperat\u016bras diapazons -20 \u00b0 C l\u012bdz +40 \u00b0 C. Kalpo\u0161anas laiks 40 000 stundas. Dzeltena kr\u0101sa. Spriegums 14,5 V DC 100\u2013240 V AC. Akumulators Li-Ion [&hellip;]<\/p>\n","protected":false},"featured_media":28761,"comment_status":"closed","ping_status":"closed","template":"","meta":{"inline_featured_image":false},"product_cat":[908],"product_tag":[],"yst_prominent_words":[],"class_list":{"0":"post-28687","1":"product","2":"type-product","3":"status-publish","4":"has-post-thumbnail","6":"product_cat-led-prozektori","8":"first","9":"outofstock","10":"taxable","11":"shipping-taxable","12":"purchasable","13":"product-type-simple"},"jetpack_sharing_enabled":true,"_links":{"self":[{"href":"https:\/\/ddt.lv\/lv\/wp-json\/wp\/v2\/product\/28687"}],"collection":[{"href":"https:\/\/ddt.lv\/lv\/wp-json\/wp\/v2\/product"}],"about":[{"href":"https:\/\/ddt.lv\/lv\/wp-json\/wp\/v2\/types\/product"}],"replies":[{"embeddable":true,"href":"https:\/\/ddt.lv\/lv\/wp-json\/wp\/v2\/comments?post=28687"}],"wp:featuredmedia":[{"embeddable":true,"href":"https:\/\/ddt.lv\/lv\/wp-json\/wp\/v2\/media\/28761"}],"wp:attachment":[{"href":"https:\/\/ddt.lv\/lv\/wp-json\/wp\/v2\/media?parent=28687"}],"wp:term":[{"taxonomy":"product_cat","embeddable":true,"href":"https:\/\/ddt.lv\/lv\/wp-json\/wp\/v2\/product_cat?post=28687"},{"taxonomy":"product_tag","embeddable":true,"href":"https:\/\/ddt.lv\/lv\/wp-json\/wp\/v2\/product_tag?post=28687"},{"taxonomy":"yst_prominent_words","embeddable":true,"href":"https:\/\/ddt.lv\/lv\/wp-json\/wp\/v2\/yst_prominent_words?post=28687"}],"curies":[{"name":"wp","href":"https:\/\/api.w.org\/{rel}","templated":true}]}}