{"id":28686,"date":"2021-10-05T15:30:21","date_gmt":"2021-10-05T12:30:21","guid":{"rendered":"https:\/\/ddt.lv\/lv\/product\/led-gls-filament-e27-2w-240v-250lm-4100k-360-spuldze-emos\/"},"modified":"2026-04-13T10:00:41","modified_gmt":"2026-04-13T07:00:41","slug":"led-gls-filament-e27-2w-240v-250lm-4100k-360-spuldze-emos","status":"publish","type":"product","link":"https:\/\/ddt.lv\/lv\/product\/led-gls-filament-e27-2w-240v-250lm-4100k-360-spuldze-emos\/","title":{"rendered":"LED GLS FILAMENT E27 2W 240V 250lm 4100K 360\u00b0 spuldze EMOS"},"content":{"rendered":"<p>FILAMENTS.<br \/>\nGlobe Mini forma.<br \/>\nKr\u0101su temperat\u016bra 4 100 K.<br \/>\nSpriegums 230 V ~ \/ 50 Hz.<br \/>\nStaru k\u016b\u013ca le\u0146\u0137is 360 \u00b0.<br \/>\nKr\u0101su atveido\u0161anas indekss (CRI) 80.<br \/>\nEner\u0123\u0113tisk\u0101 klase (no 1.9.2021.) E.<br \/>\nKalpo\u0161anas laiks 25 000 stundas.<br \/>\nStarta laiks 0,1 s.<br \/>\nCOB mikrosh\u0113mas tips.<br \/>\nP\u0101rsl\u0113g\u0161anas ciklu skaits 15 000.<br \/>\nGaismas efektivit\u0101te 125 lm \/ W.<br \/>\nIzm\u0113rs 45 \u00d7 80 mm.<\/p>","protected":false},"excerpt":{"rendered":"<p>FILAMENTS. Globe Mini forma. Kr\u0101su temperat\u016bra 4 100 K. Spriegums 230 V ~ \/ 50 Hz. Staru k\u016b\u013ca le\u0146\u0137is 360 \u00b0. Kr\u0101su atveido\u0161anas indekss (CRI) 80. Ener\u0123\u0113tisk\u0101 klase (no 1.9.2021.) E. Kalpo\u0161anas laiks 25 000 stundas. Starta laiks 0,1 s. COB mikrosh\u0113mas tips. P\u0101rsl\u0113g\u0161anas ciklu skaits 15 000. Gaismas efektivit\u0101te 125 lm \/ W. Izm\u0113rs [&hellip;]<\/p>\n","protected":false},"featured_media":28747,"comment_status":"closed","ping_status":"closed","template":"","meta":{"inline_featured_image":false},"product_cat":[925],"product_tag":[],"yst_prominent_words":[],"class_list":{"0":"post-28686","1":"product","2":"type-product","3":"status-publish","4":"has-post-thumbnail","6":"product_cat-filament-tipa-spuldzes","8":"first","9":"instock","10":"taxable","11":"shipping-taxable","12":"purchasable","13":"product-type-simple"},"jetpack_sharing_enabled":true,"_links":{"self":[{"href":"https:\/\/ddt.lv\/lv\/wp-json\/wp\/v2\/product\/28686"}],"collection":[{"href":"https:\/\/ddt.lv\/lv\/wp-json\/wp\/v2\/product"}],"about":[{"href":"https:\/\/ddt.lv\/lv\/wp-json\/wp\/v2\/types\/product"}],"replies":[{"embeddable":true,"href":"https:\/\/ddt.lv\/lv\/wp-json\/wp\/v2\/comments?post=28686"}],"wp:featuredmedia":[{"embeddable":true,"href":"https:\/\/ddt.lv\/lv\/wp-json\/wp\/v2\/media\/28747"}],"wp:attachment":[{"href":"https:\/\/ddt.lv\/lv\/wp-json\/wp\/v2\/media?parent=28686"}],"wp:term":[{"taxonomy":"product_cat","embeddable":true,"href":"https:\/\/ddt.lv\/lv\/wp-json\/wp\/v2\/product_cat?post=28686"},{"taxonomy":"product_tag","embeddable":true,"href":"https:\/\/ddt.lv\/lv\/wp-json\/wp\/v2\/product_tag?post=28686"},{"taxonomy":"yst_prominent_words","embeddable":true,"href":"https:\/\/ddt.lv\/lv\/wp-json\/wp\/v2\/yst_prominent_words?post=28686"}],"curies":[{"name":"wp","href":"https:\/\/api.w.org\/{rel}","templated":true}]}}