{"id":28681,"date":"2021-10-05T15:20:21","date_gmt":"2021-10-05T12:20:21","guid":{"rendered":"https:\/\/ddt.lv\/lv\/product\/dubultais-sledzis-zem-apmetuma-ar-rami-balts-emos\/"},"modified":"2026-04-09T16:15:44","modified_gmt":"2026-04-09T13:15:44","slug":"dubultais-sledzis-zem-apmetuma-ar-rami-balts-emos","status":"publish","type":"product","link":"https:\/\/ddt.lv\/lv\/product\/dubultais-sledzis-zem-apmetuma-ar-rami-balts-emos\/","title":{"rendered":"Dubultais sl\u0113dzis zem apmetuma ar r\u0101mi balts EMOS"},"content":{"rendered":"<p>S\u0113rijas sl\u0113dzis  &#8211; lustrai.<br \/>\nbalta kr\u0101sa (sp\u012bd\u012bga).<br \/>\nkastes mont\u0101\u017eas metode.<br \/>\nIP20 aizsardz\u012bba.<br \/>\n2 pogu dizains.<br \/>\ntips 250 V ~ \/ 10 AX.<\/p>","protected":false},"excerpt":{"rendered":"<p>S\u0113rijas sl\u0113dzis &#8211; lustrai. balta kr\u0101sa (sp\u012bd\u012bga). kastes mont\u0101\u017eas metode. IP20 aizsardz\u012bba. 2 pogu dizains. tips 250 V ~ \/ 10 AX.<\/p>\n","protected":false},"featured_media":28702,"comment_status":"closed","ping_status":"closed","template":"","meta":{"inline_featured_image":false},"product_cat":[1302],"product_tag":[],"yst_prominent_words":[],"class_list":{"0":"post-28681","1":"product","2":"type-product","3":"status-publish","4":"has-post-thumbnail","6":"product_cat-sledzi","8":"first","9":"instock","10":"taxable","11":"shipping-taxable","12":"purchasable","13":"product-type-simple"},"jetpack_sharing_enabled":true,"_links":{"self":[{"href":"https:\/\/ddt.lv\/lv\/wp-json\/wp\/v2\/product\/28681"}],"collection":[{"href":"https:\/\/ddt.lv\/lv\/wp-json\/wp\/v2\/product"}],"about":[{"href":"https:\/\/ddt.lv\/lv\/wp-json\/wp\/v2\/types\/product"}],"replies":[{"embeddable":true,"href":"https:\/\/ddt.lv\/lv\/wp-json\/wp\/v2\/comments?post=28681"}],"wp:featuredmedia":[{"embeddable":true,"href":"https:\/\/ddt.lv\/lv\/wp-json\/wp\/v2\/media\/28702"}],"wp:attachment":[{"href":"https:\/\/ddt.lv\/lv\/wp-json\/wp\/v2\/media?parent=28681"}],"wp:term":[{"taxonomy":"product_cat","embeddable":true,"href":"https:\/\/ddt.lv\/lv\/wp-json\/wp\/v2\/product_cat?post=28681"},{"taxonomy":"product_tag","embeddable":true,"href":"https:\/\/ddt.lv\/lv\/wp-json\/wp\/v2\/product_tag?post=28681"},{"taxonomy":"yst_prominent_words","embeddable":true,"href":"https:\/\/ddt.lv\/lv\/wp-json\/wp\/v2\/yst_prominent_words?post=28681"}],"curies":[{"name":"wp","href":"https:\/\/api.w.org\/{rel}","templated":true}]}}