{"id":28669,"date":"2021-10-04T13:10:14","date_gmt":"2021-10-04T10:10:14","guid":{"rendered":"https:\/\/ddt.lv\/lv\/product\/led-gu10-es111-par-11-5w-25-240v-1000lm-3000k-dim-spuldze-sylvania\/"},"modified":"2026-04-06T10:52:34","modified_gmt":"2026-04-06T07:52:34","slug":"led-gu10-es111-par-11-5w-25-240v-1000lm-3000k-dim-spuldze-sylvania","status":"publish","type":"product","link":"https:\/\/ddt.lv\/lv\/product\/led-gu10-es111-par-11-5w-25-240v-1000lm-3000k-dim-spuldze-sylvania\/","title":{"rendered":"LED GU10 ES111 PAR 11.5W 25&#8217; 240V 1000lm 3000K DIM spuldze Sylvania"},"content":{"rendered":"<p>\u2022 Ener\u0123iju taupo\u0161a nomai\u0146a halog\u0113na ES111 GU10 lamp\u0101m \u2022 Liela l\u016bmena jauda &#8211; 1000 lm \u2022 Kompakts dizains, t\u0101ds pats diametrs k\u0101 halog\u0113na lampai \u2022 Uzmont\u0113ts objekt\u012bvs, kas pal\u012bdz samazin\u0101t atsp\u012bdumu un atjaunot halog\u0113na gaismas efektu \u2022 25 \u00b0 staru le\u0146\u0137is \u2022 Augsta l\u016bmena intensit\u0101te &#8211; 4500 cd \u2022 90% ener\u0123ijas taup\u012b\u0161ana &#8211; A+ EEI v\u0113rt\u0113jums \u2022 11,5 W, kas atbilst 122 W \u2022 Regul\u0113jams \u2022 25 000 H vid\u0113jais nomin\u0101lais kalpo\u0161anas laiks, ilgst 12,5 reizes ilg\u0101k nek\u0101 alternat\u012bvas halog\u0113niem \u2022 0,90 jaudas koeficients \u2022&gt; 50 000X p\u0101rsl\u0113g\u0161an\u0101s cikls \u2022 Augsta l\u016bmena efektivit\u0101te \u201387 lm\/W \u2022 CRI 80.<\/p>","protected":false},"excerpt":{"rendered":"<p>\u2022 Ener\u0123iju taupo\u0161a nomai\u0146a halog\u0113na ES111 GU10 lamp\u0101m \u2022 Liela l\u016bmena jauda &#8211; 1000 lm \u2022 Kompakts dizains, t\u0101ds pats diametrs k\u0101 halog\u0113na lampai \u2022 Uzmont\u0113ts objekt\u012bvs, kas pal\u012bdz samazin\u0101t atsp\u012bdumu un atjaunot halog\u0113na gaismas efektu \u2022 25 \u00b0 staru le\u0146\u0137is \u2022 Augsta l\u016bmena intensit\u0101te &#8211; 4500 cd \u2022 90% ener\u0123ijas taup\u012b\u0161ana &#8211; A+ EEI [&hellip;]<\/p>\n","protected":false},"featured_media":28671,"comment_status":"closed","ping_status":"closed","template":"","meta":{"inline_featured_image":false},"product_cat":[852],"product_tag":[],"yst_prominent_words":[],"class_list":{"0":"post-28669","1":"product","2":"type-product","3":"status-publish","4":"has-post-thumbnail","6":"product_cat-gu10-spuldzes","8":"first","9":"outofstock","10":"taxable","11":"shipping-taxable","12":"purchasable","13":"product-type-simple"},"jetpack_sharing_enabled":true,"_links":{"self":[{"href":"https:\/\/ddt.lv\/lv\/wp-json\/wp\/v2\/product\/28669"}],"collection":[{"href":"https:\/\/ddt.lv\/lv\/wp-json\/wp\/v2\/product"}],"about":[{"href":"https:\/\/ddt.lv\/lv\/wp-json\/wp\/v2\/types\/product"}],"replies":[{"embeddable":true,"href":"https:\/\/ddt.lv\/lv\/wp-json\/wp\/v2\/comments?post=28669"}],"wp:featuredmedia":[{"embeddable":true,"href":"https:\/\/ddt.lv\/lv\/wp-json\/wp\/v2\/media\/28671"}],"wp:attachment":[{"href":"https:\/\/ddt.lv\/lv\/wp-json\/wp\/v2\/media?parent=28669"}],"wp:term":[{"taxonomy":"product_cat","embeddable":true,"href":"https:\/\/ddt.lv\/lv\/wp-json\/wp\/v2\/product_cat?post=28669"},{"taxonomy":"product_tag","embeddable":true,"href":"https:\/\/ddt.lv\/lv\/wp-json\/wp\/v2\/product_tag?post=28669"},{"taxonomy":"yst_prominent_words","embeddable":true,"href":"https:\/\/ddt.lv\/lv\/wp-json\/wp\/v2\/yst_prominent_words?post=28669"}],"curies":[{"name":"wp","href":"https:\/\/api.w.org\/{rel}","templated":true}]}}