{"id":28626,"date":"2021-09-29T13:00:18","date_gmt":"2021-09-29T10:00:18","guid":{"rendered":"https:\/\/ddt.lv\/lv\/product\/led-toledo-retro-fillament-dimejama-st64-gl-360lm-1700k-e27-spuldze-sylvania\/"},"modified":"2026-04-01T00:20:45","modified_gmt":"2026-03-31T21:20:45","slug":"led-toledo-retro-fillament-dimejama-st64-gl-360lm-1700k-e27-spuldze-sylvania","status":"publish","type":"product","link":"https:\/\/ddt.lv\/lv\/product\/led-toledo-retro-fillament-dimejama-st64-gl-360lm-1700k-e27-spuldze-sylvania\/","title":{"rendered":"LED TOLEDO Retro fillament Dimejama 5.5W ST64 GL 360LM 1700K E27 spuldze Sylvania"},"content":{"rendered":"<p>\u0160\u012b LED spuldze pat\u0113r\u0113 5,5 W jaudu, bet nodro\u0161ina t\u0101du pa\u0161u gaismas l\u012bmeni k\u0101 45 W kv\u0113lspuldze. Tas padara LED spuldzes par energoefekt\u012bv\u0101ku iesp\u0113ju. LED spuldze ir ilgsto\u0161a un ietaupa 85% ener\u0123ijas, samazinot apgaismojuma izmaksas.<\/p>\n<p><\/p>","protected":false},"excerpt":{"rendered":"<p>\u0160\u012b LED spuldze pat\u0113r\u0113 5,5 W jaudu, bet nodro\u0161ina t\u0101du pa\u0161u gaismas l\u012bmeni k\u0101 45 W kv\u0113lspuldze. Tas padara LED spuldzes par energoefekt\u012bv\u0101ku iesp\u0113ju. LED spuldze ir ilgsto\u0161a un ietaupa 85% ener\u0123ijas, samazinot apgaismojuma izmaksas.<\/p>\n","protected":false},"featured_media":28654,"comment_status":"closed","ping_status":"closed","template":"","meta":{"inline_featured_image":false},"product_cat":[925],"product_tag":[],"yst_prominent_words":[],"class_list":{"0":"post-28626","1":"product","2":"type-product","3":"status-publish","4":"has-post-thumbnail","6":"product_cat-filament-tipa-spuldzes","8":"first","9":"outofstock","10":"taxable","11":"shipping-taxable","12":"purchasable","13":"product-type-simple"},"jetpack_sharing_enabled":true,"_links":{"self":[{"href":"https:\/\/ddt.lv\/lv\/wp-json\/wp\/v2\/product\/28626"}],"collection":[{"href":"https:\/\/ddt.lv\/lv\/wp-json\/wp\/v2\/product"}],"about":[{"href":"https:\/\/ddt.lv\/lv\/wp-json\/wp\/v2\/types\/product"}],"replies":[{"embeddable":true,"href":"https:\/\/ddt.lv\/lv\/wp-json\/wp\/v2\/comments?post=28626"}],"wp:featuredmedia":[{"embeddable":true,"href":"https:\/\/ddt.lv\/lv\/wp-json\/wp\/v2\/media\/28654"}],"wp:attachment":[{"href":"https:\/\/ddt.lv\/lv\/wp-json\/wp\/v2\/media?parent=28626"}],"wp:term":[{"taxonomy":"product_cat","embeddable":true,"href":"https:\/\/ddt.lv\/lv\/wp-json\/wp\/v2\/product_cat?post=28626"},{"taxonomy":"product_tag","embeddable":true,"href":"https:\/\/ddt.lv\/lv\/wp-json\/wp\/v2\/product_tag?post=28626"},{"taxonomy":"yst_prominent_words","embeddable":true,"href":"https:\/\/ddt.lv\/lv\/wp-json\/wp\/v2\/yst_prominent_words?post=28626"}],"curies":[{"name":"wp","href":"https:\/\/api.w.org\/{rel}","templated":true}]}}