{"id":28623,"date":"2021-09-29T13:00:16","date_gmt":"2021-09-29T10:00:16","guid":{"rendered":"https:\/\/ddt.lv\/lv\/product\/led-toledo-g4-2-2w-12v-200lm-2700k-spuldze-sylvania\/"},"modified":"2026-04-01T00:23:22","modified_gmt":"2026-03-31T21:23:22","slug":"led-toledo-g4-2-2w-12v-200lm-2700k-spuldze-sylvania","status":"publish","type":"product","link":"https:\/\/ddt.lv\/lv\/product\/led-toledo-g4-2-2w-12v-200lm-2700k-spuldze-sylvania\/","title":{"rendered":"LED ToLEDo G4 2.2W 12V 200lm 2700K spuldze Sylvania"},"content":{"rendered":"<p>LED moderniz\u0113ta nomai\u0146a halog\u0113na zemsprieguma kapsul\u0101m;<br \/>\nKompakts dizains;<br \/>\nVisaptvero\u0161s gaismas sadal\u012bjums;<br \/>\n12V AC\/DC;<br \/>\n200lm = 21W halog\u0113na G4 lampai;<br \/>\nAugsta l\u016bmena efektivit\u0101te: 91lm\/W;<br \/>\n90% ener\u0123ijas taup\u012b\u0161ana;<br \/>\nA ++ ener\u0123ijas kategorija;<br \/>\nNav aptum\u0161ojama;<br \/>\nPiem\u0113rots lustr\u0101m, interjera displejam, skatlogiem, dekorat\u012bviem un visp\u0101r\u0113jiem apgaismojumiem;<\/p>","protected":false},"excerpt":{"rendered":"<p>LED moderniz\u0113ta nomai\u0146a halog\u0113na zemsprieguma kapsul\u0101m; Kompakts dizains; Visaptvero\u0161s gaismas sadal\u012bjums; 12V AC\/DC; 200lm = 21W halog\u0113na G4 lampai; Augsta l\u016bmena efektivit\u0101te: 91lm\/W; 90% ener\u0123ijas taup\u012b\u0161ana; A ++ ener\u0123ijas kategorija; Nav aptum\u0161ojama; Piem\u0113rots lustr\u0101m, interjera displejam, skatlogiem, dekorat\u012bviem un visp\u0101r\u0113jiem apgaismojumiem;<\/p>\n","protected":false},"featured_media":28640,"comment_status":"closed","ping_status":"closed","template":"","meta":{"inline_featured_image":false},"product_cat":[853],"product_tag":[],"yst_prominent_words":[],"class_list":{"0":"post-28623","1":"product","2":"type-product","3":"status-publish","4":"has-post-thumbnail","6":"product_cat-g4-spuldzes-led-spuldzes","8":"first","9":"instock","10":"taxable","11":"shipping-taxable","12":"purchasable","13":"product-type-simple"},"jetpack_sharing_enabled":true,"_links":{"self":[{"href":"https:\/\/ddt.lv\/lv\/wp-json\/wp\/v2\/product\/28623"}],"collection":[{"href":"https:\/\/ddt.lv\/lv\/wp-json\/wp\/v2\/product"}],"about":[{"href":"https:\/\/ddt.lv\/lv\/wp-json\/wp\/v2\/types\/product"}],"replies":[{"embeddable":true,"href":"https:\/\/ddt.lv\/lv\/wp-json\/wp\/v2\/comments?post=28623"}],"wp:featuredmedia":[{"embeddable":true,"href":"https:\/\/ddt.lv\/lv\/wp-json\/wp\/v2\/media\/28640"}],"wp:attachment":[{"href":"https:\/\/ddt.lv\/lv\/wp-json\/wp\/v2\/media?parent=28623"}],"wp:term":[{"taxonomy":"product_cat","embeddable":true,"href":"https:\/\/ddt.lv\/lv\/wp-json\/wp\/v2\/product_cat?post=28623"},{"taxonomy":"product_tag","embeddable":true,"href":"https:\/\/ddt.lv\/lv\/wp-json\/wp\/v2\/product_tag?post=28623"},{"taxonomy":"yst_prominent_words","embeddable":true,"href":"https:\/\/ddt.lv\/lv\/wp-json\/wp\/v2\/yst_prominent_words?post=28623"}],"curies":[{"name":"wp","href":"https:\/\/api.w.org\/{rel}","templated":true}]}}