{"id":28622,"date":"2021-09-29T13:00:16","date_gmt":"2021-09-29T10:00:16","guid":{"rendered":"https:\/\/ddt.lv\/lv\/product\/led-pygmy-filament-e14-2-5w-230v-250lm-2700k-spuldze-sylvania\/"},"modified":"2026-04-13T09:57:35","modified_gmt":"2026-04-13T06:57:35","slug":"led-pygmy-filament-e14-2-5w-230v-250lm-2700k-spuldze-sylvania","status":"publish","type":"product","link":"https:\/\/ddt.lv\/lv\/product\/led-pygmy-filament-e14-2-5w-230v-250lm-2700k-spuldze-sylvania\/","title":{"rendered":"LED Pygmy Filament E14 2.5W 230V 250lm 2700K spuldze Sylvania"},"content":{"rendered":"<p>\u2022 Lieliski piem\u0113rota dekorat\u012bvam un visp\u0101r\u0113jam apgaismojumam un rada siltu gaisotni, kas l\u012bdz\u012bga tradicion\u0101laj\u0101m lamp\u0101m. \u2022 Daudzpus\u012bgais ToLEDo Retro lampu kl\u0101sts ir ide\u0101ls aizst\u0101j\u0113js halog\u0113nlamp\u0101m un kv\u0113lspuldz\u0113m un lieliski piem\u0113rots lustr\u0101m un dekorat\u012bviem lietojumiem. \u2022 T\u0101ds pats izskats, izm\u0113rs un funkcionalit\u0101te k\u0101 kv\u0113lspuldz\u0113m \u2022 Visaptvero\u0161s gaismas sadal\u012bjums \u2022 A ++ energoefektivit\u0101te \u2022 Pie\u0161\u0137ir t\u0101du pa\u0161u dzirksto\u0161o gaismas efektu k\u0101 kv\u0113lspuldze \u2022 Izm\u0113ri ir identiski kv\u0113lspuldz\u0113m &#8211; der visiem gaismek\u013ciem \u2022 Videi draudz\u012bga &#8211; bez dz\u012bvsudraba un zem\u0101kas CO2 emisijas \u2022 Aptum\u0161ojama ar apstiprin\u0101tiem dimmeriem.<\/p>","protected":false},"excerpt":{"rendered":"<p>\u2022 Lieliski piem\u0113rota dekorat\u012bvam un visp\u0101r\u0113jam apgaismojumam un rada siltu gaisotni, kas l\u012bdz\u012bga tradicion\u0101laj\u0101m lamp\u0101m. \u2022 Daudzpus\u012bgais ToLEDo Retro lampu kl\u0101sts ir ide\u0101ls aizst\u0101j\u0113js halog\u0113nlamp\u0101m un kv\u0113lspuldz\u0113m un lieliski piem\u0113rots lustr\u0101m un dekorat\u012bviem lietojumiem. \u2022 T\u0101ds pats izskats, izm\u0113rs un funkcionalit\u0101te k\u0101 kv\u0113lspuldz\u0113m \u2022 Visaptvero\u0161s gaismas sadal\u012bjums \u2022 A ++ energoefektivit\u0101te \u2022 Pie\u0161\u0137ir t\u0101du pa\u0161u [&hellip;]<\/p>\n","protected":false},"featured_media":28644,"comment_status":"closed","ping_status":"closed","template":"","meta":{"inline_featured_image":false},"product_cat":[925],"product_tag":[],"yst_prominent_words":[],"class_list":{"0":"post-28622","1":"product","2":"type-product","3":"status-publish","4":"has-post-thumbnail","6":"product_cat-filament-tipa-spuldzes","8":"first","9":"instock","10":"taxable","11":"shipping-taxable","12":"purchasable","13":"product-type-simple"},"jetpack_sharing_enabled":true,"_links":{"self":[{"href":"https:\/\/ddt.lv\/lv\/wp-json\/wp\/v2\/product\/28622"}],"collection":[{"href":"https:\/\/ddt.lv\/lv\/wp-json\/wp\/v2\/product"}],"about":[{"href":"https:\/\/ddt.lv\/lv\/wp-json\/wp\/v2\/types\/product"}],"replies":[{"embeddable":true,"href":"https:\/\/ddt.lv\/lv\/wp-json\/wp\/v2\/comments?post=28622"}],"wp:featuredmedia":[{"embeddable":true,"href":"https:\/\/ddt.lv\/lv\/wp-json\/wp\/v2\/media\/28644"}],"wp:attachment":[{"href":"https:\/\/ddt.lv\/lv\/wp-json\/wp\/v2\/media?parent=28622"}],"wp:term":[{"taxonomy":"product_cat","embeddable":true,"href":"https:\/\/ddt.lv\/lv\/wp-json\/wp\/v2\/product_cat?post=28622"},{"taxonomy":"product_tag","embeddable":true,"href":"https:\/\/ddt.lv\/lv\/wp-json\/wp\/v2\/product_tag?post=28622"},{"taxonomy":"yst_prominent_words","embeddable":true,"href":"https:\/\/ddt.lv\/lv\/wp-json\/wp\/v2\/yst_prominent_words?post=28622"}],"curies":[{"name":"wp","href":"https:\/\/api.w.org\/{rel}","templated":true}]}}