{"id":28621,"date":"2021-09-29T13:00:16","date_gmt":"2021-09-29T10:00:16","guid":{"rendered":"https:\/\/ddt.lv\/lv\/product\/led-toledo-colortone-gls-e27-8-5w-ra80-806lm-2700-6500k-rgbw-spuldze-sylvania\/"},"modified":"2026-04-08T14:45:58","modified_gmt":"2026-04-08T11:45:58","slug":"led-toledo-colortone-gls-e27-8-5w-ra80-806lm-2700-6500k-rgbw-spuldze-sylvania","status":"publish","type":"product","link":"https:\/\/ddt.lv\/lv\/product\/led-toledo-colortone-gls-e27-8-5w-ra80-806lm-2700-6500k-rgbw-spuldze-sylvania\/","title":{"rendered":"LED ToLEDo ColorTone GLS E27 8.5W Ra80 806lm 2700-6500K RGBW Bluetooth SylRemote spuldze Sylvania"},"content":{"rendered":"<p>Daudzpus\u012bga, viegli uzst\u0101d\u0101ma un vienk\u0101r\u0161i lietojama LED lampa ar gudru funkcionalit\u0101ti;<br \/>\nP\u0101rveidojiet jebkuru standarta lampas kontaktligzdu par gudru un aptum\u0161ojamu instal\u0101ciju;<br \/>\nIzmantojiet Bluetooth SylRemote *, lai p\u0101rvald\u012btu kr\u0101su temperat\u016bras mai\u0146u, ieietu \/ izietu no RGB re\u017e\u012bma, palielin\u0101tu vai samazin\u0101tu spilgtumu, savienotu p\u0101r\u012b \/ atvienotu un iesl\u0113gtu \/ izsl\u0113gtu funkciju;<br \/>\nAugsta kr\u0101su precizit\u0101te &#8211; nenodro\u0161ina at\u0161\u0137ir\u012bbu kr\u0101s\u0101s, ja vienlaikus tiek iesl\u0113gtas vair\u0101kas lampas;<br \/>\nRGB re\u017e\u012bms, lai j\u016bsu istabai pievienotu jautru atmosf\u0113ru &#8211; 8x kr\u0101sas plus RGB cikls (noklus\u0113juma kr\u0101su temperat\u016bra &#8211; sarkana);<br \/>\nNoska\u0146ojamas baltas kr\u0101sas ainas iestat\u012b\u0161anai un garast\u0101vok\u013ca apgaismojumam; 5x kr\u0101su temperat\u016bra (2700K, 3000K, 4000K, 5000K, 6500K);<br \/>\nS\u0101kotn\u0113j\u0101 kr\u0101su temperat\u016bra 2700K;<br \/>\nGludi noregul\u0113jiet apgaismojuma l\u012bmeni no 100% l\u012bdz 10%;<br \/>\nLai darbin\u0101tu lampu, nav nepiecie\u0161amas v\u0101rtejas, lietotnes vai Wi-Fi savienojumi. L\u012bdz pat 15x da\u017e\u0101das Sylvania, vied\u0101s lampas var vad\u012bt ar vienu SylRemote;<br \/>\nIlgs kalpo\u0161anas laiks &#8211; 25 000 stundas;<br \/>\nPiem\u0113rots izmanto\u0161anai dz\u012bvojam\u0101s telp\u0101s, ieskaitot virtuves, dz\u012bvojam\u0101s istabas un gu\u013camistabas, k\u0101 ar\u012b komerci\u0101liem lietojumiem, piem\u0113ram, pas\u0101kumu telp\u0101m, kafejn\u012bc\u0101m, restor\u0101niem un b\u0101riem;<\/p>\n<p>Lai spuldzi kontrol\u0113tu nepiecie\u0161ams ieg\u0101d\u0101ties papildus vad\u012bbas pulti 0028905 vai ar\u012b j\u0101izv\u0113las starta komplekts (spuldze + pults) 0028906<\/p>","protected":false},"excerpt":{"rendered":"<p>Daudzpus\u012bga, viegli uzst\u0101d\u0101ma un vienk\u0101r\u0161i lietojama LED lampa ar gudru funkcionalit\u0101ti; P\u0101rveidojiet jebkuru standarta lampas kontaktligzdu par gudru un aptum\u0161ojamu instal\u0101ciju; Izmantojiet Bluetooth SylRemote *, lai p\u0101rvald\u012btu kr\u0101su temperat\u016bras mai\u0146u, ieietu \/ izietu no RGB re\u017e\u012bma, palielin\u0101tu vai samazin\u0101tu spilgtumu, savienotu p\u0101r\u012b \/ atvienotu un iesl\u0113gtu \/ izsl\u0113gtu funkciju; Augsta kr\u0101su precizit\u0101te &#8211; nenodro\u0161ina at\u0161\u0137ir\u012bbu [&hellip;]<\/p>\n","protected":false},"featured_media":28647,"comment_status":"closed","ping_status":"closed","template":"","meta":{"inline_featured_image":false},"product_cat":[1299],"product_tag":[],"yst_prominent_words":[],"class_list":{"0":"post-28621","1":"product","2":"type-product","3":"status-publish","4":"has-post-thumbnail","6":"product_cat-viedas-spuldzes","8":"first","9":"instock","10":"taxable","11":"shipping-taxable","12":"purchasable","13":"product-type-simple"},"jetpack_sharing_enabled":true,"_links":{"self":[{"href":"https:\/\/ddt.lv\/lv\/wp-json\/wp\/v2\/product\/28621"}],"collection":[{"href":"https:\/\/ddt.lv\/lv\/wp-json\/wp\/v2\/product"}],"about":[{"href":"https:\/\/ddt.lv\/lv\/wp-json\/wp\/v2\/types\/product"}],"replies":[{"embeddable":true,"href":"https:\/\/ddt.lv\/lv\/wp-json\/wp\/v2\/comments?post=28621"}],"wp:featuredmedia":[{"embeddable":true,"href":"https:\/\/ddt.lv\/lv\/wp-json\/wp\/v2\/media\/28647"}],"wp:attachment":[{"href":"https:\/\/ddt.lv\/lv\/wp-json\/wp\/v2\/media?parent=28621"}],"wp:term":[{"taxonomy":"product_cat","embeddable":true,"href":"https:\/\/ddt.lv\/lv\/wp-json\/wp\/v2\/product_cat?post=28621"},{"taxonomy":"product_tag","embeddable":true,"href":"https:\/\/ddt.lv\/lv\/wp-json\/wp\/v2\/product_tag?post=28621"},{"taxonomy":"yst_prominent_words","embeddable":true,"href":"https:\/\/ddt.lv\/lv\/wp-json\/wp\/v2\/yst_prominent_words?post=28621"}],"curies":[{"name":"wp","href":"https:\/\/api.w.org\/{rel}","templated":true}]}}