{"id":28619,"date":"2021-09-29T13:00:15","date_gmt":"2021-09-29T10:00:15","guid":{"rendered":"https:\/\/ddt.lv\/lv\/product\/led-toledo-r7s-118mm-1055lm-827bl-spuldze-sylvania\/"},"modified":"2026-04-08T14:37:44","modified_gmt":"2026-04-08T11:37:44","slug":"led-toledo-r7s-118mm-1055lm-827bl-spuldze-sylvania","status":"publish","type":"product","link":"https:\/\/ddt.lv\/lv\/product\/led-toledo-r7s-118mm-1055lm-827bl-spuldze-sylvania\/","title":{"rendered":"LED ToLEDo R7S 8W 118mm 1055lm 827 BL spuldze Sylvania"},"content":{"rendered":"<p>\u2022 ToLEDo R7s ir moderniz\u0113ta tradicion\u0101lo halog\u0113na divpus\u0113jo line\u0101ro R7s lampu nomai\u0146a<br \/>\n\u2022 Pl\u0101nais dizains un stikla konstrukcija nodro\u0161ina t\u0101du pa\u0161u izskatu un saj\u016btu k\u0101 tradicion\u0101l\u0101s halog\u0113na R7s lampas<br \/>\n\u2022 Vispus\u0113js gaismas sadal\u012bjums<br \/>\n\u2022 Augsta l\u016bmena efektivit\u0101te<br \/>\n\u2022 Lumena jauda: 1055lm<br \/>\n\u2022 89% ener\u0123ijas taup\u012b\u0161ana<br \/>\n\u2022 A ++ ener\u0123ijas nov\u0113rt\u0113jums<br \/>\n\u2022 Garums: 118mm<br \/>\n\u2022 Nav regul\u0113jams<br \/>\n\u2022 15 000 stundu vid\u0113jais nomin\u0101lais kalpo\u0161anas laiks<br \/>\n\u2022 Ide\u0101li piem\u0113rots lieto\u0161anai m\u0101j\u0101s un komerci\u0101los nol\u016bkos<\/p>","protected":false},"excerpt":{"rendered":"<p>\u2022 ToLEDo R7s ir moderniz\u0113ta tradicion\u0101lo halog\u0113na divpus\u0113jo line\u0101ro R7s lampu nomai\u0146a \u2022 Pl\u0101nais dizains un stikla konstrukcija nodro\u0161ina t\u0101du pa\u0161u izskatu un saj\u016btu k\u0101 tradicion\u0101l\u0101s halog\u0113na R7s lampas \u2022 Vispus\u0113js gaismas sadal\u012bjums \u2022 Augsta l\u016bmena efektivit\u0101te \u2022 Lumena jauda: 1055lm \u2022 89% ener\u0123ijas taup\u012b\u0161ana \u2022 A ++ ener\u0123ijas nov\u0113rt\u0113jums \u2022 Garums: 118mm \u2022 Nav [&hellip;]<\/p>\n","protected":false},"featured_media":28637,"comment_status":"closed","ping_status":"closed","template":"","meta":{"inline_featured_image":false},"product_cat":[1123],"product_tag":[],"yst_prominent_words":[],"class_list":{"0":"post-28619","1":"product","2":"type-product","3":"status-publish","4":"has-post-thumbnail","6":"product_cat-r7s","8":"first","9":"instock","10":"taxable","11":"shipping-taxable","12":"purchasable","13":"product-type-simple"},"jetpack_sharing_enabled":true,"_links":{"self":[{"href":"https:\/\/ddt.lv\/lv\/wp-json\/wp\/v2\/product\/28619"}],"collection":[{"href":"https:\/\/ddt.lv\/lv\/wp-json\/wp\/v2\/product"}],"about":[{"href":"https:\/\/ddt.lv\/lv\/wp-json\/wp\/v2\/types\/product"}],"replies":[{"embeddable":true,"href":"https:\/\/ddt.lv\/lv\/wp-json\/wp\/v2\/comments?post=28619"}],"wp:featuredmedia":[{"embeddable":true,"href":"https:\/\/ddt.lv\/lv\/wp-json\/wp\/v2\/media\/28637"}],"wp:attachment":[{"href":"https:\/\/ddt.lv\/lv\/wp-json\/wp\/v2\/media?parent=28619"}],"wp:term":[{"taxonomy":"product_cat","embeddable":true,"href":"https:\/\/ddt.lv\/lv\/wp-json\/wp\/v2\/product_cat?post=28619"},{"taxonomy":"product_tag","embeddable":true,"href":"https:\/\/ddt.lv\/lv\/wp-json\/wp\/v2\/product_tag?post=28619"},{"taxonomy":"yst_prominent_words","embeddable":true,"href":"https:\/\/ddt.lv\/lv\/wp-json\/wp\/v2\/yst_prominent_words?post=28619"}],"curies":[{"name":"wp","href":"https:\/\/api.w.org\/{rel}","templated":true}]}}