{"id":28617,"date":"2021-09-29T12:50:21","date_gmt":"2021-09-29T09:50:21","guid":{"rendered":"https:\/\/ddt.lv\/lv\/product\/led-reflektor-retro-par30-dim-11w-820lm-3000k-e27-spuldze-sylvania\/"},"modified":"2026-04-13T09:57:29","modified_gmt":"2026-04-13T06:57:29","slug":"led-reflektor-retro-par30-dim-11w-820lm-3000k-e27-spuldze-sylvania","status":"publish","type":"product","link":"https:\/\/ddt.lv\/lv\/product\/led-reflektor-retro-par30-dim-11w-820lm-3000k-e27-spuldze-sylvania\/","title":{"rendered":"LED Reflektor RETRO PAR30 DIM 11W 820lm 3000K E27 spuldze Sylvania"},"content":{"rendered":"<p>\u2022 Augstas veiktsp\u0113jas LED PAR lampa ar t\u0101du pa\u0161u izskatu un saj\u016btu k\u0101 tradicion\u0101l\u0101s PAR lampa \u2022 Stikla konstrukcija &#8211; nenoz\u012bm\u0113, ka starp lampu un stiprin\u0101jumu saduras kr\u0101sas \u2022 Samazin\u0101ta redzam\u012bba dzes\u0113t\u0101jam no priek\u0161puses \u2022 Dz\u012bvsudrabu nesaturo\u0161s risin\u0101jums \u2022 Zem\u0101kas uztur\u0113\u0161anas izmaksas \u2022 Kalpo\u0161anas laiks: l\u012bdz 25 000 stundas \u2022 Augsta l\u016bmena efektivit\u0101te \u2022 Regul\u0113jama ar apstiprin\u0101tiem gaismas dimeriem\u2022 3 gadu garantija \u2022 Piem\u0113rota visp\u0101r\u0113jam apgaismojumam un akcentu apgaismojumam viesn\u012bc\u0101s, restor\u0101nos, b\u0101ros, vestibilos, koridoros un z\u0101l\u0113s<\/p>","protected":false},"excerpt":{"rendered":"<p>\u2022 Augstas veiktsp\u0113jas LED PAR lampa ar t\u0101du pa\u0161u izskatu un saj\u016btu k\u0101 tradicion\u0101l\u0101s PAR lampa \u2022 Stikla konstrukcija &#8211; nenoz\u012bm\u0113, ka starp lampu un stiprin\u0101jumu saduras kr\u0101sas \u2022 Samazin\u0101ta redzam\u012bba dzes\u0113t\u0101jam no priek\u0161puses \u2022 Dz\u012bvsudrabu nesaturo\u0161s risin\u0101jums \u2022 Zem\u0101kas uztur\u0113\u0161anas izmaksas \u2022 Kalpo\u0161anas laiks: l\u012bdz 25 000 stundas \u2022 Augsta l\u016bmena efektivit\u0101te \u2022 Regul\u0113jama [&hellip;]<\/p>\n","protected":false},"featured_media":28635,"comment_status":"closed","ping_status":"closed","template":"","meta":{"inline_featured_image":false},"product_cat":[772,850],"product_tag":[],"yst_prominent_words":[],"class_list":{"0":"post-28617","1":"product","2":"type-product","3":"status-publish","4":"has-post-thumbnail","6":"product_cat-atlaides","7":"product_cat-e27-spuldzes","9":"first","10":"instock","11":"sale","12":"taxable","13":"shipping-taxable","14":"purchasable","15":"product-type-simple"},"jetpack_sharing_enabled":true,"_links":{"self":[{"href":"https:\/\/ddt.lv\/lv\/wp-json\/wp\/v2\/product\/28617"}],"collection":[{"href":"https:\/\/ddt.lv\/lv\/wp-json\/wp\/v2\/product"}],"about":[{"href":"https:\/\/ddt.lv\/lv\/wp-json\/wp\/v2\/types\/product"}],"replies":[{"embeddable":true,"href":"https:\/\/ddt.lv\/lv\/wp-json\/wp\/v2\/comments?post=28617"}],"wp:featuredmedia":[{"embeddable":true,"href":"https:\/\/ddt.lv\/lv\/wp-json\/wp\/v2\/media\/28635"}],"wp:attachment":[{"href":"https:\/\/ddt.lv\/lv\/wp-json\/wp\/v2\/media?parent=28617"}],"wp:term":[{"taxonomy":"product_cat","embeddable":true,"href":"https:\/\/ddt.lv\/lv\/wp-json\/wp\/v2\/product_cat?post=28617"},{"taxonomy":"product_tag","embeddable":true,"href":"https:\/\/ddt.lv\/lv\/wp-json\/wp\/v2\/product_tag?post=28617"},{"taxonomy":"yst_prominent_words","embeddable":true,"href":"https:\/\/ddt.lv\/lv\/wp-json\/wp\/v2\/yst_prominent_words?post=28617"}],"curies":[{"name":"wp","href":"https:\/\/api.w.org\/{rel}","templated":true}]}}