{"id":28616,"date":"2021-09-29T12:50:21","date_gmt":"2021-09-29T09:50:21","guid":{"rendered":"https:\/\/ddt.lv\/lv\/product\/toledo-gls-e27-8-5w-ra80-180-830-806lm-spulde-sylvania-kompl-4gb\/"},"modified":"2026-04-13T09:56:33","modified_gmt":"2026-04-13T06:56:33","slug":"toledo-gls-e27-8-5w-ra80-180-830-806lm-spulde-sylvania-kompl-4gb","status":"publish","type":"product","link":"https:\/\/ddt.lv\/lv\/product\/toledo-gls-e27-8-5w-ra80-180-830-806lm-spulde-sylvania-kompl-4gb\/","title":{"rendered":"TOLEDO GLS E27 8.5W Ra80 180&#8217; 830 806lm spulde Sylvania  kompl. 4gb."},"content":{"rendered":"<p>Komplets ar 4 spuldz\u0113m.<br \/>\n\u2022 Kompakts un elegants dizains<br \/>\n\u2022 Piem\u0113rots halog\u0113na, kv\u0113lspuld\u017eu un kompakto dienasgaismas spuld\u017eu nomai\u0146ai<br \/>\n\u2022 T\u016bl\u012bt\u0113ja gaisma, nospie\u017eot sl\u0113dzi<br \/>\n\u2022 Vienm\u0113r\u012bgs gaismas sadal\u012bjums<br \/>\n\u2022 Laba kr\u0101su atveido\u0161ana (CRI 80)<br \/>\n\u2022 Lieliski piem\u0113rots viesn\u012bc\u0101m, restor\u0101niem, vestibiliem, koridoriem, k\u0101p\u0146u telp\u0101m, uz\u0146em\u0161anas zon\u0101m<br \/>\n\u2022 Zem\u0101kas uztur\u0113\u0161anas izmaksas<br \/>\n\u2022 A+ ener\u0123ijas kategorija<br \/>\n\u2022 12 000 stundu vid\u0113jais nomin\u0101lais kalpo\u0161anas laiks<\/p>","protected":false},"excerpt":{"rendered":"<p>Komplets ar 4 spuldz\u0113m. \u2022 Kompakts un elegants dizains \u2022 Piem\u0113rots halog\u0113na, kv\u0113lspuld\u017eu un kompakto dienasgaismas spuld\u017eu nomai\u0146ai \u2022 T\u016bl\u012bt\u0113ja gaisma, nospie\u017eot sl\u0113dzi \u2022 Vienm\u0113r\u012bgs gaismas sadal\u012bjums \u2022 Laba kr\u0101su atveido\u0161ana (CRI 80) \u2022 Lieliski piem\u0113rots viesn\u012bc\u0101m, restor\u0101niem, vestibiliem, koridoriem, k\u0101p\u0146u telp\u0101m, uz\u0146em\u0161anas zon\u0101m \u2022 Zem\u0101kas uztur\u0113\u0161anas izmaksas \u2022 A+ ener\u0123ijas kategorija \u2022 12 000 [&hellip;]<\/p>\n","protected":false},"featured_media":28634,"comment_status":"closed","ping_status":"closed","template":"","meta":{"inline_featured_image":false},"product_cat":[850],"product_tag":[],"yst_prominent_words":[],"class_list":{"0":"post-28616","1":"product","2":"type-product","3":"status-publish","4":"has-post-thumbnail","6":"product_cat-e27-spuldzes","8":"first","9":"instock","10":"taxable","11":"shipping-taxable","12":"purchasable","13":"product-type-simple"},"jetpack_sharing_enabled":true,"_links":{"self":[{"href":"https:\/\/ddt.lv\/lv\/wp-json\/wp\/v2\/product\/28616"}],"collection":[{"href":"https:\/\/ddt.lv\/lv\/wp-json\/wp\/v2\/product"}],"about":[{"href":"https:\/\/ddt.lv\/lv\/wp-json\/wp\/v2\/types\/product"}],"replies":[{"embeddable":true,"href":"https:\/\/ddt.lv\/lv\/wp-json\/wp\/v2\/comments?post=28616"}],"wp:featuredmedia":[{"embeddable":true,"href":"https:\/\/ddt.lv\/lv\/wp-json\/wp\/v2\/media\/28634"}],"wp:attachment":[{"href":"https:\/\/ddt.lv\/lv\/wp-json\/wp\/v2\/media?parent=28616"}],"wp:term":[{"taxonomy":"product_cat","embeddable":true,"href":"https:\/\/ddt.lv\/lv\/wp-json\/wp\/v2\/product_cat?post=28616"},{"taxonomy":"product_tag","embeddable":true,"href":"https:\/\/ddt.lv\/lv\/wp-json\/wp\/v2\/product_tag?post=28616"},{"taxonomy":"yst_prominent_words","embeddable":true,"href":"https:\/\/ddt.lv\/lv\/wp-json\/wp\/v2\/yst_prominent_words?post=28616"}],"curies":[{"name":"wp","href":"https:\/\/api.w.org\/{rel}","templated":true}]}}