{"id":28615,"date":"2021-09-29T11:10:17","date_gmt":"2021-09-29T08:10:17","guid":{"rendered":"https:\/\/ddt.lv\/lv\/product\/led-gls-a60-frosted-e27-11w-240v-1150lm-4000k-spuldze-blist-sylvania\/"},"modified":"2026-04-13T09:50:37","modified_gmt":"2026-04-13T06:50:37","slug":"led-gls-a60-frosted-e27-11w-240v-1150lm-4000k-spuldze-blist-sylvania","status":"publish","type":"product","link":"https:\/\/ddt.lv\/lv\/product\/led-gls-a60-frosted-e27-11w-240v-1150lm-4000k-spuldze-blist-sylvania\/","title":{"rendered":"LED GLS A60 frosted E27 11W 240V 1150lm 4000K spuldze blist Sylvania"},"content":{"rendered":"<p>\u2022 Kompakts un elegants dizains<br \/>\n\u2022 Piem\u0113rots halog\u0113na, kv\u0113lspuld\u017eu un kompakto dienasgaismas GLS lampu aizst\u0101j\u0113js<br \/>\n\u2022 T\u016bl\u012bt\u0113ja gaisma, nospie\u017eot sl\u0113dzi<br \/>\n\u2022 Vienm\u0113r\u012bgs gaismas sadal\u012bjums<br \/>\n\u2022 Laba kr\u0101su atveido\u0161ana (CRI 80)<br \/>\n\u2022 Lieliski piem\u0113rots viesn\u012bc\u0101m, restor\u0101niem, vestibiliem, koridoriem, k\u0101p\u0146u telp\u0101m, uz\u0146em\u0161anas zon\u0101m<br \/>\n\u2022 Zem\u0101kas uztur\u0113\u0161anas izmaksas<br \/>\n\u2022 A+ ener\u0123ijas kategorija<\/p>","protected":false},"excerpt":{"rendered":"<p>\u2022 Kompakts un elegants dizains \u2022 Piem\u0113rots halog\u0113na, kv\u0113lspuld\u017eu un kompakto dienasgaismas GLS lampu aizst\u0101j\u0113js \u2022 T\u016bl\u012bt\u0113ja gaisma, nospie\u017eot sl\u0113dzi \u2022 Vienm\u0113r\u012bgs gaismas sadal\u012bjums \u2022 Laba kr\u0101su atveido\u0161ana (CRI 80) \u2022 Lieliski piem\u0113rots viesn\u012bc\u0101m, restor\u0101niem, vestibiliem, koridoriem, k\u0101p\u0146u telp\u0101m, uz\u0146em\u0161anas zon\u0101m \u2022 Zem\u0101kas uztur\u0113\u0161anas izmaksas \u2022 A+ ener\u0123ijas kategorija<\/p>\n","protected":false},"featured_media":28632,"comment_status":"closed","ping_status":"closed","template":"","meta":{"inline_featured_image":false},"product_cat":[850],"product_tag":[],"yst_prominent_words":[],"class_list":{"0":"post-28615","1":"product","2":"type-product","3":"status-publish","4":"has-post-thumbnail","6":"product_cat-e27-spuldzes","8":"first","9":"instock","10":"taxable","11":"shipping-taxable","12":"purchasable","13":"product-type-simple"},"jetpack_sharing_enabled":true,"_links":{"self":[{"href":"https:\/\/ddt.lv\/lv\/wp-json\/wp\/v2\/product\/28615"}],"collection":[{"href":"https:\/\/ddt.lv\/lv\/wp-json\/wp\/v2\/product"}],"about":[{"href":"https:\/\/ddt.lv\/lv\/wp-json\/wp\/v2\/types\/product"}],"replies":[{"embeddable":true,"href":"https:\/\/ddt.lv\/lv\/wp-json\/wp\/v2\/comments?post=28615"}],"wp:featuredmedia":[{"embeddable":true,"href":"https:\/\/ddt.lv\/lv\/wp-json\/wp\/v2\/media\/28632"}],"wp:attachment":[{"href":"https:\/\/ddt.lv\/lv\/wp-json\/wp\/v2\/media?parent=28615"}],"wp:term":[{"taxonomy":"product_cat","embeddable":true,"href":"https:\/\/ddt.lv\/lv\/wp-json\/wp\/v2\/product_cat?post=28615"},{"taxonomy":"product_tag","embeddable":true,"href":"https:\/\/ddt.lv\/lv\/wp-json\/wp\/v2\/product_tag?post=28615"},{"taxonomy":"yst_prominent_words","embeddable":true,"href":"https:\/\/ddt.lv\/lv\/wp-json\/wp\/v2\/yst_prominent_words?post=28615"}],"curies":[{"name":"wp","href":"https:\/\/api.w.org\/{rel}","templated":true}]}}