{"id":28579,"date":"2021-09-28T13:50:19","date_gmt":"2021-09-28T10:50:19","guid":{"rendered":"https:\/\/ddt.lv\/lv\/product\/led-gu10-6w-36-es50-v3-240v-425lm-3000k-dimmejama-spuldze-sylvania\/"},"modified":"2026-04-06T10:51:25","modified_gmt":"2026-04-06T07:51:25","slug":"led-gu10-6w-36-es50-v3-240v-425lm-3000k-dimmejama-spuldze-sylvania","status":"publish","type":"product","link":"https:\/\/ddt.lv\/lv\/product\/led-gu10-6w-36-es50-v3-240v-425lm-3000k-dimmejama-spuldze-sylvania\/","title":{"rendered":"LED GU10 6W 36&#8217; ES50 V3 240V 425lm 3000K dimmejama spuldze Sylvania"},"content":{"rendered":"<p>\u2022 Kompakts, energoefekt\u012bvs un \u0101rk\u0101rt\u012bgi izdev\u012bgs produkts. \u2022 T\u0101da pati forma un izm\u0113rs k\u0101 halog\u0113na GU10 lampai \u2022 Kompakta klasteru SMD tehnolo\u0123ija, kas nodro\u0161ina augstu efektivit\u0101ti ar halog\u0113na izskatu \u2022 Samazin\u0101ta redzam\u0101 siltuma izlietne no priek\u0161puses \u2022 Pieejama 36 gr\u0101dos \u2022 Augsta l\u016bmena efektivit\u0101te \u2022 Regul\u0113jams ar apstiprin\u0101tiem dimmeriem \u2022 Vid\u0113jais nomin\u0101lais kalpo\u0161anas laiks 15 000 stundas.<\/p>","protected":false},"excerpt":{"rendered":"<p>\u2022 Kompakts, energoefekt\u012bvs un \u0101rk\u0101rt\u012bgi izdev\u012bgs produkts. \u2022 T\u0101da pati forma un izm\u0113rs k\u0101 halog\u0113na GU10 lampai \u2022 Kompakta klasteru SMD tehnolo\u0123ija, kas nodro\u0161ina augstu efektivit\u0101ti ar halog\u0113na izskatu \u2022 Samazin\u0101ta redzam\u0101 siltuma izlietne no priek\u0161puses \u2022 Pieejama 36 gr\u0101dos \u2022 Augsta l\u016bmena efektivit\u0101te \u2022 Regul\u0113jams ar apstiprin\u0101tiem dimmeriem \u2022 Vid\u0113jais nomin\u0101lais kalpo\u0161anas laiks 15 [&hellip;]<\/p>\n","protected":false},"featured_media":28612,"comment_status":"closed","ping_status":"closed","template":"","meta":{"inline_featured_image":false},"product_cat":[852],"product_tag":[],"yst_prominent_words":[],"class_list":{"0":"post-28579","1":"product","2":"type-product","3":"status-publish","4":"has-post-thumbnail","6":"product_cat-gu10-spuldzes","8":"first","9":"instock","10":"taxable","11":"shipping-taxable","12":"purchasable","13":"product-type-simple"},"jetpack_sharing_enabled":true,"_links":{"self":[{"href":"https:\/\/ddt.lv\/lv\/wp-json\/wp\/v2\/product\/28579"}],"collection":[{"href":"https:\/\/ddt.lv\/lv\/wp-json\/wp\/v2\/product"}],"about":[{"href":"https:\/\/ddt.lv\/lv\/wp-json\/wp\/v2\/types\/product"}],"replies":[{"embeddable":true,"href":"https:\/\/ddt.lv\/lv\/wp-json\/wp\/v2\/comments?post=28579"}],"wp:featuredmedia":[{"embeddable":true,"href":"https:\/\/ddt.lv\/lv\/wp-json\/wp\/v2\/media\/28612"}],"wp:attachment":[{"href":"https:\/\/ddt.lv\/lv\/wp-json\/wp\/v2\/media?parent=28579"}],"wp:term":[{"taxonomy":"product_cat","embeddable":true,"href":"https:\/\/ddt.lv\/lv\/wp-json\/wp\/v2\/product_cat?post=28579"},{"taxonomy":"product_tag","embeddable":true,"href":"https:\/\/ddt.lv\/lv\/wp-json\/wp\/v2\/product_tag?post=28579"},{"taxonomy":"yst_prominent_words","embeddable":true,"href":"https:\/\/ddt.lv\/lv\/wp-json\/wp\/v2\/yst_prominent_words?post=28579"}],"curies":[{"name":"wp","href":"https:\/\/api.w.org\/{rel}","templated":true}]}}