{"id":28578,"date":"2021-09-28T13:50:18","date_gmt":"2021-09-28T10:50:18","guid":{"rendered":"https:\/\/ddt.lv\/lv\/product\/led-st64-retro-clear-filament-e27-4w-240v-470lm-827-spuldze-sylvania\/"},"modified":"2026-04-08T14:30:32","modified_gmt":"2026-04-08T11:30:32","slug":"led-st64-retro-clear-filament-e27-4w-240v-470lm-827-spuldze-sylvania","status":"publish","type":"product","link":"https:\/\/ddt.lv\/lv\/product\/led-st64-retro-clear-filament-e27-4w-240v-470lm-827-spuldze-sylvania\/","title":{"rendered":"LED ST64 Retro Clear filament E27 4W 240V 470lm 827 spuldze Sylvania"},"content":{"rendered":"<p>LED kv\u0113lspuldze ToLEDo Retro Vintage Edison ligzda E27 Sylvania.<\/p>\n<p>Chip LED tehnolo\u0123ija izmanto kv\u0113ldiegu, lai rad\u012btu siltu atmosf\u0113ru, kas l\u012bdz\u012bga tradicion\u0101laj\u0101m lamp\u0101m.<br \/>\nL\u012bdz 90% ener\u0123ijas ietaup\u012bjums sal\u012bdzin\u0101jum\u0101 ar kv\u0113lspuldz\u0113m.<br \/>\nSatur 4 LED pavedienus lieliskai gaismas izkliedei.<br \/>\nModerna un dizaina spuldze ar pla\u0161u 300 \u00b0 le\u0146\u0137i.<br \/>\nIlgs kalpo\u0161anas laiks &#8211; 15 000 stundas un 50 000 iesl\u0113g\u0161anas\/izsl\u0113g\u0161anas ciklu.<br \/>\nT\u016bl\u012bt\u0113ja iedarbin\u0101\u0161ana pie 100% pl\u016bsmas.<br \/>\nLieliski atbilst dekorat\u012bvajam apgaismojumam lustr\u0101s.<br \/>\nAizst\u0101j 28W halog\u0113na lampas un 40W kv\u0113lspuldzes.<\/p>","protected":false},"excerpt":{"rendered":"<p>LED kv\u0113lspuldze ToLEDo Retro Vintage Edison ligzda E27 Sylvania. Chip LED tehnolo\u0123ija izmanto kv\u0113ldiegu, lai rad\u012btu siltu atmosf\u0113ru, kas l\u012bdz\u012bga tradicion\u0101laj\u0101m lamp\u0101m. L\u012bdz 90% ener\u0123ijas ietaup\u012bjums sal\u012bdzin\u0101jum\u0101 ar kv\u0113lspuldz\u0113m. Satur 4 LED pavedienus lieliskai gaismas izkliedei. Moderna un dizaina spuldze ar pla\u0161u 300 \u00b0 le\u0146\u0137i. Ilgs kalpo\u0161anas laiks &#8211; 15 000 stundas un 50 000 [&hellip;]<\/p>\n","protected":false},"featured_media":28608,"comment_status":"closed","ping_status":"closed","template":"","meta":{"inline_featured_image":false},"product_cat":[925],"product_tag":[],"yst_prominent_words":[],"class_list":{"0":"post-28578","1":"product","2":"type-product","3":"status-publish","4":"has-post-thumbnail","6":"product_cat-filament-tipa-spuldzes","8":"first","9":"instock","10":"taxable","11":"shipping-taxable","12":"purchasable","13":"product-type-simple"},"jetpack_sharing_enabled":true,"_links":{"self":[{"href":"https:\/\/ddt.lv\/lv\/wp-json\/wp\/v2\/product\/28578"}],"collection":[{"href":"https:\/\/ddt.lv\/lv\/wp-json\/wp\/v2\/product"}],"about":[{"href":"https:\/\/ddt.lv\/lv\/wp-json\/wp\/v2\/types\/product"}],"replies":[{"embeddable":true,"href":"https:\/\/ddt.lv\/lv\/wp-json\/wp\/v2\/comments?post=28578"}],"wp:featuredmedia":[{"embeddable":true,"href":"https:\/\/ddt.lv\/lv\/wp-json\/wp\/v2\/media\/28608"}],"wp:attachment":[{"href":"https:\/\/ddt.lv\/lv\/wp-json\/wp\/v2\/media?parent=28578"}],"wp:term":[{"taxonomy":"product_cat","embeddable":true,"href":"https:\/\/ddt.lv\/lv\/wp-json\/wp\/v2\/product_cat?post=28578"},{"taxonomy":"product_tag","embeddable":true,"href":"https:\/\/ddt.lv\/lv\/wp-json\/wp\/v2\/product_tag?post=28578"},{"taxonomy":"yst_prominent_words","embeddable":true,"href":"https:\/\/ddt.lv\/lv\/wp-json\/wp\/v2\/yst_prominent_words?post=28578"}],"curies":[{"name":"wp","href":"https:\/\/api.w.org\/{rel}","templated":true}]}}