{"id":28577,"date":"2021-09-28T13:50:18","date_gmt":"2021-09-28T10:50:18","guid":{"rendered":"https:\/\/ddt.lv\/lv\/product\/led-candle-frost-bent-tip-e14-6-5w-240v-470lm-827k-spuldze-sylvania\/"},"modified":"2026-04-20T16:20:36","modified_gmt":"2026-04-20T13:20:36","slug":"led-candle-frost-bent-tip-e14-6-5w-240v-470lm-827k-spuldze-sylvania","status":"publish","type":"product","link":"https:\/\/ddt.lv\/lv\/product\/led-candle-frost-bent-tip-e14-6-5w-240v-470lm-827k-spuldze-sylvania\/","title":{"rendered":"LED CANDLE Frost Bent-tip E14 6.5W 240V 470lm 827K spuldze Sylvania"},"content":{"rendered":"<p>Vienm\u0113r\u012bgs gaismas sadal\u012bjums.<br \/>\nL\u012bdz 88% ener\u0123ijas ietaup\u012bjums sal\u012bdzin\u0101jum\u0101 ar kv\u0113lspuldz\u0113m.<br \/>\nPiem\u0113rots 40W kv\u0113lspuld\u017eu nomai\u0146ai.<br \/>\n100% moderniz\u0101cija &#8211; izm\u0113ri identiski l\u012bdzv\u0113rt\u012bgiem kv\u0113lspuld\u017eu mode\u013ciem.<br \/>\nLaba kr\u0101su atveido\u0161ana (IRC 80+).<br \/>\nVid\u0113jais kalpo\u0161anas laiks 25 000 stundu &#8211; 50 000 iesl\u0113g\u0161anas \/ izsl\u0113g\u0161anas ciklu.<br \/>\nIde\u0101li piem\u0113rots visp\u0101r\u0113jam vai dekorat\u012bvam apgaismojumam lustr\u0101s, balstiek\u0101rt\u0101s .<\/p>","protected":false},"excerpt":{"rendered":"<p>Vienm\u0113r\u012bgs gaismas sadal\u012bjums. L\u012bdz 88% ener\u0123ijas ietaup\u012bjums sal\u012bdzin\u0101jum\u0101 ar kv\u0113lspuldz\u0113m. Piem\u0113rots 40W kv\u0113lspuld\u017eu nomai\u0146ai. 100% moderniz\u0101cija &#8211; izm\u0113ri identiski l\u012bdzv\u0113rt\u012bgiem kv\u0113lspuld\u017eu mode\u013ciem. Laba kr\u0101su atveido\u0161ana (IRC 80+). Vid\u0113jais kalpo\u0161anas laiks 25 000 stundu &#8211; 50 000 iesl\u0113g\u0161anas \/ izsl\u0113g\u0161anas ciklu. Ide\u0101li piem\u0113rots visp\u0101r\u0113jam vai dekorat\u012bvam apgaismojumam lustr\u0101s, balstiek\u0101rt\u0101s .<\/p>\n","protected":false},"featured_media":28605,"comment_status":"closed","ping_status":"closed","template":"","meta":{"inline_featured_image":false},"product_cat":[851],"product_tag":[],"yst_prominent_words":[],"class_list":{"0":"post-28577","1":"product","2":"type-product","3":"status-publish","4":"has-post-thumbnail","6":"product_cat-e14-spuldzes","8":"first","9":"instock","10":"taxable","11":"shipping-taxable","12":"purchasable","13":"product-type-simple"},"jetpack_sharing_enabled":true,"_links":{"self":[{"href":"https:\/\/ddt.lv\/lv\/wp-json\/wp\/v2\/product\/28577"}],"collection":[{"href":"https:\/\/ddt.lv\/lv\/wp-json\/wp\/v2\/product"}],"about":[{"href":"https:\/\/ddt.lv\/lv\/wp-json\/wp\/v2\/types\/product"}],"replies":[{"embeddable":true,"href":"https:\/\/ddt.lv\/lv\/wp-json\/wp\/v2\/comments?post=28577"}],"wp:featuredmedia":[{"embeddable":true,"href":"https:\/\/ddt.lv\/lv\/wp-json\/wp\/v2\/media\/28605"}],"wp:attachment":[{"href":"https:\/\/ddt.lv\/lv\/wp-json\/wp\/v2\/media?parent=28577"}],"wp:term":[{"taxonomy":"product_cat","embeddable":true,"href":"https:\/\/ddt.lv\/lv\/wp-json\/wp\/v2\/product_cat?post=28577"},{"taxonomy":"product_tag","embeddable":true,"href":"https:\/\/ddt.lv\/lv\/wp-json\/wp\/v2\/product_tag?post=28577"},{"taxonomy":"yst_prominent_words","embeddable":true,"href":"https:\/\/ddt.lv\/lv\/wp-json\/wp\/v2\/yst_prominent_words?post=28577"}],"curies":[{"name":"wp","href":"https:\/\/api.w.org\/{rel}","templated":true}]}}