{"id":28576,"date":"2021-09-28T13:50:17","date_gmt":"2021-09-28T10:50:17","guid":{"rendered":"https:\/\/ddt.lv\/lv\/product\/led-g9-3w-240v-200lm-2700k-spuldze-sylvania\/"},"modified":"2026-04-01T00:07:36","modified_gmt":"2026-03-31T21:07:36","slug":"led-g9-3w-240v-200lm-2700k-spuldze-sylvania","status":"publish","type":"product","link":"https:\/\/ddt.lv\/lv\/product\/led-g9-3w-240v-200lm-2700k-spuldze-sylvania\/","title":{"rendered":"LED G9 3W 240V 200lm 2700K spuldze Sylvania"},"content":{"rendered":"<p>ToLEDo spuldzes ir spuldzes, kas atdarina kv\u0113lspuldzes un halog\u0113na spuldzes, reproduc\u0113jot silt\u0101ku gaismu. \u0160\u0101da veida spuldze ir lieliski piem\u0113rota lieto\u0161anai m\u0101j\u0101s jebkur\u0101 m\u0101jas telp\u0101. Tie j\u016bsu interjeram pie\u0161\u0137irs m\u0101j\u012bg\u0101ku un silt\u0101ku atmosf\u0113ru.<\/p>","protected":false},"excerpt":{"rendered":"<p>ToLEDo spuldzes ir spuldzes, kas atdarina kv\u0113lspuldzes un halog\u0113na spuldzes, reproduc\u0113jot silt\u0101ku gaismu. \u0160\u0101da veida spuldze ir lieliski piem\u0113rota lieto\u0161anai m\u0101j\u0101s jebkur\u0101 m\u0101jas telp\u0101. Tie j\u016bsu interjeram pie\u0161\u0137irs m\u0101j\u012bg\u0101ku un silt\u0101ku atmosf\u0113ru.<\/p>\n","protected":false},"featured_media":28603,"comment_status":"closed","ping_status":"closed","template":"","meta":{"inline_featured_image":false},"product_cat":[854],"product_tag":[],"yst_prominent_words":[],"class_list":{"0":"post-28576","1":"product","2":"type-product","3":"status-publish","4":"has-post-thumbnail","6":"product_cat-g9-spuldzes","8":"first","9":"outofstock","10":"taxable","11":"shipping-taxable","12":"purchasable","13":"product-type-simple"},"jetpack_sharing_enabled":true,"_links":{"self":[{"href":"https:\/\/ddt.lv\/lv\/wp-json\/wp\/v2\/product\/28576"}],"collection":[{"href":"https:\/\/ddt.lv\/lv\/wp-json\/wp\/v2\/product"}],"about":[{"href":"https:\/\/ddt.lv\/lv\/wp-json\/wp\/v2\/types\/product"}],"replies":[{"embeddable":true,"href":"https:\/\/ddt.lv\/lv\/wp-json\/wp\/v2\/comments?post=28576"}],"wp:featuredmedia":[{"embeddable":true,"href":"https:\/\/ddt.lv\/lv\/wp-json\/wp\/v2\/media\/28603"}],"wp:attachment":[{"href":"https:\/\/ddt.lv\/lv\/wp-json\/wp\/v2\/media?parent=28576"}],"wp:term":[{"taxonomy":"product_cat","embeddable":true,"href":"https:\/\/ddt.lv\/lv\/wp-json\/wp\/v2\/product_cat?post=28576"},{"taxonomy":"product_tag","embeddable":true,"href":"https:\/\/ddt.lv\/lv\/wp-json\/wp\/v2\/product_tag?post=28576"},{"taxonomy":"yst_prominent_words","embeddable":true,"href":"https:\/\/ddt.lv\/lv\/wp-json\/wp\/v2\/yst_prominent_words?post=28576"}],"curies":[{"name":"wp","href":"https:\/\/api.w.org\/{rel}","templated":true}]}}