{"id":28574,"date":"2021-09-28T13:50:16","date_gmt":"2021-09-28T10:50:16","guid":{"rendered":"https:\/\/ddt.lv\/lv\/product\/led-globe-retro-g80-clear-e27-4w-240v-470lm-2700k-spuldze-sylvania\/"},"modified":"2026-04-13T09:47:53","modified_gmt":"2026-04-13T06:47:53","slug":"led-globe-retro-g80-clear-e27-4w-240v-470lm-2700k-spuldze-sylvania","status":"publish","type":"product","link":"https:\/\/ddt.lv\/lv\/product\/led-globe-retro-g80-clear-e27-4w-240v-470lm-2700k-spuldze-sylvania\/","title":{"rendered":"LED GLOBE Retro G80 Clear E27 4W 240V 470lm 2700K spuldze Sylvania"},"content":{"rendered":"<p>\u2022 Lieliski piem\u0113rots dekorat\u012bvam un visp\u0101r\u0113jam apgaismojumam un rada siltu gaisotni, kas l\u012bdz\u012bga tradicion\u0101laj\u0101m lamp\u0101m<br \/>\n\u2022 T\u0101ds pats izskats, izm\u0113rs un funkcionalit\u0101te k\u0101 kv\u0113lspuldz\u0113m<br \/>\n\u2022 Vispus\u0113js gaismas sadal\u012bjums<br \/>\n\u2022 A ++ ener\u0123ijas nov\u0113rt\u0113jums<br \/>\n\u2022 Piem\u0113rota kv\u0113lspuld\u017eu un halog\u0113na lampu nomai\u0146a<br \/>\n\u2022 Pie\u0161\u0137ir t\u0101du pa\u0161u dzirksto\u0161u gaismas efektu k\u0101 kv\u0113lspuldze<br \/>\n\u2022 Izm\u0113ri ir identiski kv\u0113lspuldz\u0113m &#8211; der visiem stiprin\u0101jumiem<\/p>","protected":false},"excerpt":{"rendered":"<p>\u2022 Lieliski piem\u0113rots dekorat\u012bvam un visp\u0101r\u0113jam apgaismojumam un rada siltu gaisotni, kas l\u012bdz\u012bga tradicion\u0101laj\u0101m lamp\u0101m \u2022 T\u0101ds pats izskats, izm\u0113rs un funkcionalit\u0101te k\u0101 kv\u0113lspuldz\u0113m \u2022 Vispus\u0113js gaismas sadal\u012bjums \u2022 A ++ ener\u0123ijas nov\u0113rt\u0113jums \u2022 Piem\u0113rota kv\u0113lspuld\u017eu un halog\u0113na lampu nomai\u0146a \u2022 Pie\u0161\u0137ir t\u0101du pa\u0161u dzirksto\u0161u gaismas efektu k\u0101 kv\u0113lspuldze \u2022 Izm\u0113ri ir identiski kv\u0113lspuldz\u0113m &#8211; [&hellip;]<\/p>\n","protected":false},"featured_media":28600,"comment_status":"closed","ping_status":"closed","template":"","meta":{"inline_featured_image":false},"product_cat":[925],"product_tag":[],"yst_prominent_words":[],"class_list":{"0":"post-28574","1":"product","2":"type-product","3":"status-publish","4":"has-post-thumbnail","6":"product_cat-filament-tipa-spuldzes","8":"first","9":"instock","10":"taxable","11":"shipping-taxable","12":"purchasable","13":"product-type-simple"},"jetpack_sharing_enabled":true,"_links":{"self":[{"href":"https:\/\/ddt.lv\/lv\/wp-json\/wp\/v2\/product\/28574"}],"collection":[{"href":"https:\/\/ddt.lv\/lv\/wp-json\/wp\/v2\/product"}],"about":[{"href":"https:\/\/ddt.lv\/lv\/wp-json\/wp\/v2\/types\/product"}],"replies":[{"embeddable":true,"href":"https:\/\/ddt.lv\/lv\/wp-json\/wp\/v2\/comments?post=28574"}],"wp:featuredmedia":[{"embeddable":true,"href":"https:\/\/ddt.lv\/lv\/wp-json\/wp\/v2\/media\/28600"}],"wp:attachment":[{"href":"https:\/\/ddt.lv\/lv\/wp-json\/wp\/v2\/media?parent=28574"}],"wp:term":[{"taxonomy":"product_cat","embeddable":true,"href":"https:\/\/ddt.lv\/lv\/wp-json\/wp\/v2\/product_cat?post=28574"},{"taxonomy":"product_tag","embeddable":true,"href":"https:\/\/ddt.lv\/lv\/wp-json\/wp\/v2\/product_tag?post=28574"},{"taxonomy":"yst_prominent_words","embeddable":true,"href":"https:\/\/ddt.lv\/lv\/wp-json\/wp\/v2\/yst_prominent_words?post=28574"}],"curies":[{"name":"wp","href":"https:\/\/api.w.org\/{rel}","templated":true}]}}