{"id":28573,"date":"2021-09-28T13:50:15","date_gmt":"2021-09-28T10:50:15","guid":{"rendered":"https:\/\/ddt.lv\/lv\/product\/led-reflektor-e27-10w-240v-r63-850lm-3000k-spuldze-bl-sylvania\/"},"modified":"2026-04-13T09:47:50","modified_gmt":"2026-04-13T06:47:50","slug":"led-reflektor-e27-10w-240v-r63-850lm-3000k-spuldze-bl-sylvania","status":"publish","type":"product","link":"https:\/\/ddt.lv\/lv\/product\/led-reflektor-e27-10w-240v-r63-850lm-3000k-spuldze-bl-sylvania\/","title":{"rendered":"LED Reflektor E27 10W 240V R63 850lm 3000K spuldze BL Sylvania"},"content":{"rendered":"<p>Ener\u0123ijas pat\u0113ri\u0146\u0161: 10 W.<br \/>\nAtbilst kv\u0113lspuldzei: 63 W.<br \/>\nB\u0101ze: E27.<br \/>\nGaismas kr\u0101sa: silti balta.<br \/>\nKr\u0101su temperat\u016bra: 3000K.<br \/>\nApdare: mat\u0113ta.<br \/>\nDizains: atstarot\u0101js R63.<br \/>\nM\u016b\u017ea ilgums: 30 000 h.<br \/>\nP\u0101rsl\u0113g\u0161an\u0101s cikli: 15 000x.<br \/>\nGaismas pl\u016bsma l\u016bmenos: 850 lm.<br \/>\nKr\u0101su atveidojums: 80 Ra.<\/p>","protected":false},"excerpt":{"rendered":"<p>Ener\u0123ijas pat\u0113ri\u0146\u0161: 10 W. Atbilst kv\u0113lspuldzei: 63 W. B\u0101ze: E27. Gaismas kr\u0101sa: silti balta. Kr\u0101su temperat\u016bra: 3000K. Apdare: mat\u0113ta. Dizains: atstarot\u0101js R63. M\u016b\u017ea ilgums: 30 000 h. P\u0101rsl\u0113g\u0161an\u0101s cikli: 15 000x. Gaismas pl\u016bsma l\u016bmenos: 850 lm. Kr\u0101su atveidojums: 80 Ra.<\/p>\n","protected":false},"featured_media":28596,"comment_status":"closed","ping_status":"closed","template":"","meta":{"inline_featured_image":false},"product_cat":[772,850],"product_tag":[],"yst_prominent_words":[],"class_list":{"0":"post-28573","1":"product","2":"type-product","3":"status-publish","4":"has-post-thumbnail","6":"product_cat-atlaides","7":"product_cat-e27-spuldzes","9":"first","10":"instock","11":"sale","12":"taxable","13":"shipping-taxable","14":"purchasable","15":"product-type-simple"},"jetpack_sharing_enabled":true,"_links":{"self":[{"href":"https:\/\/ddt.lv\/lv\/wp-json\/wp\/v2\/product\/28573"}],"collection":[{"href":"https:\/\/ddt.lv\/lv\/wp-json\/wp\/v2\/product"}],"about":[{"href":"https:\/\/ddt.lv\/lv\/wp-json\/wp\/v2\/types\/product"}],"replies":[{"embeddable":true,"href":"https:\/\/ddt.lv\/lv\/wp-json\/wp\/v2\/comments?post=28573"}],"wp:featuredmedia":[{"embeddable":true,"href":"https:\/\/ddt.lv\/lv\/wp-json\/wp\/v2\/media\/28596"}],"wp:attachment":[{"href":"https:\/\/ddt.lv\/lv\/wp-json\/wp\/v2\/media?parent=28573"}],"wp:term":[{"taxonomy":"product_cat","embeddable":true,"href":"https:\/\/ddt.lv\/lv\/wp-json\/wp\/v2\/product_cat?post=28573"},{"taxonomy":"product_tag","embeddable":true,"href":"https:\/\/ddt.lv\/lv\/wp-json\/wp\/v2\/product_tag?post=28573"},{"taxonomy":"yst_prominent_words","embeddable":true,"href":"https:\/\/ddt.lv\/lv\/wp-json\/wp\/v2\/yst_prominent_words?post=28573"}],"curies":[{"name":"wp","href":"https:\/\/api.w.org\/{rel}","templated":true}]}}