{"id":28571,"date":"2021-09-28T13:50:14","date_gmt":"2021-09-28T10:50:14","guid":{"rendered":"https:\/\/ddt.lv\/lv\/product\/led-gu10-5w-30-240v-305lm-3000k-spuldze-sylvania\/"},"modified":"2026-04-06T10:47:13","modified_gmt":"2026-04-06T07:47:13","slug":"led-gu10-5w-30-240v-305lm-3000k-spuldze-sylvania","status":"publish","type":"product","link":"https:\/\/ddt.lv\/lv\/product\/led-gu10-5w-30-240v-305lm-3000k-spuldze-sylvania\/","title":{"rendered":"LED GU10 5W 30&#8217; 240V 305lm 3000K spuldze Sylvania"},"content":{"rendered":"<p>Diapazona iez\u012bmes;<br \/>\nL\u012bdz 89% ener\u0123ijas ietaup\u012bjums sal\u012bdzin\u0101jum\u0101 ar halog\u0113nu.<br \/>\n5W patiesa 45W halog\u0113na aizst\u0101\u0161ana.<br \/>\nSijas le\u0146\u0137is 30 \u00b0.<br \/>\n3000K Silta balta.<br \/>\nAugsta gaismas efektivit\u0101te: l\u012bdz 61 lm\/W.<br \/>\nVid\u0113jais nomin\u0101lais kalpo\u0161anas laiks ir 25 000 stundas.<\/p>","protected":false},"excerpt":{"rendered":"<p>Diapazona iez\u012bmes; L\u012bdz 89% ener\u0123ijas ietaup\u012bjums sal\u012bdzin\u0101jum\u0101 ar halog\u0113nu. 5W patiesa 45W halog\u0113na aizst\u0101\u0161ana. Sijas le\u0146\u0137is 30 \u00b0. 3000K Silta balta. Augsta gaismas efektivit\u0101te: l\u012bdz 61 lm\/W. Vid\u0113jais nomin\u0101lais kalpo\u0161anas laiks ir 25 000 stundas.<\/p>\n","protected":false},"featured_media":28591,"comment_status":"closed","ping_status":"closed","template":"","meta":{"inline_featured_image":false},"product_cat":[772,852],"product_tag":[],"yst_prominent_words":[],"class_list":{"0":"post-28571","1":"product","2":"type-product","3":"status-publish","4":"has-post-thumbnail","6":"product_cat-atlaides","7":"product_cat-gu10-spuldzes","9":"first","10":"instock","11":"sale","12":"taxable","13":"shipping-taxable","14":"purchasable","15":"product-type-simple"},"jetpack_sharing_enabled":true,"_links":{"self":[{"href":"https:\/\/ddt.lv\/lv\/wp-json\/wp\/v2\/product\/28571"}],"collection":[{"href":"https:\/\/ddt.lv\/lv\/wp-json\/wp\/v2\/product"}],"about":[{"href":"https:\/\/ddt.lv\/lv\/wp-json\/wp\/v2\/types\/product"}],"replies":[{"embeddable":true,"href":"https:\/\/ddt.lv\/lv\/wp-json\/wp\/v2\/comments?post=28571"}],"wp:featuredmedia":[{"embeddable":true,"href":"https:\/\/ddt.lv\/lv\/wp-json\/wp\/v2\/media\/28591"}],"wp:attachment":[{"href":"https:\/\/ddt.lv\/lv\/wp-json\/wp\/v2\/media?parent=28571"}],"wp:term":[{"taxonomy":"product_cat","embeddable":true,"href":"https:\/\/ddt.lv\/lv\/wp-json\/wp\/v2\/product_cat?post=28571"},{"taxonomy":"product_tag","embeddable":true,"href":"https:\/\/ddt.lv\/lv\/wp-json\/wp\/v2\/product_tag?post=28571"},{"taxonomy":"yst_prominent_words","embeddable":true,"href":"https:\/\/ddt.lv\/lv\/wp-json\/wp\/v2\/yst_prominent_words?post=28571"}],"curies":[{"name":"wp","href":"https:\/\/api.w.org\/{rel}","templated":true}]}}