{"id":28513,"date":"2021-09-23T13:30:17","date_gmt":"2021-09-23T10:30:17","guid":{"rendered":"https:\/\/ddt.lv\/lv\/product\/kompakta-cepeskrasns-850w-9l-d-23cm-melna-unold\/"},"modified":"2026-04-08T14:40:48","modified_gmt":"2026-04-08T11:40:48","slug":"kompakta-cepeskrasns-850w-9l-d-23cm-melna-unold","status":"publish","type":"product","link":"https:\/\/ddt.lv\/lv\/product\/kompakta-cepeskrasns-850w-9l-d-23cm-melna-unold\/","title":{"rendered":"Kompakt\u0101 cepe\u0161kr\u0101sns 850W 9l d-23cm melna UNOLD"},"content":{"rendered":"<p>Vakara uzkod\u0101m cep divas mini picas &#8211; vai brokast\u012bs sald\u0113tas maiz\u012btes? Sald\u0113ta k\u016bka \u0113rtam kafijas laikam p\u0113cpusdien\u0101? Liela cepe\u0161kr\u0101sns nav nepiecie\u0161ama, jo OVEN Compact ir jaud\u012bgs visam l\u012bdz apm. 23 cm diametr\u0101! Cep\u0161anai un kop\u0161anai var \u0113rti iestat\u012bt no 100 \u00b0 C l\u012bdz 230 \u00b0 C. P\u0113c vajadz\u012bbas OVEN Compact nodro\u0161ina da\u017e\u0101dus ievieto\u0161anas l\u012bme\u0146us kr\u0101sns dobum\u0101 &#8211; 9 litrus. Aug\u0161\u0113jais\/apak\u0161\u0113jais siltums ir iek\u013cauts.<\/p>\n<p>60 min\u016b\u0161u taimeris pied\u0101v\u0101 elast\u012bbu: iestatiet visu un p\u0113c tam nomazg\u0101jieties du\u0161\u0101\u2026 Dro\u0161\u012bbas apsv\u0113rumu d\u0113\u013c un lai nekas nedegtu, tiek nodro\u0161in\u0101ts akustisks gatav\u012bbas sign\u0101ls. Un indikatora gaisma, protams! Siltumizol\u0113tais korpuss (atbilst jaun\u0101kajiem ES standartiem) un stikla pake\u0161u durvis ietaupa ener\u0123iju. Cep\u0161anas papl\u0101ti vai plauktu var ievietot da\u017e\u0101dos ievieto\u0161anas l\u012bme\u0146os. Apak\u0161\u0113j\u0101 papl\u0101te ir no\u0146emama t\u012br\u012b\u0161anai, ja uz papl\u0101tes kaut kas pil. Lietot\u0101ja rokasgr\u0101mat\u0101 ir iedvesmojo\u0161as receptes idejas, un t\u0101 ir iek\u013cauta: Unold\u00ae standarts!<\/p>\n<p><\/p>","protected":false},"excerpt":{"rendered":"<p>Vakara uzkod\u0101m cep divas mini picas &#8211; vai brokast\u012bs sald\u0113tas maiz\u012btes? Sald\u0113ta k\u016bka \u0113rtam kafijas laikam p\u0113cpusdien\u0101? Liela cepe\u0161kr\u0101sns nav nepiecie\u0161ama, jo OVEN Compact ir jaud\u012bgs visam l\u012bdz apm. 23 cm diametr\u0101! Cep\u0161anai un kop\u0161anai var \u0113rti iestat\u012bt no 100 \u00b0 C l\u012bdz 230 \u00b0 C. P\u0113c vajadz\u012bbas OVEN Compact nodro\u0161ina da\u017e\u0101dus ievieto\u0161anas l\u012bme\u0146us kr\u0101sns [&hellip;]<\/p>\n","protected":false},"featured_media":28544,"comment_status":"closed","ping_status":"closed","template":"","meta":{"inline_featured_image":false},"product_cat":[536],"product_tag":[],"yst_prominent_words":[],"class_list":{"0":"post-28513","1":"product","2":"type-product","3":"status-publish","4":"has-post-thumbnail","6":"product_cat-elektriskas-krasnis","8":"first","9":"outofstock","10":"taxable","11":"shipping-taxable","12":"purchasable","13":"product-type-simple"},"jetpack_sharing_enabled":true,"_links":{"self":[{"href":"https:\/\/ddt.lv\/lv\/wp-json\/wp\/v2\/product\/28513"}],"collection":[{"href":"https:\/\/ddt.lv\/lv\/wp-json\/wp\/v2\/product"}],"about":[{"href":"https:\/\/ddt.lv\/lv\/wp-json\/wp\/v2\/types\/product"}],"replies":[{"embeddable":true,"href":"https:\/\/ddt.lv\/lv\/wp-json\/wp\/v2\/comments?post=28513"}],"wp:featuredmedia":[{"embeddable":true,"href":"https:\/\/ddt.lv\/lv\/wp-json\/wp\/v2\/media\/28544"}],"wp:attachment":[{"href":"https:\/\/ddt.lv\/lv\/wp-json\/wp\/v2\/media?parent=28513"}],"wp:term":[{"taxonomy":"product_cat","embeddable":true,"href":"https:\/\/ddt.lv\/lv\/wp-json\/wp\/v2\/product_cat?post=28513"},{"taxonomy":"product_tag","embeddable":true,"href":"https:\/\/ddt.lv\/lv\/wp-json\/wp\/v2\/product_tag?post=28513"},{"taxonomy":"yst_prominent_words","embeddable":true,"href":"https:\/\/ddt.lv\/lv\/wp-json\/wp\/v2\/yst_prominent_words?post=28513"}],"curies":[{"name":"wp","href":"https:\/\/api.w.org\/{rel}","templated":true}]}}