{"id":28512,"date":"2021-09-23T13:30:16","date_gmt":"2021-09-23T10:30:16","guid":{"rendered":"https:\/\/ddt.lv\/lv\/product\/ledus-masina-freeze-700g-melna-unold\/"},"modified":"2026-04-08T14:40:48","modified_gmt":"2026-04-08T11:40:48","slug":"ledus-masina-freeze-700g-melna-unold","status":"publish","type":"product","link":"https:\/\/ddt.lv\/lv\/product\/ledus-masina-freeze-700g-melna-unold\/","title":{"rendered":"Ledus ma\u0161\u012bna Freeze 700g melna UNOLD"},"content":{"rendered":"<p>Vairs nav ledus gabali\u0146u plastmasas maisi\u0146u un ledus gabali\u0146u veid\u0146u, kas aizsprosto sald\u0113tavas nodal\u012bjumu vai sald\u0113tavu! ICE CUBE MAKER vienas stundas laik\u0101 nodro\u0161ina milz\u012bgu daudzumu ledus gabali\u0146u. Nekas netrauc\u0113 koktei\u013cu ball\u012btei pat ar daudziem viesiem!<\/p>\n<p>Ledus kubi\u0146u veidot\u0101ja \u016bdens tvertn\u0113 ir aptuveni 1,6 litri \u016bdens &#8211; un tas p\u0101rv\u0113r\u0161as par aptuveni 700 gramiem ledus gabali\u0146u, kurus vienm\u0113r var redz\u0113t caur lielo skata logu v\u0101k\u0101.<\/p>\n<p>Darb\u012bba ir \u013coti vienk\u0101r\u0161a: ielejiet \u016bdeni, nospiediet pogu &#8211; un j\u016bs s\u0101kat ledus gabali\u0146u ra\u017eo\u0161anu. Kontrollampi\u0146a dod sign\u0101lu, tikl\u012bdz ledus gabali\u0146u tvertne ir pilna. Tad tiek izmantota ledus liek\u0161\u0137ere, kas ir iek\u0101rtas sast\u0101vda\u013ca &#8211; un, tikl\u012bdz trauks ir iztuk\u0161ots, var sagatavot n\u0101kamo &#8220;kravu&#8221;.<\/p>\n<p>Ka visas deta\u013cas, kas non\u0101k saskar\u0113 ar p\u0101rtiku, nesatur BPA &#8211; Unold ir pa\u0161saprotama lieta!<\/p>\n<p>Meln\u0101 ledus kubi\u0146u veidot\u0101js ir lielisks un tikpat praktisks acu uzmet\u0113js ikvien\u0101 ball\u012bt\u0113, kas nodro\u0161ina perfekti atdzes\u0113tus dz\u0113rienus ar alkoholu un bez t\u0101!<\/p>\n<p><\/p>","protected":false},"excerpt":{"rendered":"<p>Vairs nav ledus gabali\u0146u plastmasas maisi\u0146u un ledus gabali\u0146u veid\u0146u, kas aizsprosto sald\u0113tavas nodal\u012bjumu vai sald\u0113tavu! ICE CUBE MAKER vienas stundas laik\u0101 nodro\u0161ina milz\u012bgu daudzumu ledus gabali\u0146u. Nekas netrauc\u0113 koktei\u013cu ball\u012btei pat ar daudziem viesiem! Ledus kubi\u0146u veidot\u0101ja \u016bdens tvertn\u0113 ir aptuveni 1,6 litri \u016bdens &#8211; un tas p\u0101rv\u0113r\u0161as par aptuveni 700 gramiem ledus gabali\u0146u, [&hellip;]<\/p>\n","protected":false},"featured_media":28533,"comment_status":"closed","ping_status":"closed","template":"","meta":{"inline_featured_image":false},"product_cat":[527],"product_tag":[],"yst_prominent_words":[],"class_list":{"0":"post-28512","1":"product","2":"type-product","3":"status-publish","4":"has-post-thumbnail","6":"product_cat-saldejuma-un-popkorna-aparati","8":"first","9":"instock","10":"taxable","11":"shipping-taxable","12":"purchasable","13":"product-type-simple"},"jetpack_sharing_enabled":true,"_links":{"self":[{"href":"https:\/\/ddt.lv\/lv\/wp-json\/wp\/v2\/product\/28512"}],"collection":[{"href":"https:\/\/ddt.lv\/lv\/wp-json\/wp\/v2\/product"}],"about":[{"href":"https:\/\/ddt.lv\/lv\/wp-json\/wp\/v2\/types\/product"}],"replies":[{"embeddable":true,"href":"https:\/\/ddt.lv\/lv\/wp-json\/wp\/v2\/comments?post=28512"}],"wp:featuredmedia":[{"embeddable":true,"href":"https:\/\/ddt.lv\/lv\/wp-json\/wp\/v2\/media\/28533"}],"wp:attachment":[{"href":"https:\/\/ddt.lv\/lv\/wp-json\/wp\/v2\/media?parent=28512"}],"wp:term":[{"taxonomy":"product_cat","embeddable":true,"href":"https:\/\/ddt.lv\/lv\/wp-json\/wp\/v2\/product_cat?post=28512"},{"taxonomy":"product_tag","embeddable":true,"href":"https:\/\/ddt.lv\/lv\/wp-json\/wp\/v2\/product_tag?post=28512"},{"taxonomy":"yst_prominent_words","embeddable":true,"href":"https:\/\/ddt.lv\/lv\/wp-json\/wp\/v2\/yst_prominent_words?post=28512"}],"curies":[{"name":"wp","href":"https:\/\/api.w.org\/{rel}","templated":true}]}}