{"id":28511,"date":"2021-09-23T13:30:14","date_gmt":"2021-09-23T10:30:14","guid":{"rendered":"https:\/\/ddt.lv\/lv\/product\/siltumventilators-rondo-4-rezimi-2000w-balts-unold\/"},"modified":"2026-04-13T10:00:52","modified_gmt":"2026-04-13T07:00:52","slug":"siltumventilators-rondo-4-rezimi-2000w-balts-unold","status":"publish","type":"product","link":"https:\/\/ddt.lv\/lv\/product\/siltumventilators-rondo-4-rezimi-2000w-balts-unold\/","title":{"rendered":"Siltumventilators RONDO 4 re\u017e\u012bmi 2000W balts UNOLD"},"content":{"rendered":"<p>\u010cetru pak\u0101pju sl\u0113dzis izsl\u0113g\u0161anai, ventil\u0101cijai, siltam gaisam, karstam gaisam.<br \/>\n    Termostats ar bezgal\u012bgi main\u012bgu temperat\u016bras kontroli.<br \/>\n    Iztur\u012bgs plastmasas korpuss.<br \/>\n    Aizsardz\u012bba pret sasv\u0113r\u0161anos\/autom\u0101tiska izsl\u0113g\u0161an\u0101s = dro\u0161\u012bbas izsl\u0113g\u0161ana.<br \/>\n    \u013boti viegls.<br \/>\n    Praktisks p\u0101rn\u0113s\u0101\u0161anas rokturis korpus\u0101.<br \/>\n    aizsardz\u012bba pret p\u0101rkar\u0161anu.<br \/>\n    II aizsardz\u012bbas klase.<br \/>\n    jauda: 1.800-2.000 W, 220-240 V ~, 50\/60 Hz.<br \/>\n    Svars: apm. 1,2 kg.<br \/>\n    Kabelis: apm. 130 cm.<br \/>\n    Izm\u0113ri (WxDxHxD): apm. 25 x 16,8 x 25 cm.<\/p>","protected":false},"excerpt":{"rendered":"<p>\u010cetru pak\u0101pju sl\u0113dzis izsl\u0113g\u0161anai, ventil\u0101cijai, siltam gaisam, karstam gaisam. Termostats ar bezgal\u012bgi main\u012bgu temperat\u016bras kontroli. Iztur\u012bgs plastmasas korpuss. Aizsardz\u012bba pret sasv\u0113r\u0161anos\/autom\u0101tiska izsl\u0113g\u0161an\u0101s = dro\u0161\u012bbas izsl\u0113g\u0161ana. \u013boti viegls. Praktisks p\u0101rn\u0113s\u0101\u0161anas rokturis korpus\u0101. aizsardz\u012bba pret p\u0101rkar\u0161anu. II aizsardz\u012bbas klase. jauda: 1.800-2.000 W, 220-240 V ~, 50\/60 Hz. Svars: apm. 1,2 kg. Kabelis: apm. 130 cm. Izm\u0113ri (WxDxHxD): [&hellip;]<\/p>\n","protected":false},"featured_media":28517,"comment_status":"closed","ping_status":"closed","template":"","meta":{"inline_featured_image":false},"product_cat":[540],"product_tag":[],"yst_prominent_words":[],"class_list":{"0":"post-28511","1":"product","2":"type-product","3":"status-publish","4":"has-post-thumbnail","6":"product_cat-ventilatori-silditaji","8":"first","9":"outofstock","10":"taxable","11":"shipping-taxable","12":"purchasable","13":"product-type-simple"},"jetpack_sharing_enabled":true,"_links":{"self":[{"href":"https:\/\/ddt.lv\/lv\/wp-json\/wp\/v2\/product\/28511"}],"collection":[{"href":"https:\/\/ddt.lv\/lv\/wp-json\/wp\/v2\/product"}],"about":[{"href":"https:\/\/ddt.lv\/lv\/wp-json\/wp\/v2\/types\/product"}],"replies":[{"embeddable":true,"href":"https:\/\/ddt.lv\/lv\/wp-json\/wp\/v2\/comments?post=28511"}],"wp:featuredmedia":[{"embeddable":true,"href":"https:\/\/ddt.lv\/lv\/wp-json\/wp\/v2\/media\/28517"}],"wp:attachment":[{"href":"https:\/\/ddt.lv\/lv\/wp-json\/wp\/v2\/media?parent=28511"}],"wp:term":[{"taxonomy":"product_cat","embeddable":true,"href":"https:\/\/ddt.lv\/lv\/wp-json\/wp\/v2\/product_cat?post=28511"},{"taxonomy":"product_tag","embeddable":true,"href":"https:\/\/ddt.lv\/lv\/wp-json\/wp\/v2\/product_tag?post=28511"},{"taxonomy":"yst_prominent_words","embeddable":true,"href":"https:\/\/ddt.lv\/lv\/wp-json\/wp\/v2\/yst_prominent_words?post=28511"}],"curies":[{"name":"wp","href":"https:\/\/api.w.org\/{rel}","templated":true}]}}