{"id":28510,"date":"2021-09-23T13:30:14","date_gmt":"2021-09-23T10:30:14","guid":{"rendered":"https:\/\/ddt.lv\/lv\/product\/siltumventilators-rondo-oscilejoss-2000w-balts-unold\/"},"modified":"2026-04-27T08:40:51","modified_gmt":"2026-04-27T05:40:51","slug":"siltumventilators-rondo-oscilejoss-2000w-balts-unold","status":"publish","type":"product","link":"https:\/\/ddt.lv\/lv\/product\/siltumventilators-rondo-oscilejoss-2000w-balts-unold\/","title":{"rendered":"Siltumventilators RONDO oscil\u0113jo\u0161s 2000W balts UNOLD"},"content":{"rendered":"<p>Ventilatora elektriskais telpas sild\u012bt\u0101js. Piem\u0113rots: iek\u0161telp\u0101s, izvieto\u0161anas iesp\u0113jas: gr\u012bda, galda, produkta kr\u0101sa: pel\u0113ka, balta. Apkures jauda: 2000 W, Sild\u012b\u0161anas jauda (min): 1000 W. Mai\u0146str\u0101vas ieejas spriegums: 220 &#8211; 240 V, mai\u0146str\u0101vas ieejas frekvence: 50\/60 Hz. Platums: 194 mm, Dzi\u013cums: 250 mm, Augstums: 298 mm<\/p>","protected":false},"excerpt":{"rendered":"<p>Ventilatora elektriskais telpas sild\u012bt\u0101js. Piem\u0113rots: iek\u0161telp\u0101s, izvieto\u0161anas iesp\u0113jas: gr\u012bda, galda, produkta kr\u0101sa: pel\u0113ka, balta. Apkures jauda: 2000 W, Sild\u012b\u0161anas jauda (min): 1000 W. Mai\u0146str\u0101vas ieejas spriegums: 220 &#8211; 240 V, mai\u0146str\u0101vas ieejas frekvence: 50\/60 Hz. Platums: 194 mm, Dzi\u013cums: 250 mm, Augstums: 298 mm<\/p>\n","protected":false},"featured_media":28526,"comment_status":"closed","ping_status":"closed","template":"","meta":{"inline_featured_image":false},"product_cat":[540],"product_tag":[],"yst_prominent_words":[],"class_list":{"0":"post-28510","1":"product","2":"type-product","3":"status-publish","4":"has-post-thumbnail","6":"product_cat-ventilatori-silditaji","8":"first","9":"outofstock","10":"taxable","11":"shipping-taxable","12":"purchasable","13":"product-type-simple"},"jetpack_sharing_enabled":true,"_links":{"self":[{"href":"https:\/\/ddt.lv\/lv\/wp-json\/wp\/v2\/product\/28510"}],"collection":[{"href":"https:\/\/ddt.lv\/lv\/wp-json\/wp\/v2\/product"}],"about":[{"href":"https:\/\/ddt.lv\/lv\/wp-json\/wp\/v2\/types\/product"}],"replies":[{"embeddable":true,"href":"https:\/\/ddt.lv\/lv\/wp-json\/wp\/v2\/comments?post=28510"}],"wp:featuredmedia":[{"embeddable":true,"href":"https:\/\/ddt.lv\/lv\/wp-json\/wp\/v2\/media\/28526"}],"wp:attachment":[{"href":"https:\/\/ddt.lv\/lv\/wp-json\/wp\/v2\/media?parent=28510"}],"wp:term":[{"taxonomy":"product_cat","embeddable":true,"href":"https:\/\/ddt.lv\/lv\/wp-json\/wp\/v2\/product_cat?post=28510"},{"taxonomy":"product_tag","embeddable":true,"href":"https:\/\/ddt.lv\/lv\/wp-json\/wp\/v2\/product_tag?post=28510"},{"taxonomy":"yst_prominent_words","embeddable":true,"href":"https:\/\/ddt.lv\/lv\/wp-json\/wp\/v2\/yst_prominent_words?post=28510"}],"curies":[{"name":"wp","href":"https:\/\/api.w.org\/{rel}","templated":true}]}}