{"id":28509,"date":"2021-09-23T13:30:13","date_gmt":"2021-09-23T10:30:13","guid":{"rendered":"https:\/\/ddt.lv\/lv\/product\/siltumventilators-rotate-2000w-melns-sudrabs-unold\/"},"modified":"2026-04-27T08:40:51","modified_gmt":"2026-04-27T05:40:51","slug":"siltumventilators-rotate-2000w-melns-sudrabs-unold","status":"publish","type":"product","link":"https:\/\/ddt.lv\/lv\/product\/siltumventilators-rotate-2000w-melns-sudrabs-unold\/","title":{"rendered":"Siltumventilators ROTATE 2000W, sild\u012bt\u0101js melns\/sudrabs UNOLD, Sild\u012bt\u0101js"},"content":{"rendered":"<p>4 pak\u0101pju sl\u0113dzis :, ventil\u0101cija, silts gaiss un karsts gaiss.<br \/>\nSv\u0101rst\u012bga ventilatora galva.<br \/>\nMain\u012bga temperat\u016bras kontrole.<br \/>\nAizsardz\u012bba pret p\u0101rkar\u0161anu.<br \/>\nDro\u0161\u012bbas atsl\u0113g\u0161ana.<br \/>\nP\u0101rn\u0113s\u0101\u0161anas rokturis.<\/p>","protected":false},"excerpt":{"rendered":"<p>4 pak\u0101pju sl\u0113dzis :, ventil\u0101cija, silts gaiss un karsts gaiss. Sv\u0101rst\u012bga ventilatora galva. Main\u012bga temperat\u016bras kontrole. Aizsardz\u012bba pret p\u0101rkar\u0161anu. Dro\u0161\u012bbas atsl\u0113g\u0161ana. P\u0101rn\u0113s\u0101\u0161anas rokturis.<\/p>\n","protected":false},"featured_media":28514,"comment_status":"closed","ping_status":"closed","template":"","meta":{"inline_featured_image":false},"product_cat":[772,540],"product_tag":[],"yst_prominent_words":[],"class_list":{"0":"post-28509","1":"product","2":"type-product","3":"status-publish","4":"has-post-thumbnail","6":"product_cat-atlaides","7":"product_cat-ventilatori-silditaji","9":"first","10":"outofstock","11":"sale","12":"taxable","13":"shipping-taxable","14":"purchasable","15":"product-type-simple"},"jetpack_sharing_enabled":true,"_links":{"self":[{"href":"https:\/\/ddt.lv\/lv\/wp-json\/wp\/v2\/product\/28509"}],"collection":[{"href":"https:\/\/ddt.lv\/lv\/wp-json\/wp\/v2\/product"}],"about":[{"href":"https:\/\/ddt.lv\/lv\/wp-json\/wp\/v2\/types\/product"}],"replies":[{"embeddable":true,"href":"https:\/\/ddt.lv\/lv\/wp-json\/wp\/v2\/comments?post=28509"}],"wp:featuredmedia":[{"embeddable":true,"href":"https:\/\/ddt.lv\/lv\/wp-json\/wp\/v2\/media\/28514"}],"wp:attachment":[{"href":"https:\/\/ddt.lv\/lv\/wp-json\/wp\/v2\/media?parent=28509"}],"wp:term":[{"taxonomy":"product_cat","embeddable":true,"href":"https:\/\/ddt.lv\/lv\/wp-json\/wp\/v2\/product_cat?post=28509"},{"taxonomy":"product_tag","embeddable":true,"href":"https:\/\/ddt.lv\/lv\/wp-json\/wp\/v2\/product_tag?post=28509"},{"taxonomy":"yst_prominent_words","embeddable":true,"href":"https:\/\/ddt.lv\/lv\/wp-json\/wp\/v2\/yst_prominent_words?post=28509"}],"curies":[{"name":"wp","href":"https:\/\/api.w.org\/{rel}","templated":true}]}}