{"id":28459,"date":"2021-09-22T12:20:20","date_gmt":"2021-09-22T09:20:20","guid":{"rendered":"https:\/\/ddt.lv\/lv\/product\/lukturis-atslegas-piekarins-1w-5led-30lm-ip44-sarkans-3xlr44-entac\/"},"modified":"2026-04-08T14:36:38","modified_gmt":"2026-04-08T11:36:38","slug":"lukturis-atslegas-piekarins-1w-5led-30lm-ip44-sarkans-3xlr44-entac","status":"publish","type":"product","link":"https:\/\/ddt.lv\/lv\/product\/lukturis-atslegas-piekarins-1w-5led-30lm-ip44-sarkans-3xlr44-entac\/","title":{"rendered":"Lukturis\/atsl\u0113gas piekari\u0146\u0161 1W 5LED 30lm IP44 sarkans (3xLR44) ENTAC"},"content":{"rendered":"<p>Entac atsl\u0113gu piekari\u0146u luktur\u012b\u0161i nodro\u0161in\u0101s jums nepiecie\u0161amo gaismu jebkur\u0101 situ\u0101cij\u0101. Lai tas b\u016btu str\u0101vas padeves p\u0101rtraukums, ekskursija, tum\u0161s ziemas r\u012bts vai jebkura cita situ\u0101cija, m\u016bsu luktur\u012b\u0161i un l\u0101pas noder\u0113s. M\u016bsu atsl\u0113gu piekari\u0146a luktur\u012btis ar IP44 aizsardz\u012bbu ir patiesi iztur\u012bgs un to var izmantot ar\u012b mitros apst\u0101k\u013cos. T\u0101 atsl\u0113gu piekari\u0146a dizains \u013cauj \u0113rti tur\u0113t pie mums luktur\u012bti visu laiku. Gaismu nodro\u0161ina piecas 1 W un 30 l\u016bmenu gaismas diodes, kas nodro\u0161ina redzam\u012bbu l\u012bdz 15 metriem. Pieejams sudraba, meln\u0101, sarkan\u0101 un zil\u0101 kr\u0101s\u0101. Tas darbojas ar 3 LR44 baterij\u0101m. T\u0101s darb\u012bbas laiks ir ne vair\u0101k k\u0101 2 stundas.<\/p>","protected":false},"excerpt":{"rendered":"<p>Entac atsl\u0113gu piekari\u0146u luktur\u012b\u0161i nodro\u0161in\u0101s jums nepiecie\u0161amo gaismu jebkur\u0101 situ\u0101cij\u0101. Lai tas b\u016btu str\u0101vas padeves p\u0101rtraukums, ekskursija, tum\u0161s ziemas r\u012bts vai jebkura cita situ\u0101cija, m\u016bsu luktur\u012b\u0161i un l\u0101pas noder\u0113s. M\u016bsu atsl\u0113gu piekari\u0146a luktur\u012btis ar IP44 aizsardz\u012bbu ir patiesi iztur\u012bgs un to var izmantot ar\u012b mitros apst\u0101k\u013cos. T\u0101 atsl\u0113gu piekari\u0146a dizains \u013cauj \u0113rti tur\u0113t pie mums [&hellip;]<\/p>\n","protected":false},"featured_media":28464,"comment_status":"closed","ping_status":"closed","template":"","meta":{"inline_featured_image":false},"product_cat":[726],"product_tag":[],"yst_prominent_words":[],"class_list":{"0":"post-28459","1":"product","2":"type-product","3":"status-publish","4":"has-post-thumbnail","6":"product_cat-kabatas","8":"first","9":"instock","10":"taxable","11":"shipping-taxable","12":"purchasable","13":"product-type-simple"},"jetpack_sharing_enabled":true,"_links":{"self":[{"href":"https:\/\/ddt.lv\/lv\/wp-json\/wp\/v2\/product\/28459"}],"collection":[{"href":"https:\/\/ddt.lv\/lv\/wp-json\/wp\/v2\/product"}],"about":[{"href":"https:\/\/ddt.lv\/lv\/wp-json\/wp\/v2\/types\/product"}],"replies":[{"embeddable":true,"href":"https:\/\/ddt.lv\/lv\/wp-json\/wp\/v2\/comments?post=28459"}],"wp:featuredmedia":[{"embeddable":true,"href":"https:\/\/ddt.lv\/lv\/wp-json\/wp\/v2\/media\/28464"}],"wp:attachment":[{"href":"https:\/\/ddt.lv\/lv\/wp-json\/wp\/v2\/media?parent=28459"}],"wp:term":[{"taxonomy":"product_cat","embeddable":true,"href":"https:\/\/ddt.lv\/lv\/wp-json\/wp\/v2\/product_cat?post=28459"},{"taxonomy":"product_tag","embeddable":true,"href":"https:\/\/ddt.lv\/lv\/wp-json\/wp\/v2\/product_tag?post=28459"},{"taxonomy":"yst_prominent_words","embeddable":true,"href":"https:\/\/ddt.lv\/lv\/wp-json\/wp\/v2\/yst_prominent_words?post=28459"}],"curies":[{"name":"wp","href":"https:\/\/api.w.org\/{rel}","templated":true}]}}