{"id":28457,"date":"2021-09-22T12:20:19","date_gmt":"2021-09-22T09:20:19","guid":{"rendered":"https:\/\/ddt.lv\/lv\/product\/lukturis-3w-led-150lm-ip44-aluminija-melns-zoom2xaaa-entac\/"},"modified":"2026-04-06T10:56:44","modified_gmt":"2026-04-06T07:56:44","slug":"lukturis-3w-led-150lm-ip44-aluminija-melns-zoom2xaaa-entac","status":"publish","type":"product","link":"https:\/\/ddt.lv\/lv\/product\/lukturis-3w-led-150lm-ip44-aluminija-melns-zoom2xaaa-entac\/","title":{"rendered":"Lukturis 3W LED 150lm IP44 alum\u012bnija melns ZOOM(2xAAA) ENTAC"},"content":{"rendered":"<p>Entac pildspalvas alum\u012bnija luktur\u012b\u0161i ar jostas skavu nodro\u0161in\u0101s jums nepiecie\u0161amo gaismu jebkur\u0101 situ\u0101cij\u0101. Lai tas b\u016btu str\u0101vas padeves p\u0101rtraukums, ekskursija, tum\u0161s ziemas r\u012bts vai jebkura cita situ\u0101cija, m\u016bsu luktur\u012b\u0161i un l\u0101pas noder\u0113s. Ar IP44 aizsardz\u012bbu \u0161o alum\u012bnija luktur\u012bti ar jostas skavu var izmantot ar\u012b mitros apst\u0101k\u013cos, savuk\u0101rt alum\u012bnija korpuss nodro\u0161ina t\u0101 iztur\u012bbu. Pateicoties pl\u0101najam dizainam, j\u016bs varat viegli apgaismot ar\u012b \u0161auras vietas, savuk\u0101rt jostas skava padara \u0161o produktu \u012bpa\u0161i p\u0101rn\u0113s\u0101jamu. Gaismu nodro\u0161ina 3W un 150 l\u016bmenu XPE LED, kas nodro\u0161ina redzes diapazonu l\u012bdz 100 metriem. Lukturis darbojas ar 2 AAA tipa baterij\u0101m. T\u0101s darb\u012bbas laiks ir ne vair\u0101k k\u0101 4 stundas.<\/p>","protected":false},"excerpt":{"rendered":"<p>Entac pildspalvas alum\u012bnija luktur\u012b\u0161i ar jostas skavu nodro\u0161in\u0101s jums nepiecie\u0161amo gaismu jebkur\u0101 situ\u0101cij\u0101. Lai tas b\u016btu str\u0101vas padeves p\u0101rtraukums, ekskursija, tum\u0161s ziemas r\u012bts vai jebkura cita situ\u0101cija, m\u016bsu luktur\u012b\u0161i un l\u0101pas noder\u0113s. Ar IP44 aizsardz\u012bbu \u0161o alum\u012bnija luktur\u012bti ar jostas skavu var izmantot ar\u012b mitros apst\u0101k\u013cos, savuk\u0101rt alum\u012bnija korpuss nodro\u0161ina t\u0101 iztur\u012bbu. Pateicoties pl\u0101najam dizainam, [&hellip;]<\/p>\n","protected":false},"featured_media":28461,"comment_status":"closed","ping_status":"closed","template":"","meta":{"inline_featured_image":false},"product_cat":[727,726],"product_tag":[],"yst_prominent_words":[],"class_list":{"0":"post-28457","1":"product","2":"type-product","3":"status-publish","4":"has-post-thumbnail","6":"product_cat-galvas","7":"product_cat-kabatas","9":"first","10":"instock","11":"taxable","12":"shipping-taxable","13":"purchasable","14":"product-type-simple"},"jetpack_sharing_enabled":true,"_links":{"self":[{"href":"https:\/\/ddt.lv\/lv\/wp-json\/wp\/v2\/product\/28457"}],"collection":[{"href":"https:\/\/ddt.lv\/lv\/wp-json\/wp\/v2\/product"}],"about":[{"href":"https:\/\/ddt.lv\/lv\/wp-json\/wp\/v2\/types\/product"}],"replies":[{"embeddable":true,"href":"https:\/\/ddt.lv\/lv\/wp-json\/wp\/v2\/comments?post=28457"}],"wp:featuredmedia":[{"embeddable":true,"href":"https:\/\/ddt.lv\/lv\/wp-json\/wp\/v2\/media\/28461"}],"wp:attachment":[{"href":"https:\/\/ddt.lv\/lv\/wp-json\/wp\/v2\/media?parent=28457"}],"wp:term":[{"taxonomy":"product_cat","embeddable":true,"href":"https:\/\/ddt.lv\/lv\/wp-json\/wp\/v2\/product_cat?post=28457"},{"taxonomy":"product_tag","embeddable":true,"href":"https:\/\/ddt.lv\/lv\/wp-json\/wp\/v2\/product_tag?post=28457"},{"taxonomy":"yst_prominent_words","embeddable":true,"href":"https:\/\/ddt.lv\/lv\/wp-json\/wp\/v2\/yst_prominent_words?post=28457"}],"curies":[{"name":"wp","href":"https:\/\/api.w.org\/{rel}","templated":true}]}}