{"id":28446,"date":"2021-09-21T13:50:20","date_gmt":"2021-09-21T10:50:20","guid":{"rendered":"https:\/\/ddt.lv\/lv\/product\/lukturis-power-bank-3w-2w-cob-led-350lm-1200mah-usb-melns-entac\/"},"modified":"2026-04-08T17:10:20","modified_gmt":"2026-04-08T14:10:20","slug":"lukturis-power-bank-3w-2w-cob-led-350lm-1200mah-usb-melns-entac","status":"publish","type":"product","link":"https:\/\/ddt.lv\/lv\/product\/lukturis-power-bank-3w-2w-cob-led-350lm-1200mah-usb-melns-entac\/","title":{"rendered":"Lukturis+Power Bank 3W+2W COB LED 350lm 1200mAh USB melns ENTAC"},"content":{"rendered":"<p>Gaismas pl\u016bsma: 350Lm.<br \/>\nJauda: 3W LED.<br \/>\nKr\u0101sa melna.<br \/>\nMateri\u0101ls: alum\u012bnijs.<br \/>\nAr akumulatoru darbin\u0101ms: litija jonu 1200 mAh (ieb\u016bv\u0113ts).<br \/>\nUSB izeja.<br \/>\nFokus\u0113jams (t\u0101lummai\u0146as funkcija).<br \/>\nBaro\u0161anas bankas funkcija.<br \/>\nGaismas re\u017e\u012bmi: 4.<br \/>\nIP44.<br \/>\nIepakojums: 184 mm x 108 mm x 34 mm.<br \/>\nSvars: 114 g..<br \/>\n<\/p>","protected":false},"excerpt":{"rendered":"<p>Gaismas pl\u016bsma: 350Lm. Jauda: 3W LED. Kr\u0101sa melna. Materi\u0101ls: alum\u012bnijs. Ar akumulatoru darbin\u0101ms: litija jonu 1200 mAh (ieb\u016bv\u0113ts). USB izeja. Fokus\u0113jams (t\u0101lummai\u0146as funkcija). Baro\u0161anas bankas funkcija. Gaismas re\u017e\u012bmi: 4. IP44. Iepakojums: 184 mm x 108 mm x 34 mm. Svars: 114 g..<\/p>\n","protected":false},"featured_media":28447,"comment_status":"closed","ping_status":"closed","template":"","meta":{"inline_featured_image":false},"product_cat":[726],"product_tag":[],"yst_prominent_words":[],"class_list":{"0":"post-28446","1":"product","2":"type-product","3":"status-publish","4":"has-post-thumbnail","6":"product_cat-kabatas","8":"first","9":"instock","10":"taxable","11":"shipping-taxable","12":"purchasable","13":"product-type-simple"},"jetpack_sharing_enabled":true,"_links":{"self":[{"href":"https:\/\/ddt.lv\/lv\/wp-json\/wp\/v2\/product\/28446"}],"collection":[{"href":"https:\/\/ddt.lv\/lv\/wp-json\/wp\/v2\/product"}],"about":[{"href":"https:\/\/ddt.lv\/lv\/wp-json\/wp\/v2\/types\/product"}],"replies":[{"embeddable":true,"href":"https:\/\/ddt.lv\/lv\/wp-json\/wp\/v2\/comments?post=28446"}],"wp:featuredmedia":[{"embeddable":true,"href":"https:\/\/ddt.lv\/lv\/wp-json\/wp\/v2\/media\/28447"}],"wp:attachment":[{"href":"https:\/\/ddt.lv\/lv\/wp-json\/wp\/v2\/media?parent=28446"}],"wp:term":[{"taxonomy":"product_cat","embeddable":true,"href":"https:\/\/ddt.lv\/lv\/wp-json\/wp\/v2\/product_cat?post=28446"},{"taxonomy":"product_tag","embeddable":true,"href":"https:\/\/ddt.lv\/lv\/wp-json\/wp\/v2\/product_tag?post=28446"},{"taxonomy":"yst_prominent_words","embeddable":true,"href":"https:\/\/ddt.lv\/lv\/wp-json\/wp\/v2\/yst_prominent_words?post=28446"}],"curies":[{"name":"wp","href":"https:\/\/api.w.org\/{rel}","templated":true}]}}