{"id":28403,"date":"2021-09-21T11:40:22","date_gmt":"2021-09-21T08:40:22","guid":{"rendered":"https:\/\/ddt.lv\/lv\/product\/pagarinatajs-slegta-korpusa-4-10m-ip20-3x1-0mm\/"},"modified":"2026-04-06T11:00:34","modified_gmt":"2026-04-06T08:00:34","slug":"pagarinatajs-slegta-korpusa-4-10m-ip20-3x1-0mm","status":"publish","type":"product","link":"https:\/\/ddt.lv\/lv\/product\/pagarinatajs-slegta-korpusa-4-10m-ip20-3x1-0mm\/","title":{"rendered":"Pagarin\u0101t\u0101js sl\u0113gt\u0101 korpus\u0101 4\/10m IP20 3&#215;1.0mm"},"content":{"rendered":"<p>Kvalitat\u012bvs SCHUKO pagarin\u0101juma kabe\u013ca tinumu cilindrs. Ide\u0101li piem\u0113rots 230 V ~ t\u012bkliem. Pateicoties cilindram, to ir \u0113rti lietot.<\/p>","protected":false},"excerpt":{"rendered":"<p>Kvalitat\u012bvs SCHUKO pagarin\u0101juma kabe\u013ca tinumu cilindrs. Ide\u0101li piem\u0113rots 230 V ~ t\u012bkliem. Pateicoties cilindram, to ir \u0113rti lietot.<\/p>\n","protected":false},"featured_media":28420,"comment_status":"closed","ping_status":"closed","template":"","meta":{"inline_featured_image":false},"product_cat":[1343],"product_tag":[],"yst_prominent_words":[],"class_list":{"0":"post-28403","1":"product","2":"type-product","3":"status-publish","4":"has-post-thumbnail","6":"product_cat-pagarinataji-spole","8":"first","9":"instock","10":"taxable","11":"shipping-taxable","12":"purchasable","13":"product-type-simple"},"jetpack_sharing_enabled":true,"_links":{"self":[{"href":"https:\/\/ddt.lv\/lv\/wp-json\/wp\/v2\/product\/28403"}],"collection":[{"href":"https:\/\/ddt.lv\/lv\/wp-json\/wp\/v2\/product"}],"about":[{"href":"https:\/\/ddt.lv\/lv\/wp-json\/wp\/v2\/types\/product"}],"replies":[{"embeddable":true,"href":"https:\/\/ddt.lv\/lv\/wp-json\/wp\/v2\/comments?post=28403"}],"wp:featuredmedia":[{"embeddable":true,"href":"https:\/\/ddt.lv\/lv\/wp-json\/wp\/v2\/media\/28420"}],"wp:attachment":[{"href":"https:\/\/ddt.lv\/lv\/wp-json\/wp\/v2\/media?parent=28403"}],"wp:term":[{"taxonomy":"product_cat","embeddable":true,"href":"https:\/\/ddt.lv\/lv\/wp-json\/wp\/v2\/product_cat?post=28403"},{"taxonomy":"product_tag","embeddable":true,"href":"https:\/\/ddt.lv\/lv\/wp-json\/wp\/v2\/product_tag?post=28403"},{"taxonomy":"yst_prominent_words","embeddable":true,"href":"https:\/\/ddt.lv\/lv\/wp-json\/wp\/v2\/yst_prominent_words?post=28403"}],"curies":[{"name":"wp","href":"https:\/\/api.w.org\/{rel}","templated":true}]}}