{"id":28402,"date":"2021-09-21T11:40:22","date_gmt":"2021-09-21T08:40:22","guid":{"rendered":"https:\/\/ddt.lv\/lv\/product\/meteostacija-pulkstenis-modinatajs-bezvadu-balts4xaaaemos\/"},"modified":"2026-04-01T00:20:32","modified_gmt":"2026-03-31T21:20:32","slug":"meteostacija-pulkstenis-modinatajs-bezvadu-balts4xaaaemos","status":"publish","type":"product","link":"https:\/\/ddt.lv\/lv\/product\/meteostacija-pulkstenis-modinatajs-bezvadu-balts4xaaaemos\/","title":{"rendered":"Meteostacija\/pulkstenis\/modin\u0101t\u0101js\/bezvadu, balts(4xAAA)EMOS"},"content":{"rendered":"<p>iesp\u0113ja uzst\u0101d\u012bt pie sienas.<br \/>\n\u0101ra temperat\u016bra -20 \u00b0 C l\u012bdz +60 \u00b0 C, iz\u0161\u0137irtsp\u0113ja 0,1 \u00b0 C.<br \/>\n\u0101r\u0113jais mitrums 20% un 95% RH, iz\u0161\u0137irtsp\u0113ja 1%.<br \/>\nLaika prognoze.<br \/>\npulkste\u0146i DCF (radio vad\u0101ms pulkstenis).<br \/>\nmin. un maks. temperat\u016bra.<br \/>\nm\u0113ness f\u0101zes.<br \/>\ndatums.<br \/>\nspiediena tendence.<br \/>\nbezvadu termometra tips.<br \/>\nstacijas baro\u0161anas avots 2 \u00d7 1,5 V AAA (nav iek\u013cauts komplekt\u0101).<br \/>\nkalend\u0101rs.<br \/>\niek\u0161\u0113j\u0101 temperat\u016bra 0 \u00b0 C un +50 \u00b0 C, iz\u0161\u0137irtsp\u0113ja 0,1 \u00b0 C.<br \/>\nLED fona apgaismojums.<br \/>\nj\u016bras l\u012bmenis.<br \/>\nkr\u0101su displejs (melna maska).<br \/>\n12\/24 laika form\u0101ts .<br \/>\nsensora baro\u0161anas avots 2 \u00d7 1,5 V AAA (nav iek\u013cauts komplekt\u0101).<br \/>\nmodin\u0101t\u0101js, 2 \u00d7.<br \/>\niek\u0161\u0113jais mitrums 20% un 95% RH, iz\u0161\u0137irtsp\u0113ja 1%.<br \/>\nlaika zonas.<br \/>\niesp\u0113ja iestat\u012bt temperat\u016bras vien\u012bbu: \u00b0 C \/ \u00b0 F \u00b0 C \/ \u00b0 F.<br \/>\nsign\u0101la p\u0101rraides frekvence 433 MHz.<br \/>\ngalven\u0101s ier\u012bces izm\u0113ri ir 19 \u00d7 186 \u00d7 120 mm.<br \/>\nsensora izm\u0113ri 17 \u00d7 40 \u00d7 97 mm.<\/p>\n<p><\/p>","protected":false},"excerpt":{"rendered":"<p>iesp\u0113ja uzst\u0101d\u012bt pie sienas. \u0101ra temperat\u016bra -20 \u00b0 C l\u012bdz +60 \u00b0 C, iz\u0161\u0137irtsp\u0113ja 0,1 \u00b0 C. \u0101r\u0113jais mitrums 20% un 95% RH, iz\u0161\u0137irtsp\u0113ja 1%. Laika prognoze. pulkste\u0146i DCF (radio vad\u0101ms pulkstenis). min. un maks. temperat\u016bra. m\u0113ness f\u0101zes. datums. spiediena tendence. bezvadu termometra tips. stacijas baro\u0161anas avots 2 \u00d7 1,5 V AAA (nav iek\u013cauts komplekt\u0101). [&hellip;]<\/p>\n","protected":false},"featured_media":28429,"comment_status":"closed","ping_status":"closed","template":"","meta":{"inline_featured_image":false},"product_cat":[541],"product_tag":[],"yst_prominent_words":[],"class_list":{"0":"post-28402","1":"product","2":"type-product","3":"status-publish","4":"has-post-thumbnail","6":"product_cat-termometri-meteostacijas","8":"first","9":"outofstock","10":"taxable","11":"shipping-taxable","12":"purchasable","13":"product-type-simple"},"jetpack_sharing_enabled":true,"_links":{"self":[{"href":"https:\/\/ddt.lv\/lv\/wp-json\/wp\/v2\/product\/28402"}],"collection":[{"href":"https:\/\/ddt.lv\/lv\/wp-json\/wp\/v2\/product"}],"about":[{"href":"https:\/\/ddt.lv\/lv\/wp-json\/wp\/v2\/types\/product"}],"replies":[{"embeddable":true,"href":"https:\/\/ddt.lv\/lv\/wp-json\/wp\/v2\/comments?post=28402"}],"wp:featuredmedia":[{"embeddable":true,"href":"https:\/\/ddt.lv\/lv\/wp-json\/wp\/v2\/media\/28429"}],"wp:attachment":[{"href":"https:\/\/ddt.lv\/lv\/wp-json\/wp\/v2\/media?parent=28402"}],"wp:term":[{"taxonomy":"product_cat","embeddable":true,"href":"https:\/\/ddt.lv\/lv\/wp-json\/wp\/v2\/product_cat?post=28402"},{"taxonomy":"product_tag","embeddable":true,"href":"https:\/\/ddt.lv\/lv\/wp-json\/wp\/v2\/product_tag?post=28402"},{"taxonomy":"yst_prominent_words","embeddable":true,"href":"https:\/\/ddt.lv\/lv\/wp-json\/wp\/v2\/yst_prominent_words?post=28402"}],"curies":[{"name":"wp","href":"https:\/\/api.w.org\/{rel}","templated":true}]}}