{"id":28401,"date":"2021-09-21T11:40:21","date_gmt":"2021-09-21T08:40:21","guid":{"rendered":"https:\/\/ddt.lv\/lv\/product\/led-candle-e14-8w-230v-806lm-4100k-spuldze-emos\/"},"modified":"2026-04-20T16:20:36","modified_gmt":"2026-04-20T13:20:36","slug":"led-candle-e14-8w-230v-806lm-4100k-spuldze-emos","status":"publish","type":"product","link":"https:\/\/ddt.lv\/lv\/product\/led-candle-e14-8w-230v-806lm-4100k-spuldze-emos\/","title":{"rendered":"LED Candle E14 8W 230V 806lm 4100K spuldze EMOS"},"content":{"rendered":"<p>LED spuldze EMOS ZQ3231 no pirm\u0101 acu uzmetiena ir unik\u0101la ar savu mazo korpusa uzb\u016bvi. T\u0101s gal\u0101 j\u016bs atrad\u012bsit \u0161auru E14 kontaktligzdu, kas visbie\u017e\u0101k iek\u013caujas sienas gaism\u0101s, lustr\u0101s un lamp\u0101s. P\u0101r\u0113jais ir \u0161aura iegarena spuldze (atg\u0101dina sveces liesmu), par kuru m\u0113s \u0161o spuldzi saucam par Sveci. Neskatoties uz mazajiem izm\u0113riem, tas sasniedz \u0101rk\u0101rt\u012bgi augstu gaismas efektivit\u0101ti 101 lm \/ W, kas nemazina t\u0101 kalpo\u0161anas laiku. Lai p\u0113c iesp\u0113jas ilg\u0101k saglab\u0101tu 100% apgaismojuma intensit\u0101ti, tas ir apr\u012bkots ar augst\u0101ko baro\u0161anas avotu un \u013coti labu dzes\u0113\u0161anu.<\/p>","protected":false},"excerpt":{"rendered":"<p>&nbsp;<\/p>\n<p>&nbsp;<\/p>\n<p>&nbsp;<\/p>\n","protected":false},"featured_media":28417,"comment_status":"closed","ping_status":"closed","template":"","meta":{"inline_featured_image":false},"product_cat":[772,851],"product_tag":[],"yst_prominent_words":[],"class_list":{"0":"post-28401","1":"product","2":"type-product","3":"status-publish","4":"has-post-thumbnail","6":"product_cat-atlaides","7":"product_cat-e14-spuldzes","9":"first","10":"outofstock","11":"sale","12":"taxable","13":"shipping-taxable","14":"purchasable","15":"product-type-simple"},"jetpack_sharing_enabled":true,"_links":{"self":[{"href":"https:\/\/ddt.lv\/lv\/wp-json\/wp\/v2\/product\/28401"}],"collection":[{"href":"https:\/\/ddt.lv\/lv\/wp-json\/wp\/v2\/product"}],"about":[{"href":"https:\/\/ddt.lv\/lv\/wp-json\/wp\/v2\/types\/product"}],"replies":[{"embeddable":true,"href":"https:\/\/ddt.lv\/lv\/wp-json\/wp\/v2\/comments?post=28401"}],"wp:featuredmedia":[{"embeddable":true,"href":"https:\/\/ddt.lv\/lv\/wp-json\/wp\/v2\/media\/28417"}],"wp:attachment":[{"href":"https:\/\/ddt.lv\/lv\/wp-json\/wp\/v2\/media?parent=28401"}],"wp:term":[{"taxonomy":"product_cat","embeddable":true,"href":"https:\/\/ddt.lv\/lv\/wp-json\/wp\/v2\/product_cat?post=28401"},{"taxonomy":"product_tag","embeddable":true,"href":"https:\/\/ddt.lv\/lv\/wp-json\/wp\/v2\/product_tag?post=28401"},{"taxonomy":"yst_prominent_words","embeddable":true,"href":"https:\/\/ddt.lv\/lv\/wp-json\/wp\/v2\/yst_prominent_words?post=28401"}],"curies":[{"name":"wp","href":"https:\/\/api.w.org\/{rel}","templated":true}]}}