{"id":28400,"date":"2021-09-21T11:40:20","date_gmt":"2021-09-21T08:40:20","guid":{"rendered":"https:\/\/ddt.lv\/lv\/product\/led-candle-dekorativa-e14-6w-230v-470lm-2700k-spuldze-emos\/"},"modified":"2026-04-13T09:56:38","modified_gmt":"2026-04-13T06:56:38","slug":"led-candle-dekorativa-e14-6w-230v-470lm-2700k-spuldze-emos","status":"publish","type":"product","link":"https:\/\/ddt.lv\/lv\/product\/led-candle-dekorativa-e14-6w-230v-470lm-2700k-spuldze-emos\/","title":{"rendered":"LED Candle dekorativa E14 6W 230V 470lm 2700K spuldze EMOS"},"content":{"rendered":"<p>ligzda (spuldzes tur\u0113t\u0101js) E14<br \/>\nsilti balta<br \/>\n40 W spuldzes nomai\u0146a<br \/>\nener\u0123ijas pat\u0113ri\u0146\u0161 6 W<br \/>\ngaismas pl\u016bsma \/ spilgtums 470 lm<\/p>","protected":false},"excerpt":{"rendered":"<p>ligzda (spuldzes tur\u0113t\u0101js) E14 silti balta 40 W spuldzes nomai\u0146a ener\u0123ijas pat\u0113ri\u0146\u0161 6 W gaismas pl\u016bsma \/ spilgtums 470 lm<\/p>\n","protected":false},"featured_media":28412,"comment_status":"closed","ping_status":"closed","template":"","meta":{"inline_featured_image":false},"product_cat":[851],"product_tag":[],"yst_prominent_words":[],"class_list":{"0":"post-28400","1":"product","2":"type-product","3":"status-publish","4":"has-post-thumbnail","6":"product_cat-e14-spuldzes","8":"first","9":"outofstock","10":"taxable","11":"shipping-taxable","12":"purchasable","13":"product-type-simple"},"jetpack_sharing_enabled":true,"_links":{"self":[{"href":"https:\/\/ddt.lv\/lv\/wp-json\/wp\/v2\/product\/28400"}],"collection":[{"href":"https:\/\/ddt.lv\/lv\/wp-json\/wp\/v2\/product"}],"about":[{"href":"https:\/\/ddt.lv\/lv\/wp-json\/wp\/v2\/types\/product"}],"replies":[{"embeddable":true,"href":"https:\/\/ddt.lv\/lv\/wp-json\/wp\/v2\/comments?post=28400"}],"wp:featuredmedia":[{"embeddable":true,"href":"https:\/\/ddt.lv\/lv\/wp-json\/wp\/v2\/media\/28412"}],"wp:attachment":[{"href":"https:\/\/ddt.lv\/lv\/wp-json\/wp\/v2\/media?parent=28400"}],"wp:term":[{"taxonomy":"product_cat","embeddable":true,"href":"https:\/\/ddt.lv\/lv\/wp-json\/wp\/v2\/product_cat?post=28400"},{"taxonomy":"product_tag","embeddable":true,"href":"https:\/\/ddt.lv\/lv\/wp-json\/wp\/v2\/product_tag?post=28400"},{"taxonomy":"yst_prominent_words","embeddable":true,"href":"https:\/\/ddt.lv\/lv\/wp-json\/wp\/v2\/yst_prominent_words?post=28400"}],"curies":[{"name":"wp","href":"https:\/\/api.w.org\/{rel}","templated":true}]}}