{"id":28394,"date":"2021-09-20T08:20:05","date_gmt":"2021-09-20T05:20:05","guid":{"rendered":"https:\/\/ddt.lv\/lv\/product\/led-ball-e14-8w-230v-806lm-6500k-spuldze-emos\/"},"modified":"2026-04-08T14:37:28","modified_gmt":"2026-04-08T11:37:28","slug":"led-ball-e14-8w-230v-806lm-6500k-spuldze-emos","status":"publish","type":"product","link":"https:\/\/ddt.lv\/lv\/product\/led-ball-e14-8w-230v-806lm-6500k-spuldze-emos\/","title":{"rendered":"LED BALL E14 8W 230V 806lm 6500K spuldze EMOS"},"content":{"rendered":"<p>augsta veiktsp\u0113ja<br \/>\nligzda (spuldzes tur\u0113t\u0101js) E14<br \/>\nauksti balts<br \/>\n60 W spuldzes nomai\u0146a<br \/>\nener\u0123ijas pat\u0113ri\u0146\u0161 8 W<br \/>\ngaismas pl\u016bsma \/ spilgtums 806 lm<\/p>","protected":false},"excerpt":{"rendered":"<p>augsta veiktsp\u0113ja ligzda (spuldzes tur\u0113t\u0101js) E14 auksti balts 60 W spuldzes nomai\u0146a ener\u0123ijas pat\u0113ri\u0146\u0161 8 W gaismas pl\u016bsma \/ spilgtums 806 lm<\/p>\n","protected":false},"featured_media":28408,"comment_status":"closed","ping_status":"closed","template":"","meta":{"inline_featured_image":false},"product_cat":[851],"product_tag":[],"yst_prominent_words":[],"class_list":{"0":"post-28394","1":"product","2":"type-product","3":"status-publish","4":"has-post-thumbnail","6":"product_cat-e14-spuldzes","8":"first","9":"instock","10":"taxable","11":"shipping-taxable","12":"purchasable","13":"product-type-simple"},"jetpack_sharing_enabled":true,"_links":{"self":[{"href":"https:\/\/ddt.lv\/lv\/wp-json\/wp\/v2\/product\/28394"}],"collection":[{"href":"https:\/\/ddt.lv\/lv\/wp-json\/wp\/v2\/product"}],"about":[{"href":"https:\/\/ddt.lv\/lv\/wp-json\/wp\/v2\/types\/product"}],"replies":[{"embeddable":true,"href":"https:\/\/ddt.lv\/lv\/wp-json\/wp\/v2\/comments?post=28394"}],"wp:featuredmedia":[{"embeddable":true,"href":"https:\/\/ddt.lv\/lv\/wp-json\/wp\/v2\/media\/28408"}],"wp:attachment":[{"href":"https:\/\/ddt.lv\/lv\/wp-json\/wp\/v2\/media?parent=28394"}],"wp:term":[{"taxonomy":"product_cat","embeddable":true,"href":"https:\/\/ddt.lv\/lv\/wp-json\/wp\/v2\/product_cat?post=28394"},{"taxonomy":"product_tag","embeddable":true,"href":"https:\/\/ddt.lv\/lv\/wp-json\/wp\/v2\/product_tag?post=28394"},{"taxonomy":"yst_prominent_words","embeddable":true,"href":"https:\/\/ddt.lv\/lv\/wp-json\/wp\/v2\/yst_prominent_words?post=28394"}],"curies":[{"name":"wp","href":"https:\/\/api.w.org\/{rel}","templated":true}]}}