{"id":28378,"date":"2021-09-16T11:50:20","date_gmt":"2021-09-16T08:50:20","guid":{"rendered":"https:\/\/ddt.lv\/lv\/product\/elektroenergijas-skaititajs-532a-01kwh-1faze-bemko\/"},"modified":"2026-04-13T09:56:59","modified_gmt":"2026-04-13T06:56:59","slug":"elektroenergijas-skaititajs-532a-01kwh-1faze-bemko","status":"publish","type":"product","link":"https:\/\/ddt.lv\/lv\/product\/elektroenergijas-skaititajs-532a-01kwh-1faze-bemko\/","title":{"rendered":"Elektroener\u0123ijas skait\u012bt\u0101js 10(50)A 0,1kWh 1F\u0101ze BEMKO"},"content":{"rendered":"<p>Maks. str\u0101va 50A<br \/>\nCiparu skaits displej\u0101 5+2<br \/>\nPrecizit\u0101te 0,01 kWh<br \/>\nNomin\u0101l\u0101 str\u0101va 10A<\/p>","protected":false},"excerpt":{"rendered":"<p>Maks. str\u0101va 50A Ciparu skaits displej\u0101 5+2 Precizit\u0101te 0,01 kWh Nomin\u0101l\u0101 str\u0101va 10A<\/p>\n","protected":false},"featured_media":28380,"comment_status":"closed","ping_status":"closed","template":"","meta":{"inline_featured_image":false},"product_cat":[1380],"product_tag":[],"yst_prominent_words":[],"class_list":{"0":"post-28378","1":"product","2":"type-product","3":"status-publish","4":"has-post-thumbnail","6":"product_cat-elektroenergijas-skaititaji","8":"first","9":"instock","10":"taxable","11":"shipping-taxable","12":"purchasable","13":"product-type-simple"},"jetpack_sharing_enabled":true,"_links":{"self":[{"href":"https:\/\/ddt.lv\/lv\/wp-json\/wp\/v2\/product\/28378"}],"collection":[{"href":"https:\/\/ddt.lv\/lv\/wp-json\/wp\/v2\/product"}],"about":[{"href":"https:\/\/ddt.lv\/lv\/wp-json\/wp\/v2\/types\/product"}],"replies":[{"embeddable":true,"href":"https:\/\/ddt.lv\/lv\/wp-json\/wp\/v2\/comments?post=28378"}],"wp:featuredmedia":[{"embeddable":true,"href":"https:\/\/ddt.lv\/lv\/wp-json\/wp\/v2\/media\/28380"}],"wp:attachment":[{"href":"https:\/\/ddt.lv\/lv\/wp-json\/wp\/v2\/media?parent=28378"}],"wp:term":[{"taxonomy":"product_cat","embeddable":true,"href":"https:\/\/ddt.lv\/lv\/wp-json\/wp\/v2\/product_cat?post=28378"},{"taxonomy":"product_tag","embeddable":true,"href":"https:\/\/ddt.lv\/lv\/wp-json\/wp\/v2\/product_tag?post=28378"},{"taxonomy":"yst_prominent_words","embeddable":true,"href":"https:\/\/ddt.lv\/lv\/wp-json\/wp\/v2\/yst_prominent_words?post=28378"}],"curies":[{"name":"wp","href":"https:\/\/api.w.org\/{rel}","templated":true}]}}