{"id":28321,"date":"2021-09-15T12:30:21","date_gmt":"2021-09-15T09:30:21","guid":{"rendered":"https:\/\/ddt.lv\/lv\/product\/led-gaismeklis-dusty-45w-4500lm-4000k-ip65-240v-1564mm-emos\/"},"modified":"2026-04-01T00:17:46","modified_gmt":"2026-03-31T21:17:46","slug":"led-gaismeklis-dusty-45w-4500lm-4000k-ip65-240v-1564mm-emos","status":"publish","type":"product","link":"https:\/\/ddt.lv\/lv\/product\/led-gaismeklis-dusty-45w-4500lm-4000k-ip65-240v-1564mm-emos\/","title":{"rendered":"LED gaismeklis DUSTY 45W 4500lm 4000K IP65 240V 1564mm EMOS"},"content":{"rendered":"<p>izm\u0113rs 1 564 \u00d7 53 \u00d7 35 mm<br \/>\nkr\u0101sa neitr\u0101li balta<br \/>\nIP65 aizsardz\u012bba<br \/>\nener\u0123ijas pat\u0113ri\u0146\u0161 45 W<br \/>\nCiti parametri<br \/>\nkr\u0101su temperat\u016bra 4 000 K<br \/>\n\u0137erme\u0146a kr\u0101sa balta<br \/>\nfrekvence 50\/60 Hz<br \/>\nkr\u0101su atveido\u0161anas indekss (CRI) Ra&gt; 80<br \/>\nplastmasas materi\u0101ls (PC)<br \/>\nizklied\u0113t\u0101ja materi\u0101ls plastmasa (PC)<br \/>\nspr\u0101dzes materi\u0101lam nav spr\u0101dzes<br \/>\nkorpusa materi\u0101ls plastmasa (PC)<br \/>\naptum\u0161o\u0161anas iesp\u0113ja Nr<br \/>\n2 \u00d7 36 W CFL spuldzes nomai\u0146a<br \/>\nspriegums 220\u2013240 V.<br \/>\nstr\u0101va 205 mA<br \/>\nnep\u0101rtraukta mont\u0101\u017ea j\u0101<br \/>\ndarba temperat\u016bras diapazons -20 \u00b0 C l\u012bdz +35 \u00b0 C<br \/>\naizsardz\u012bbas pak\u0101pe pret meh\u0101niskiem triecieniem IK08<br \/>\ngaismas pl\u016bsma 4500 lm tipa piena difuzors<br \/>\nmont\u0101\u017eas veids uz virsmas, piek\u0101rts, pie sienas<br \/>\ngaismas le\u0146\u0137is 120 \u00b0<br \/>\nLED gaismas avots<br \/>\nkalpo\u0161anas laiks 30 000 stundas<\/p>","protected":false},"excerpt":{"rendered":"<p>izm\u0113rs 1 564 \u00d7 53 \u00d7 35 mm kr\u0101sa neitr\u0101li balta IP65 aizsardz\u012bba ener\u0123ijas pat\u0113ri\u0146\u0161 45 W Citi parametri kr\u0101su temperat\u016bra 4 000 K \u0137erme\u0146a kr\u0101sa balta frekvence 50\/60 Hz kr\u0101su atveido\u0161anas indekss (CRI) Ra&gt; 80 plastmasas materi\u0101ls (PC) izklied\u0113t\u0101ja materi\u0101ls plastmasa (PC) spr\u0101dzes materi\u0101lam nav spr\u0101dzes korpusa materi\u0101ls plastmasa (PC) aptum\u0161o\u0161anas iesp\u0113ja Nr 2 [&hellip;]<\/p>\n","protected":false},"featured_media":28365,"comment_status":"closed","ping_status":"closed","template":"","meta":{"inline_featured_image":false},"product_cat":[903],"product_tag":[],"yst_prominent_words":[],"class_list":{"0":"post-28321","1":"product","2":"type-product","3":"status-publish","4":"has-post-thumbnail","6":"product_cat-led-lineara-tipa-gaismekli","8":"first","9":"outofstock","10":"taxable","11":"shipping-taxable","12":"purchasable","13":"product-type-simple"},"jetpack_sharing_enabled":true,"_links":{"self":[{"href":"https:\/\/ddt.lv\/lv\/wp-json\/wp\/v2\/product\/28321"}],"collection":[{"href":"https:\/\/ddt.lv\/lv\/wp-json\/wp\/v2\/product"}],"about":[{"href":"https:\/\/ddt.lv\/lv\/wp-json\/wp\/v2\/types\/product"}],"replies":[{"embeddable":true,"href":"https:\/\/ddt.lv\/lv\/wp-json\/wp\/v2\/comments?post=28321"}],"wp:featuredmedia":[{"embeddable":true,"href":"https:\/\/ddt.lv\/lv\/wp-json\/wp\/v2\/media\/28365"}],"wp:attachment":[{"href":"https:\/\/ddt.lv\/lv\/wp-json\/wp\/v2\/media?parent=28321"}],"wp:term":[{"taxonomy":"product_cat","embeddable":true,"href":"https:\/\/ddt.lv\/lv\/wp-json\/wp\/v2\/product_cat?post=28321"},{"taxonomy":"product_tag","embeddable":true,"href":"https:\/\/ddt.lv\/lv\/wp-json\/wp\/v2\/product_tag?post=28321"},{"taxonomy":"yst_prominent_words","embeddable":true,"href":"https:\/\/ddt.lv\/lv\/wp-json\/wp\/v2\/yst_prominent_words?post=28321"}],"curies":[{"name":"wp","href":"https:\/\/api.w.org\/{rel}","templated":true}]}}